{"id":106128,"date":"2026-05-05T05:58:14","date_gmt":"2026-05-05T05:58:14","guid":{"rendered":"https:\/\/go4shop.eu\/en\/product\/smartwatch-samsung-galaxy-watch6-classic-o-47-mm-silver\/"},"modified":"2026-05-05T05:58:14","modified_gmt":"2026-05-05T05:58:14","slug":"smartwatch-samsung-galaxy-watch6-classic-o-47-mm-silver","status":"publish","type":"product","link":"https:\/\/go4shop.eu\/sv\/product\/smartwatch-samsung-galaxy-watch6-classic-o-47-mm-silver\/","title":{"rendered":"Smartwatch Samsung Galaxy Watch6 Classic \u00d8 47 mm Silver"},"content":{"rendered":"<p>Om du brinner f\u00f6r <b>IT och elektronik<\/b>, som att vara uppdaterad p\u00e5 teknik och inte missa ens minsta detalj, k\u00f6pa <b> Smartwatch Samsung Galaxy Watch6 Classic \u00d8 47 mm Silver <\/b> till ett oslagbart pris.<\/p>\n<ul>\n<li>F\u00e4rg:\n<ul>\n<li>Gr\u00e5<\/li>\n<li>Silver<\/li>\n<\/ul>\n<\/li>\n<li>Inkluderar:\n<ul>\n<li>User manual<\/li>\n<li>Charger<\/li>\n<\/ul>\n<\/li>\n<li>Approx. weight: 59 g<\/li>\n<li>Battery capacity: 425 mAh<\/li>\n<li>Impermeable: 5 atm<\/li>\n<li>Radio FM: Nej<\/li>\n<li>Touchscreen: Yes<\/li>\n<li>Anslutningsm\u00f6jligheter\n<ul>\n<li>Bluetooth<\/li>\n<li>NFC<\/li>\n<\/ul>\n<\/li>\n<li>Typ av klocka: Smartklocka<\/li>\n<li>Produkt med stickpropp: Ja<\/li>\n<li>Watch case diameter: \u00d8 47 mm<\/li>\n<li>Typ av kontakt: Kontakt EU<\/li>\n<li>Str\u00f6mf\u00f6rs\u00f6rjning: Eln\u00e4t<\/li>\n<li>Internal Memory: 16 GB<\/li>\n<li>Processor: Dubbelk\u00e4rnig<\/li>\n<li>RAM Memory: 2 GB RAM<\/li>\n<li>Screen: 1,5&#8243;<\/li>\n<li>Type: Blood Pressure Monitor<\/li>\n<li>Material: Stainless steel<\/li>\n<li>Egenskaper\n<ul>\n<li>Water resistant<\/li>\n<li>Peksk\u00e4rm<\/li>\n<li>Tillryggalagd str\u00e4cka<\/li>\n<li>SMS<\/li>\n<li>5 atm<\/li>\n<li>Call and Message Notifications<\/li>\n<li>Automatic<\/li>\n<li>Magnetisk laddning<\/li>\n<\/ul>\n<\/li>\n<li>Funktioner\n<ul>\n<li>F\u00e4rgsk\u00e4rm<\/li>\n<li>Calorie Intake<\/li>\n<li>S\u00f6mmonitor<\/li>\n<li>Search for Device<\/li>\n<li>Hj\u00e4rtfrekvensmonitor<\/li>\n<\/ul>\n<\/li>\n<li>Battery type: Integrated<\/li>\n<li>Strap colour: Grey<\/li>\n<li>Shape: Circular<\/li>\n<li>IP rating: IP68<\/li>\n<li>Kamera: Nej<\/li>\n<li>USB-anslutning: Nej<\/li>\n<li>Ing\u00e5r ej: Mobiln\u00e4tverksanslutning<\/li>\n<li>Approx. autonomy: 40 hours<\/li>\n<\/ul>","protected":false},"excerpt":{"rendered":"<p>If you&#8217;re passionate about IT and electronics, like being up to date on technology and don&#8217;t miss even the slightest details, buy Smartwatch Samsung Galaxy Watch6 Classic \u00d8 47 mm Silver at an unbeatable price. Colour: Grey Silver Includes: User manual Charger Approx. weight: 59 g Battery capacity: 425 mAh Impermeable: 5 atm Radio FM: [&hellip;]<\/p>\n","protected":false},"featured_media":106122,"comment_status":"open","ping_status":"closed","template":"","meta":{"_monsterinsights_skip_tracking":false,"_monsterinsights_sitenote_active":false,"_monsterinsights_sitenote_note":"","_monsterinsights_sitenote_category":0,"_joinchat":[]},"product_brand":[],"product_cat":[1328,1329,1330],"product_tag":[1308,1307,1306],"class_list":{"0":"post-106128","1":"product","2":"type-product","3":"status-publish","4":"has-post-thumbnail","6":"product_cat-computers-electronics","7":"product_cat-electronics-phones-tablets","8":"product_cat-smartwatches","9":"product_tag-tag_1261","10":"product_tag-tag_547","11":"product_tag-tag_1295","13":"first","14":"outofstock","15":"shipping-taxable","16":"purchasable","17":"product-type-simple"},"jetpack_sharing_enabled":true,"_links":{"self":[{"href":"https:\/\/go4shop.eu\/sv\/wp-json\/wp\/v2\/product\/106128","targetHints":{"allow":["GET"]}}],"collection":[{"href":"https:\/\/go4shop.eu\/sv\/wp-json\/wp\/v2\/product"}],"about":[{"href":"https:\/\/go4shop.eu\/sv\/wp-json\/wp\/v2\/types\/product"}],"replies":[{"embeddable":true,"href":"https:\/\/go4shop.eu\/sv\/wp-json\/wp\/v2\/comments?post=106128"}],"wp:featuredmedia":[{"embeddable":true,"href":"https:\/\/go4shop.eu\/sv\/wp-json\/wp\/v2\/media\/106122"}],"wp:attachment":[{"href":"https:\/\/go4shop.eu\/sv\/wp-json\/wp\/v2\/media?parent=106128"}],"wp:term":[{"taxonomy":"product_brand","embeddable":true,"href":"https:\/\/go4shop.eu\/sv\/wp-json\/wp\/v2\/product_brand?post=106128"},{"taxonomy":"product_cat","embeddable":true,"href":"https:\/\/go4shop.eu\/sv\/wp-json\/wp\/v2\/product_cat?post=106128"},{"taxonomy":"product_tag","embeddable":true,"href":"https:\/\/go4shop.eu\/sv\/wp-json\/wp\/v2\/product_tag?post=106128"}],"curies":[{"name":"wp","href":"https:\/\/api.w.org\/{rel}","templated":true}]}}