{"id":105635,"date":"2026-04-18T00:18:09","date_gmt":"2026-04-18T00:18:09","guid":{"rendered":"https:\/\/go4shop.eu\/en\/product\/smartwatch-samsung-sm-l705faw2eub-white-15-47-mm-46-mm-o-47-mm\/"},"modified":"2026-04-18T00:18:09","modified_gmt":"2026-04-18T00:18:09","slug":"smartwatch-samsung-sm-l705faw2eub-white-15-47-mm-46-mm-o-47-mm","status":"publish","type":"product","link":"https:\/\/go4shop.eu\/sv\/product\/smartwatch-samsung-sm-l705faw2eub-white-15-47-mm-46-mm-o-47-mm\/","title":{"rendered":"Smartwatch Samsung SM-L705FAW2EUB White 1,5&#8243; 47 mm 46 mm \u00d8 47 mm"},"content":{"rendered":"<p>Om du brinner f\u00f6r <b>IT och elektronik<\/b>, som att vara uppdaterad p\u00e5 teknik och inte missa ens minsta detalj, k\u00f6pa <b> Smartwatch Samsung SM-L705FAW2EUB White 1,5&#8243; 47 mm 46 mm \u00d8 47 mm <\/b> till ett oslagbart pris.<\/p>\n<ul>\n<li>Produkt med stickpropp: Ja<\/li>\n<li>Str\u00f6mf\u00f6rs\u00f6rjning:\n<ul>\n<li>El-n\u00e4t<\/li>\n<li>Batteri<\/li>\n<\/ul>\n<\/li>\n<li>Typ av klocka: Smartklocka<\/li>\n<li>F\u00e4rg: Vit<\/li>\n<li>Anslutningsm\u00f6jligheter\n<ul>\n<li>4G<\/li>\n<li>Glonass<\/li>\n<li>BeiDou<\/li>\n<li>Galileo<\/li>\n<\/ul>\n<\/li>\n<li>Operating System: Wear OS<\/li>\n<li>Processor\n<ul>\n<li>Penta Core<\/li>\n<li>Exynos W1000<\/li>\n<\/ul>\n<\/li>\n<li>Screen: 1,5&#8243;<\/li>\n<li>Battery capacity: 590 mAh<\/li>\n<li>Technology: Super AMOLED<\/li>\n<li>Screen type: SUPER AMOLED<\/li>\n<li>Approx. dimensions: 4,7 x 4,7 x 1,2 cm<\/li>\n<li>Material:\n<ul>\n<li>Titanium<\/li>\n<li>Sapphire<\/li>\n<\/ul>\n<\/li>\n<li>Box: 47 mm<\/li>\n<li>Bracelet material: Silicone<\/li>\n<li>Strap colour: White<\/li>\n<li>Storlek:\n<ul>\n<li>L<\/li>\n<li>47 mm<\/li>\n<\/ul>\n<\/li>\n<li>Watch case colour: White<\/li>\n<li>Watch face colour: White<\/li>\n<li>Gender: Adults unisex<\/li>\n<li>GPS: Ja<\/li>\n<li>Kompatibel\n<ul>\n<li>Android<\/li>\n<li>iOS<\/li>\n<li>Bluetooth<\/li>\n<li>Google Fit<\/li>\n<li>Apple Health<\/li>\n<li>Samsung<\/li>\n<li>Android 10<\/li>\n<li>Universal<\/li>\n<li>Android 5.0+, iOS 11+<\/li>\n<\/ul>\n<\/li>\n<li>Klockarmband: Silikon<\/li>\n<li>Diameter of the box: 46 mm<\/li>\n<li>Typ av kontakt: Kontakt EU<\/li>\n<li>Sport: Swimming<\/li>\n<li>Watch case diameter: \u00d8 47 mm<\/li>\n<\/ul>","protected":false},"excerpt":{"rendered":"<p><span class=\"unit-info\">8755.3191 &euro; \/ 1 m<\/span><\/p>","protected":false},"featured_media":105631,"comment_status":"open","ping_status":"closed","template":"","meta":{"_monsterinsights_skip_tracking":false,"_monsterinsights_sitenote_active":false,"_monsterinsights_sitenote_note":"","_monsterinsights_sitenote_category":0,"_joinchat":[]},"product_brand":[],"product_cat":[1328,1329,1330],"product_tag":[1308,1307,1306],"class_list":{"0":"post-105635","1":"product","2":"type-product","3":"status-publish","4":"has-post-thumbnail","6":"product_cat-computers-electronics","7":"product_cat-electronics-phones-tablets","8":"product_cat-smartwatches","9":"product_tag-tag_1261","10":"product_tag-tag_547","11":"product_tag-tag_1295","13":"first","14":"instock","15":"shipping-taxable","16":"purchasable","17":"product-type-simple"},"jetpack_sharing_enabled":true,"_links":{"self":[{"href":"https:\/\/go4shop.eu\/sv\/wp-json\/wp\/v2\/product\/105635","targetHints":{"allow":["GET"]}}],"collection":[{"href":"https:\/\/go4shop.eu\/sv\/wp-json\/wp\/v2\/product"}],"about":[{"href":"https:\/\/go4shop.eu\/sv\/wp-json\/wp\/v2\/types\/product"}],"replies":[{"embeddable":true,"href":"https:\/\/go4shop.eu\/sv\/wp-json\/wp\/v2\/comments?post=105635"}],"wp:featuredmedia":[{"embeddable":true,"href":"https:\/\/go4shop.eu\/sv\/wp-json\/wp\/v2\/media\/105631"}],"wp:attachment":[{"href":"https:\/\/go4shop.eu\/sv\/wp-json\/wp\/v2\/media?parent=105635"}],"wp:term":[{"taxonomy":"product_brand","embeddable":true,"href":"https:\/\/go4shop.eu\/sv\/wp-json\/wp\/v2\/product_brand?post=105635"},{"taxonomy":"product_cat","embeddable":true,"href":"https:\/\/go4shop.eu\/sv\/wp-json\/wp\/v2\/product_cat?post=105635"},{"taxonomy":"product_tag","embeddable":true,"href":"https:\/\/go4shop.eu\/sv\/wp-json\/wp\/v2\/product_tag?post=105635"}],"curies":[{"name":"wp","href":"https:\/\/api.w.org\/{rel}","templated":true}]}}