{"id":105582,"date":"2026-04-15T12:53:24","date_gmt":"2026-04-15T12:53:24","guid":{"rendered":"https:\/\/go4shop.eu\/en\/product\/surveillance-camcorder-axis-02864-001\/"},"modified":"2026-04-15T12:53:24","modified_gmt":"2026-04-15T12:53:24","slug":"surveillance-camcorder-axis-02864-001","status":"publish","type":"product","link":"https:\/\/go4shop.eu\/sv\/product\/surveillance-camcorder-axis-02864-001\/","title":{"rendered":"\u00d6vervakningskamera Axis 02864-001"},"content":{"rendered":"<p>Om du gillar att ta hand om varje detalj i ditt hem och \u00e4ga de senaste produkterna som g\u00f6r ditt liv enklare, k\u00f6p <b>\u00d6vervakningskamera Axis 02864-001<\/b> till b\u00e4sta pris.<\/p>\n<ul>\n<li>Typ:\n<ul>\n<li>Videokamera<\/li>\n<li>Kabelansluten<\/li>\n<li>IP-s\u00e4kerhetskamera<\/li>\n<\/ul>\n<\/li>\n<li>F\u00e4rg: Vit<\/li>\n<li>Anslutningar\n<ul>\n<li>Ethernet LAN<\/li>\n<li>PoE x 1<\/li>\n<\/ul>\n<\/li>\n<li>Funktioner: Nattseende<\/li>\n<\/ul>","protected":false},"excerpt":{"rendered":"<p>If you like to take care of every detail in your home and own the latest products that will make your life easier, purchase Surveillance Camcorder Axis 02864-001 at the best price. Type: Videocamera Wired IP security camera Colour: White Connections: Ethernet LAN PoE x 1 Functions: Night vision<\/p>","protected":false},"featured_media":105580,"comment_status":"open","ping_status":"closed","template":"","meta":{"_monsterinsights_skip_tracking":false,"_monsterinsights_sitenote_active":false,"_monsterinsights_sitenote_note":"","_monsterinsights_sitenote_category":0,"_joinchat":[]},"product_brand":[],"product_cat":[1324,1323,1325],"product_tag":[1303,1304],"class_list":{"0":"post-105582","1":"product","2":"type-product","3":"status-publish","4":"has-post-thumbnail","6":"product_cat-automation-and-safety","7":"product_cat-home-garden","8":"product_cat-surveillance-video-cameras","9":"product_tag-tag_25","10":"product_tag-tag_556","12":"first","13":"instock","14":"shipping-taxable","15":"purchasable","16":"product-type-simple"},"jetpack_sharing_enabled":true,"_links":{"self":[{"href":"https:\/\/go4shop.eu\/sv\/wp-json\/wp\/v2\/product\/105582","targetHints":{"allow":["GET"]}}],"collection":[{"href":"https:\/\/go4shop.eu\/sv\/wp-json\/wp\/v2\/product"}],"about":[{"href":"https:\/\/go4shop.eu\/sv\/wp-json\/wp\/v2\/types\/product"}],"replies":[{"embeddable":true,"href":"https:\/\/go4shop.eu\/sv\/wp-json\/wp\/v2\/comments?post=105582"}],"wp:featuredmedia":[{"embeddable":true,"href":"https:\/\/go4shop.eu\/sv\/wp-json\/wp\/v2\/media\/105580"}],"wp:attachment":[{"href":"https:\/\/go4shop.eu\/sv\/wp-json\/wp\/v2\/media?parent=105582"}],"wp:term":[{"taxonomy":"product_brand","embeddable":true,"href":"https:\/\/go4shop.eu\/sv\/wp-json\/wp\/v2\/product_brand?post=105582"},{"taxonomy":"product_cat","embeddable":true,"href":"https:\/\/go4shop.eu\/sv\/wp-json\/wp\/v2\/product_cat?post=105582"},{"taxonomy":"product_tag","embeddable":true,"href":"https:\/\/go4shop.eu\/sv\/wp-json\/wp\/v2\/product_tag?post=105582"}],"curies":[{"name":"wp","href":"https:\/\/api.w.org\/{rel}","templated":true}]}}