{"id":105482,"date":"2026-04-14T17:53:06","date_gmt":"2026-04-14T17:53:06","guid":{"rendered":"https:\/\/go4shop.eu\/en\/product\/surveillance-camcorder-axis-q6135-le\/"},"modified":"2026-04-14T17:53:06","modified_gmt":"2026-04-14T17:53:06","slug":"overvakningskamera-axis-q6135-le","status":"publish","type":"product","link":"https:\/\/go4shop.eu\/sv\/product\/surveillance-camcorder-axis-q6135-le\/","title":{"rendered":"\u00d6vervakningskamera Axis Q6135-LE"},"content":{"rendered":"<p>Om du brinner f\u00f6r <b>IT och elektronik<\/b>, som att vara uppdaterad p\u00e5 teknik och inte missa ens minsta detalj, k\u00f6pa <b> \u00d6vervakningskamera Axis Q6135-LE <\/b> till ett oslagbart pris.<\/p>\n<ul>\n<li>Typ:\n<ul>\n<li>Kabelansluten<\/li>\n<li>Videokamera<\/li>\n<li>IP-s\u00e4kerhetskamera<\/li>\n<\/ul>\n<\/li>\n<li>Anslutningar\n<ul>\n<li>Ethernet LAN<\/li>\n<li>RJ45<\/li>\n<\/ul>\n<\/li>\n<li>Funktioner: Nattseende<\/li>\n<li>F\u00e4rg:\n<ul>\n<li>Vit<\/li>\n<li>Svart<\/li>\n<\/ul>\n<\/li>\n<li>Kompatibla minneskort: MicroSD (TransFlash), MicroSDHC, MicroSDXC<\/li>\n<li>Str\u00f6mf\u00f6rs\u00f6rjning:\n<ul>\n<li>AC, PoE<\/li>\n<li>Elkabel<\/li>\n<\/ul>\n<\/li>\n<li>Sensor: CMOS<\/li>\n<li>Antal kameror: 1<\/li>\n<li>Uppl\u00f6sning (px):\n<ul>\n<li>1080 px<\/li>\n<li>1920 x 1080 px<\/li>\n<\/ul>\n<\/li>\n<li>Material: Metall<\/li>\n<li>Egenskaper\n<ul>\n<li>Lean kontroll<\/li>\n<li>Kortl\u00e4sare<\/li>\n<li>Dataskydd\/L\u00f6senord<\/li>\n<\/ul>\n<\/li>\n<li>Anslutning: Tr\u00e5dl\u00f6s<\/li>\n<li>Montering: Tak<\/li>\n<li>Kanaler: 1<\/li>\n<li>IP-klassning: IP66<\/li>\n<li>Teknik: HDD<\/li>\n<li>Inkluderas ej:\n<ul>\n<li>Wi-Fi<\/li>\n<li>Bluetooth<\/li>\n<\/ul>\n<\/li>\n<li>Video: 1080 p<\/li>\n<li>AC-ing\u00e5ngssp\u00e4nning: 100 \u2013 240 V<\/li>\n<li>Ca. temperatur: -40\u00ba \/ 70\u00ba<\/li>\n<li>Rekommenderad anv\u00e4ndning: Inomhus\/Utomhus<\/li>\n<\/ul>","protected":false},"excerpt":{"rendered":"<p>If you&#8217;re passionate about IT and electronics, like being up to date on technology and don&#8217;t miss even the slightest details, buy Surveillance Camcorder Axis Q6135-LE at an unbeatable price. Type: Wired Videocamera IP security camera Connections: Ethernet LAN RJ45 Functions: Night vision Colour: White Black Compatible memory cards: MicroSD (TransFlash),MicroSDHC,MicroSDXC Power supply: AC,PoE Electric [&hellip;]<\/p>\n","protected":false},"featured_media":105479,"comment_status":"open","ping_status":"closed","template":"","meta":{"_monsterinsights_skip_tracking":false,"_monsterinsights_sitenote_active":false,"_monsterinsights_sitenote_note":"","_monsterinsights_sitenote_category":0,"_joinchat":[]},"product_brand":[],"product_cat":[1324,1323,1325],"product_tag":[1303,1304],"class_list":{"0":"post-105482","1":"product","2":"type-product","3":"status-publish","4":"has-post-thumbnail","6":"product_cat-automation-and-safety","7":"product_cat-home-garden","8":"product_cat-surveillance-video-cameras","9":"product_tag-tag_25","10":"product_tag-tag_556","12":"first","13":"instock","14":"shipping-taxable","15":"purchasable","16":"product-type-simple"},"jetpack_sharing_enabled":true,"_links":{"self":[{"href":"https:\/\/go4shop.eu\/sv\/wp-json\/wp\/v2\/product\/105482","targetHints":{"allow":["GET"]}}],"collection":[{"href":"https:\/\/go4shop.eu\/sv\/wp-json\/wp\/v2\/product"}],"about":[{"href":"https:\/\/go4shop.eu\/sv\/wp-json\/wp\/v2\/types\/product"}],"replies":[{"embeddable":true,"href":"https:\/\/go4shop.eu\/sv\/wp-json\/wp\/v2\/comments?post=105482"}],"wp:featuredmedia":[{"embeddable":true,"href":"https:\/\/go4shop.eu\/sv\/wp-json\/wp\/v2\/media\/105479"}],"wp:attachment":[{"href":"https:\/\/go4shop.eu\/sv\/wp-json\/wp\/v2\/media?parent=105482"}],"wp:term":[{"taxonomy":"product_brand","embeddable":true,"href":"https:\/\/go4shop.eu\/sv\/wp-json\/wp\/v2\/product_brand?post=105482"},{"taxonomy":"product_cat","embeddable":true,"href":"https:\/\/go4shop.eu\/sv\/wp-json\/wp\/v2\/product_cat?post=105482"},{"taxonomy":"product_tag","embeddable":true,"href":"https:\/\/go4shop.eu\/sv\/wp-json\/wp\/v2\/product_tag?post=105482"}],"curies":[{"name":"wp","href":"https:\/\/api.w.org\/{rel}","templated":true}]}}