{"id":105445,"date":"2026-04-14T11:18:19","date_gmt":"2026-04-14T11:18:19","guid":{"rendered":"https:\/\/go4shop.eu\/en\/product\/smartwatch-apple-mwwe3ql-a-black-177\/"},"modified":"2026-04-14T11:18:19","modified_gmt":"2026-04-14T11:18:19","slug":"smartwatch-apple-mwwe3ql-a-black-177","status":"publish","type":"product","link":"https:\/\/go4shop.eu\/sv\/product\/smartwatch-apple-mwwe3ql-a-black-177\/","title":{"rendered":"Smartklocka Apple MWWE3QL\/A Svart 1,77\u2033"},"content":{"rendered":"<p>Om du brinner f\u00f6r <b>IT och elektronik<\/b>, som att vara uppdaterad p\u00e5 teknik och inte missa ens minsta detalj, k\u00f6pa <b> Smartklocka Apple MWWE3QL\/A Svart 1,77\u2033 <\/b> till ett oslagbart pris.<\/p>\n<ul>\n<li>Typ av klocka: Smartklocka<\/li>\n<li>Produkt med stickpropp: Ja<\/li>\n<li>Typ av kontakt: Kontakt EU<\/li>\n<li>Storlek:\n<ul>\n<li>S\/M<\/li>\n<li>42 mm<\/li>\n<li>36 mm<\/li>\n<\/ul>\n<\/li>\n<li>Width: 36 mm<\/li>\n<li>Weight: 30 g<\/li>\n<li>Kompatibel\n<ul>\n<li>iOS<\/li>\n<li>Siri<\/li>\n<\/ul>\n<\/li>\n<li>Box: 42 mm<\/li>\n<li>Ungef\u00e4rliga m\u00e5tt:\n<ul>\n<li>8 x 4 x 24 cm<\/li>\n<li>4,2 x 3,6 x 1 cm<\/li>\n<\/ul>\n<\/li>\n<li>Str\u00f6mf\u00f6rs\u00f6rjning: Eln\u00e4t<\/li>\n<li>F\u00e4rg: Svart<\/li>\n<li>Internt minne: 64 GB<\/li>\n<li>Processor: Dubbelk\u00e4rnig<\/li>\n<li>Screen: 1,77&#8243;<\/li>\n<li>Material: Aluminium<\/li>\n<li>Egenskaper\n<ul>\n<li>Accelerometer<\/li>\n<li>Integrerade h\u00f6gtalare<\/li>\n<li>Peksk\u00e4rm<\/li>\n<li>Omgivande ljussensor<\/li>\n<li>Gyroskop<\/li>\n<li>Resistant to water and dust<\/li>\n<li>H\u00f6jdm\u00e4tare<\/li>\n<li>Inbyggd mikrofon<\/li>\n<li>S\u00f6mmonitor<\/li>\n<li>SMS<\/li>\n<li>Magnetisk laddning<\/li>\n<li>Sk\u00e4rm med rundade h\u00f6rn<\/li>\n<\/ul>\n<\/li>\n<li>Batterityp:\n<ul>\n<li>Integrerad<\/li>\n<li>Litiumjon<\/li>\n<\/ul>\n<\/li>\n<li>Anslutningsm\u00f6jligheter\n<ul>\n<li>Bluetooth<\/li>\n<li>Wi-Fi<\/li>\n<li>GPS<\/li>\n<li>NFC<\/li>\n<li>BeiDou<\/li>\n<li>Galileo<\/li>\n<li>Bluetooth 5.3<\/li>\n<\/ul>\n<\/li>\n<li>Form: Rektangul\u00e4r<\/li>\n<li>Kamera: Nej<\/li>\n<li>Funktioner\n<ul>\n<li>S\u00f6mmonitor<\/li>\n<li>Hj\u00e4rtfrekvensmonitor<\/li>\n<\/ul>\n<\/li>\n<li>Sladdl\u00f6s laddare: Ja<\/li>\n<li>Radio FM: Nej<\/li>\n<li>Vattent\u00e5lig: 50 m<\/li>\n<li>Teknik: OLED<\/li>\n<li>USB-anslutning: Nej<\/li>\n<li>Includes: Charger<\/li>\n<li>Rem: L\u00f6stagbar<\/li>\n<li>Ing\u00e5r ej: Mobiln\u00e4tverksanslutning<\/li>\n<li>Flashminne: 64 MB<\/li>\n<\/ul>","protected":false},"excerpt":{"rendered":"<p><span class=\"unit-info\">11430.5556 &euro; \/ 1 m<\/span><\/p>","protected":false},"featured_media":105440,"comment_status":"open","ping_status":"closed","template":"","meta":{"_monsterinsights_skip_tracking":false,"_monsterinsights_sitenote_active":false,"_monsterinsights_sitenote_note":"","_monsterinsights_sitenote_category":0,"_joinchat":[]},"product_brand":[],"product_cat":[1328,1329,1330],"product_tag":[1308,1307,1306],"class_list":{"0":"post-105445","1":"product","2":"type-product","3":"status-publish","4":"has-post-thumbnail","6":"product_cat-computers-electronics","7":"product_cat-electronics-phones-tablets","8":"product_cat-smartwatches","9":"product_tag-tag_1261","10":"product_tag-tag_547","11":"product_tag-tag_1295","13":"first","14":"instock","15":"shipping-taxable","16":"purchasable","17":"product-type-simple"},"jetpack_sharing_enabled":true,"_links":{"self":[{"href":"https:\/\/go4shop.eu\/sv\/wp-json\/wp\/v2\/product\/105445","targetHints":{"allow":["GET"]}}],"collection":[{"href":"https:\/\/go4shop.eu\/sv\/wp-json\/wp\/v2\/product"}],"about":[{"href":"https:\/\/go4shop.eu\/sv\/wp-json\/wp\/v2\/types\/product"}],"replies":[{"embeddable":true,"href":"https:\/\/go4shop.eu\/sv\/wp-json\/wp\/v2\/comments?post=105445"}],"wp:featuredmedia":[{"embeddable":true,"href":"https:\/\/go4shop.eu\/sv\/wp-json\/wp\/v2\/media\/105440"}],"wp:attachment":[{"href":"https:\/\/go4shop.eu\/sv\/wp-json\/wp\/v2\/media?parent=105445"}],"wp:term":[{"taxonomy":"product_brand","embeddable":true,"href":"https:\/\/go4shop.eu\/sv\/wp-json\/wp\/v2\/product_brand?post=105445"},{"taxonomy":"product_cat","embeddable":true,"href":"https:\/\/go4shop.eu\/sv\/wp-json\/wp\/v2\/product_cat?post=105445"},{"taxonomy":"product_tag","embeddable":true,"href":"https:\/\/go4shop.eu\/sv\/wp-json\/wp\/v2\/product_tag?post=105445"}],"curies":[{"name":"wp","href":"https:\/\/api.w.org\/{rel}","templated":true}]}}