{"id":8,"date":"2025-12-02T08:56:13","date_gmt":"2025-12-02T08:56:13","guid":{"rendered":"https:\/\/go4shop.eu\/cart\/"},"modified":"2025-12-02T08:56:13","modified_gmt":"2025-12-02T08:56:13","slug":"vagn","status":"publish","type":"page","link":"https:\/\/go4shop.eu\/sv\/cart\/","title":{"rendered":"Vagn"},"content":{"rendered":"<div data-block-name=\"woocommerce\/cart\" class=\"wp-block-woocommerce-cart alignwide is-loading\">\n<div data-block-name=\"woocommerce\/filled-cart-block\" class=\"wp-block-woocommerce-filled-cart-block\">\n<div data-block-name=\"woocommerce\/cart-items-block\" class=\"wp-block-woocommerce-cart-items-block\">\n<div data-block-name=\"woocommerce\/cart-line-items-block\" class=\"wp-block-woocommerce-cart-line-items-block\"><\/div>\n\n\n<\/div>\n\n\n\n\n<div data-block-name=\"woocommerce\/cart-totals-block\" class=\"wp-block-woocommerce-cart-totals-block\">\n<div data-block-name=\"woocommerce\/cart-order-summary-block\" class=\"wp-block-woocommerce-cart-order-summary-block\">\n<div data-block-name=\"woocommerce\/cart-order-summary-heading-block\" class=\"wp-block-woocommerce-cart-order-summary-heading-block\"><\/div><div data-block-name=\"woocommerce\/cart-order-summary-coupon-form-block\" class=\"wp-block-woocommerce-cart-order-summary-coupon-form-block\"><\/div><div data-block-name=\"woocommerce\/cart-order-summary-totals-block\" class=\"wp-block-woocommerce-cart-order-summary-totals-block\">\n<div data-block-name=\"woocommerce\/cart-order-summary-subtotal-block\" class=\"wp-block-woocommerce-cart-order-summary-subtotal-block\"><\/div>\n<div data-block-name=\"woocommerce\/cart-order-summary-discount-block\" class=\"wp-block-woocommerce-cart-order-summary-discount-block\"><\/div>\n<div data-block-name=\"woocommerce\/cart-order-summary-fee-block\" class=\"wp-block-woocommerce-cart-order-summary-fee-block\"><\/div>\n<div data-block-name=\"woocommerce\/cart-order-summary-shipping-block\" class=\"wp-block-woocommerce-cart-order-summary-shipping-block\"><\/div>\n<div data-block-name=\"woocommerce\/cart-order-summary-taxes-block\" class=\"wp-block-woocommerce-cart-order-summary-taxes-block\"><\/div><\/div>\n<\/div>\n\n\n\n<div data-block-name=\"woocommerce\/cart-express-payment-block\" class=\"wp-block-woocommerce-cart-express-payment-block\"><\/div>\n\n\n\n<div data-block-name=\"woocommerce\/proceed-to-checkout-block\" class=\"wp-block-woocommerce-proceed-to-checkout-block\"><\/div>\n\n\n\n<div data-block-name=\"woocommerce\/cart-accepted-payment-methods-block\" class=\"wp-block-woocommerce-cart-accepted-payment-methods-block\"><\/div>\n<\/div>\n<\/div>\n\n\n\n<div data-block-name=\"woocommerce\/empty-cart-block\" class=\"wp-block-woocommerce-empty-cart-block\">\n<h2 class=\"wp-block-heading has-text-align-center with-empty-cart-icon wc-block-cart__empty-cart__title\">Din kundvagn \u00e4r f\u00f6r n\u00e4rvarande tom!<\/h2>\n\n\n\n<hr class=\"wp-block-separator has-alpha-channel-opacity is-style-dots\"\/>\n\n\n\n<h2 class=\"wp-block-heading has-text-align-center\">Nytt i butiken<\/h2>\n\n\n<div data-block-name=\"woocommerce\/product-new\" data-columns=\"4\" data-rows=\"1\" class=\"wc-block-grid wp-block-product-new wp-block-woocommerce-product-new wc-block-product-new has-4-columns\"><ul class=\"wc-block-grid__products\"><li class=\"wc-block-grid__product\">\n\t\t\t\t<a href=\"https:\/\/go4shop.eu\/sv\/product\/ceramic-hair-iron-with-steam-loreal-professionnel-paris-steampod-3\/\" class=\"wc-block-grid__product-link\">\n\t\t\t\t\t\n\t\t\t\t\t<div class=\"wc-block-grid__product-image\"><img loading=\"lazy\" decoding=\"async\" width=\"550\" height=\"550\" src=\"https:\/\/go4shop.eu\/wp-content\/uploads\/2026\/04\/3665831128667_S71022601_P00-550x550.jpg\" class=\"attachment-woocommerce_thumbnail size-woocommerce_thumbnail\" alt=\"S71022601_0\" srcset=\"https:\/\/go4shop.eu\/wp-content\/uploads\/2026\/04\/3665831128667_S71022601_P00-550x550.jpg 550w, https:\/\/go4shop.eu\/wp-content\/uploads\/2026\/04\/3665831128667_S71022601_P00-300x300.jpg 300w, https:\/\/go4shop.eu\/wp-content\/uploads\/2026\/04\/3665831128667_S71022601_P00-1024x1024.jpg 1024w, https:\/\/go4shop.eu\/wp-content\/uploads\/2026\/04\/3665831128667_S71022601_P00-150x150.jpg 150w, https:\/\/go4shop.eu\/wp-content\/uploads\/2026\/04\/3665831128667_S71022601_P00-768x768.jpg 768w, https:\/\/go4shop.eu\/wp-content\/uploads\/2026\/04\/3665831128667_S71022601_P00-12x12.jpg 12w, https:\/\/go4shop.eu\/wp-content\/uploads\/2026\/04\/3665831128667_S71022601_P00.jpg 1200w\" sizes=\"auto, (max-width: 550px) 100vw, 550px\" \/><\/div>\n\t\t\t\t\t<div class=\"wc-block-grid__product-title\">Ceramic Hair Iron with Steam L&#8217;Oreal Professionnel Paris Steampod 3<\/div>\n\t\t\t\t<\/a>\n\t\t\t\t<div class=\"wc-block-grid__product-price price\"><span class=\"woocommerce-Price-amount amount\">359.40&nbsp;<span class=\"woocommerce-Price-currencySymbol\">\u20ac<\/span><\/span><\/div>\n\t\t\t\t\n\t\t\t\t<div class=\"wp-block-button wc-block-grid__product-add-to-cart\"><a href=\"\/sv\/wp-json\/wp\/v2\/pages\/8?add-to-cart=105160\" aria-label=\"L\u00e4gg till i varukorg: \u201cCeramic Hair Iron with Steam L&#039;Oreal Professionnel Paris Steampod 3\u201d\" data-quantity=\"1\" data-product_id=\"105160\" data-product_sku=\"S71022601\" data-price=\"359.4\" rel=\"nofollow\" class=\"wp-block-button__link wp-element-button add_to_cart_button ajax_add_to_cart\" data-no-translation=\"\" data-trp-gettext=\"\" data-no-translation-aria-label=\"\">L\u00e4gg till i varukorgen<\/a><\/div>\n\t\t\t<\/li><li class=\"wc-block-grid__product\">\n\t\t\t\t<a href=\"https:\/\/go4shop.eu\/sv\/product\/surveillance-camcorder-axis-01952-001\/\" class=\"wc-block-grid__product-link\">\n\t\t\t\t\t\n\t\t\t\t\t<div class=\"wc-block-grid__product-image\"><img loading=\"lazy\" decoding=\"async\" width=\"550\" height=\"550\" src=\"https:\/\/go4shop.eu\/wp-content\/uploads\/2026\/04\/7331021069572_I00-550x550.jpg\" class=\"attachment-woocommerce_thumbnail size-woocommerce_thumbnail\" alt=\"S55318029_0\" srcset=\"https:\/\/go4shop.eu\/wp-content\/uploads\/2026\/04\/7331021069572_I00-550x550.jpg 550w, https:\/\/go4shop.eu\/wp-content\/uploads\/2026\/04\/7331021069572_I00-300x300.jpg 300w, https:\/\/go4shop.eu\/wp-content\/uploads\/2026\/04\/7331021069572_I00-1024x1024.jpg 1024w, https:\/\/go4shop.eu\/wp-content\/uploads\/2026\/04\/7331021069572_I00-150x150.jpg 150w, https:\/\/go4shop.eu\/wp-content\/uploads\/2026\/04\/7331021069572_I00-768x768.jpg 768w, https:\/\/go4shop.eu\/wp-content\/uploads\/2026\/04\/7331021069572_I00-12x12.jpg 12w, https:\/\/go4shop.eu\/wp-content\/uploads\/2026\/04\/7331021069572_I00.jpg 1200w\" sizes=\"auto, (max-width: 550px) 100vw, 550px\" \/><\/div>\n\t\t\t\t\t<div class=\"wc-block-grid__product-title\">Surveillance Camcorder Axis 01952-001<\/div>\n\t\t\t\t<\/a>\n\t\t\t\t<div class=\"wc-block-grid__product-price price\"><span class=\"woocommerce-Price-amount amount\">279&nbsp;<span class=\"woocommerce-Price-currencySymbol\">\u20ac<\/span><\/span><\/div>\n\t\t\t\t\n\t\t\t\t<div class=\"wp-block-button wc-block-grid__product-add-to-cart\"><a href=\"\/sv\/wp-json\/wp\/v2\/pages\/8?add-to-cart=105150\" aria-label=\"L\u00e4gg till i varukorg: \u201cSurveillance Camcorder Axis 01952-001\u201d\" data-quantity=\"1\" data-product_id=\"105150\" data-product_sku=\"S55318029\" data-price=\"279\" rel=\"nofollow\" class=\"wp-block-button__link wp-element-button add_to_cart_button ajax_add_to_cart\" data-no-translation=\"\" data-trp-gettext=\"\" data-no-translation-aria-label=\"\">L\u00e4gg till i varukorgen<\/a><\/div>\n\t\t\t<\/li><li class=\"wc-block-grid__product\">\n\t\t\t\t<a href=\"https:\/\/go4shop.eu\/sv\/product\/watch-strap-apple-mxmc3zm-a\/\" class=\"wc-block-grid__product-link\">\n\t\t\t\t\t\n\t\t\t\t\t<div class=\"wc-block-grid__product-image\"><img loading=\"lazy\" decoding=\"async\" width=\"550\" height=\"550\" src=\"https:\/\/go4shop.eu\/wp-content\/uploads\/2026\/04\/0195949658105_S77207782_P00-550x550.jpg\" class=\"attachment-woocommerce_thumbnail size-woocommerce_thumbnail\" alt=\"M0811662_0\" srcset=\"https:\/\/go4shop.eu\/wp-content\/uploads\/2026\/04\/0195949658105_S77207782_P00-550x550.jpg 550w, https:\/\/go4shop.eu\/wp-content\/uploads\/2026\/04\/0195949658105_S77207782_P00-300x300.jpg 300w, https:\/\/go4shop.eu\/wp-content\/uploads\/2026\/04\/0195949658105_S77207782_P00-1024x1024.jpg 1024w, https:\/\/go4shop.eu\/wp-content\/uploads\/2026\/04\/0195949658105_S77207782_P00-150x150.jpg 150w, https:\/\/go4shop.eu\/wp-content\/uploads\/2026\/04\/0195949658105_S77207782_P00-768x768.jpg 768w, https:\/\/go4shop.eu\/wp-content\/uploads\/2026\/04\/0195949658105_S77207782_P00-12x12.jpg 12w, https:\/\/go4shop.eu\/wp-content\/uploads\/2026\/04\/0195949658105_S77207782_P00.jpg 1200w\" sizes=\"auto, (max-width: 550px) 100vw, 550px\" \/><\/div>\n\t\t\t\t\t<div class=\"wc-block-grid__product-title\">Watch Strap Apple MXMC3ZM\/A<\/div>\n\t\t\t\t<\/a>\n\t\t\t\t<div class=\"wc-block-grid__product-price price\"><span class=\"woocommerce-Price-amount amount\">425&nbsp;<span class=\"woocommerce-Price-currencySymbol\">\u20ac<\/span><\/span><\/div>\n\t\t\t\t\n\t\t\t\t<div class=\"wp-block-button wc-block-grid__product-add-to-cart\"><a href=\"\/sv\/wp-json\/wp\/v2\/pages\/8?add-to-cart=105138\" aria-label=\"L\u00e4gg till i varukorg: \u201cWatch Strap Apple MXMC3ZM\/A\u201d\" data-quantity=\"1\" data-product_id=\"105138\" data-product_sku=\"M0811662\" data-price=\"425\" rel=\"nofollow\" class=\"wp-block-button__link wp-element-button add_to_cart_button ajax_add_to_cart\" data-no-translation=\"\" data-trp-gettext=\"\" data-no-translation-aria-label=\"\">L\u00e4gg till i varukorgen<\/a><\/div>\n\t\t\t<\/li><li class=\"wc-block-grid__product\">\n\t\t\t\t<a href=\"https:\/\/go4shop.eu\/sv\/product\/watch-strap-apple-watch-46\/\" class=\"wc-block-grid__product-link\">\n\t\t\t\t\t\n\t\t\t\t\t<div class=\"wc-block-grid__product-image\"><img loading=\"lazy\" decoding=\"async\" width=\"550\" height=\"550\" src=\"https:\/\/go4shop.eu\/wp-content\/uploads\/2026\/04\/0195949658181_I00-550x550.jpg\" class=\"attachment-woocommerce_thumbnail size-woocommerce_thumbnail\" alt=\"M0811665_0\" srcset=\"https:\/\/go4shop.eu\/wp-content\/uploads\/2026\/04\/0195949658181_I00-550x550.jpg 550w, https:\/\/go4shop.eu\/wp-content\/uploads\/2026\/04\/0195949658181_I00-300x300.jpg 300w, https:\/\/go4shop.eu\/wp-content\/uploads\/2026\/04\/0195949658181_I00-1024x1024.jpg 1024w, https:\/\/go4shop.eu\/wp-content\/uploads\/2026\/04\/0195949658181_I00-150x150.jpg 150w, https:\/\/go4shop.eu\/wp-content\/uploads\/2026\/04\/0195949658181_I00-768x768.jpg 768w, https:\/\/go4shop.eu\/wp-content\/uploads\/2026\/04\/0195949658181_I00-12x12.jpg 12w, https:\/\/go4shop.eu\/wp-content\/uploads\/2026\/04\/0195949658181_I00.jpg 1200w\" sizes=\"auto, (max-width: 550px) 100vw, 550px\" \/><\/div>\n\t\t\t\t\t<div class=\"wc-block-grid__product-title\">Watch Strap Apple WATCH 46<\/div>\n\t\t\t\t<\/a>\n\t\t\t\t<div class=\"wc-block-grid__product-price price\"><span class=\"woocommerce-Price-amount amount\">425&nbsp;<span class=\"woocommerce-Price-currencySymbol\">\u20ac<\/span><\/span><\/div>\n\t\t\t\t\n\t\t\t\t<div class=\"wp-block-button wc-block-grid__product-add-to-cart\"><a href=\"\/sv\/wp-json\/wp\/v2\/pages\/8?add-to-cart=105130\" aria-label=\"L\u00e4gg till i varukorg: \u201cWatch Strap Apple WATCH 46\u201d\" data-quantity=\"1\" data-product_id=\"105130\" data-product_sku=\"M0811665\" data-price=\"425\" rel=\"nofollow\" class=\"wp-block-button__link wp-element-button add_to_cart_button ajax_add_to_cart\" data-no-translation=\"\" data-trp-gettext=\"\" data-no-translation-aria-label=\"\">L\u00e4gg till i varukorgen<\/a><\/div>\n\t\t\t<\/li><\/ul><\/div><\/div>\n<\/div>","protected":false},"excerpt":{"rendered":"","protected":false},"author":1,"featured_media":0,"parent":0,"menu_order":0,"comment_status":"closed","ping_status":"closed","template":"","meta":{"_monsterinsights_skip_tracking":false,"_monsterinsights_sitenote_active":false,"_monsterinsights_sitenote_note":"","_monsterinsights_sitenote_category":0,"_joinchat":[],"footnotes":""},"class_list":["post-8","page","type-page","status-publish","hentry"],"jetpack_sharing_enabled":true,"_links":{"self":[{"href":"https:\/\/go4shop.eu\/sv\/wp-json\/wp\/v2\/pages\/8","targetHints":{"allow":["GET"]}}],"collection":[{"href":"https:\/\/go4shop.eu\/sv\/wp-json\/wp\/v2\/pages"}],"about":[{"href":"https:\/\/go4shop.eu\/sv\/wp-json\/wp\/v2\/types\/page"}],"author":[{"embeddable":true,"href":"https:\/\/go4shop.eu\/sv\/wp-json\/wp\/v2\/users\/1"}],"replies":[{"embeddable":true,"href":"https:\/\/go4shop.eu\/sv\/wp-json\/wp\/v2\/comments?post=8"}],"version-history":[{"count":0,"href":"https:\/\/go4shop.eu\/sv\/wp-json\/wp\/v2\/pages\/8\/revisions"}],"wp:attachment":[{"href":"https:\/\/go4shop.eu\/sv\/wp-json\/wp\/v2\/media?parent=8"}],"curies":[{"name":"wp","href":"https:\/\/api.w.org\/{rel}","templated":true}]}}