{"id":105083,"date":"2026-04-02T03:33:11","date_gmt":"2026-04-02T03:33:11","guid":{"rendered":"https:\/\/go4shop.eu\/en\/product\/network-video-recorder-axis-02809-002-4-tb-hdd\/"},"modified":"2026-04-02T07:06:35","modified_gmt":"2026-04-02T07:06:35","slug":"network-video-recorder-axis-02809-002-4-tb-hdd","status":"publish","type":"product","link":"https:\/\/go4shop.eu\/lt\/product\/network-video-recorder-axis-02809-002-4-tb-hdd\/","title":{"rendered":"Network Video Recorder Axis 02809-002 4 TB HDD"},"content":{"rendered":"<p>Jei esate aistringas <b>IT ir elektronika<\/b>, m\u0117gstate b\u016bti naujausios technologijos ir nepraleid\u017eiate net menkiausi\u0173 detali\u0173, \u012fsigykite <b> Network Video Recorder Axis 02809-002 4 TB HDD <\/b> u\u017e neprilygstam\u0105 kain\u0105.<\/p>\n<ul>\n<li>Produktas su ki\u0161tuku: Taip<\/li>\n<li>Type: Network Video Recorder<\/li>\n<li>Ki\u0161tuko tipas: Ki\u0161tukas ES<\/li>\n<li>Maitinimo \u0161altinis:\n<ul>\n<li>Elektros tinklas<\/li>\n<li>CA kabelis<\/li>\n<\/ul>\n<\/li>\n<li>Spalva: juoda<\/li>\n<li>Ry\u0161iai:\n<ul>\n<li>USB 2.0<\/li>\n<li>2<\/li>\n<li>RJ45<\/li>\n<li>USB-A 3.2<\/li>\n<li>HDMI x 2<\/li>\n<\/ul>\n<\/li>\n<li>Kietasis diskas:\n<ul>\n<li>4 TB HDD<\/li>\n<li>256 GB SSD<\/li>\n<\/ul>\n<\/li>\n<li>RAM atmintis: 16 GB RAM<\/li>\n<li>Kintamosios srov\u0117s \u012fvesties da\u017enis: 50-60 Hz<\/li>\n<li>Energy consumption: 130 kWh<\/li>\n<li>Chassis assembly: 1U<\/li>\n<li>AC input voltage: 100 &#8211; 240 V<\/li>\n<\/ul>","protected":false},"excerpt":{"rendered":"<p>If you&#8217;re passionate about IT and electronics, like being up to date on technology and don&#8217;t miss even the slightest details, buy Network Video Recorder Axis 02809-002 4 TB HDD at an unbeatable price. Product with plug: Yes Type: Network Video Recorder Type of plug: Plug EU Power supply: Electric Network CA cable Colour: Black [&hellip;]<\/p>\n","protected":false},"featured_media":105080,"comment_status":"open","ping_status":"closed","template":"","meta":{"_monsterinsights_skip_tracking":false,"_monsterinsights_sitenote_active":false,"_monsterinsights_sitenote_note":"","_monsterinsights_sitenote_category":0,"_joinchat":[]},"product_brand":[],"product_cat":[1324,1323,1325],"product_tag":[1303,1304],"class_list":{"0":"post-105083","1":"product","2":"type-product","3":"status-publish","4":"has-post-thumbnail","6":"product_cat-automation-and-safety","7":"product_cat-home-garden","8":"product_cat-surveillance-video-cameras","9":"product_tag-tag_25","10":"product_tag-tag_556","12":"first","13":"instock","14":"shipping-taxable","15":"purchasable","16":"product-type-simple"},"jetpack_sharing_enabled":true,"_links":{"self":[{"href":"https:\/\/go4shop.eu\/lt\/wp-json\/wp\/v2\/product\/105083","targetHints":{"allow":["GET"]}}],"collection":[{"href":"https:\/\/go4shop.eu\/lt\/wp-json\/wp\/v2\/product"}],"about":[{"href":"https:\/\/go4shop.eu\/lt\/wp-json\/wp\/v2\/types\/product"}],"replies":[{"embeddable":true,"href":"https:\/\/go4shop.eu\/lt\/wp-json\/wp\/v2\/comments?post=105083"}],"wp:featuredmedia":[{"embeddable":true,"href":"https:\/\/go4shop.eu\/lt\/wp-json\/wp\/v2\/media\/105080"}],"wp:attachment":[{"href":"https:\/\/go4shop.eu\/lt\/wp-json\/wp\/v2\/media?parent=105083"}],"wp:term":[{"taxonomy":"product_brand","embeddable":true,"href":"https:\/\/go4shop.eu\/lt\/wp-json\/wp\/v2\/product_brand?post=105083"},{"taxonomy":"product_cat","embeddable":true,"href":"https:\/\/go4shop.eu\/lt\/wp-json\/wp\/v2\/product_cat?post=105083"},{"taxonomy":"product_tag","embeddable":true,"href":"https:\/\/go4shop.eu\/lt\/wp-json\/wp\/v2\/product_tag?post=105083"}],"curies":[{"name":"wp","href":"https:\/\/api.w.org\/{rel}","templated":true}]}}