{"id":105065,"date":"2026-04-01T22:13:04","date_gmt":"2026-04-01T22:13:04","guid":{"rendered":"https:\/\/go4shop.eu\/en\/product\/hairdryer-parlux-elysium-black\/"},"modified":"2026-04-02T07:06:35","modified_gmt":"2026-04-02T07:06:35","slug":"hairdryer-parlux-elysium-black","status":"publish","type":"product","link":"https:\/\/go4shop.eu\/lt\/product\/hairdryer-parlux-elysium-black\/","title":{"rendered":"Hairdryer Parlux ELYSIUM Black"},"content":{"rendered":"<p>Jei ie\u0161kote buitin\u0117s technikos geriausiomis kainomis, nepraleiskite <b>Hairdryer Parlux ELYSIUM Black<\/b> ir plat\u0173 smulki\u0173 buitini\u0173 prietais\u0173 pasirinkim\u0105!<\/p>\n<ul>\n<li>Produktas su ki\u0161tuku: Taip<\/li>\n<li>Type: Hairdryer<\/li>\n<li>Maitinimo \u0161altinis: Elektros tinklas<\/li>\n<li>Spalva: juoda<\/li>\n<li>Lytis: Unisex<\/li>\n<li>Ki\u0161tuko tipas: Ki\u0161tukas ES<\/li>\n<\/ul>","protected":false},"excerpt":{"rendered":"<p>If you are looking for household appliances at the best prices, don&#8217;t miss the Hairdryer Parlux ELYSIUM Black and a wide selection of small household appliances! Product with plug: Yes Type: Hairdryer Power supply: Electric Network Colour: Black Gender: Unisex Type of plug: Plug EU<\/p>","protected":false},"featured_media":105064,"comment_status":"open","ping_status":"closed","template":"","meta":{"_monsterinsights_skip_tracking":false,"_monsterinsights_sitenote_active":false,"_monsterinsights_sitenote_note":"","_monsterinsights_sitenote_category":0,"_joinchat":[]},"product_brand":[],"product_cat":[1320,1319,1309],"product_tag":[1300,1301],"class_list":{"0":"post-105065","1":"product","2":"type-product","3":"status-publish","4":"has-post-thumbnail","6":"product_cat-hair-dryers","7":"product_cat-hair-products","8":"product_cat-health-beauty","9":"product_tag-tag_923","10":"product_tag-tag_930","12":"first","13":"instock","14":"shipping-taxable","15":"purchasable","16":"product-type-simple"},"jetpack_sharing_enabled":true,"_links":{"self":[{"href":"https:\/\/go4shop.eu\/lt\/wp-json\/wp\/v2\/product\/105065","targetHints":{"allow":["GET"]}}],"collection":[{"href":"https:\/\/go4shop.eu\/lt\/wp-json\/wp\/v2\/product"}],"about":[{"href":"https:\/\/go4shop.eu\/lt\/wp-json\/wp\/v2\/types\/product"}],"replies":[{"embeddable":true,"href":"https:\/\/go4shop.eu\/lt\/wp-json\/wp\/v2\/comments?post=105065"}],"wp:featuredmedia":[{"embeddable":true,"href":"https:\/\/go4shop.eu\/lt\/wp-json\/wp\/v2\/media\/105064"}],"wp:attachment":[{"href":"https:\/\/go4shop.eu\/lt\/wp-json\/wp\/v2\/media?parent=105065"}],"wp:term":[{"taxonomy":"product_brand","embeddable":true,"href":"https:\/\/go4shop.eu\/lt\/wp-json\/wp\/v2\/product_brand?post=105065"},{"taxonomy":"product_cat","embeddable":true,"href":"https:\/\/go4shop.eu\/lt\/wp-json\/wp\/v2\/product_cat?post=105065"},{"taxonomy":"product_tag","embeddable":true,"href":"https:\/\/go4shop.eu\/lt\/wp-json\/wp\/v2\/product_tag?post=105065"}],"curies":[{"name":"wp","href":"https:\/\/api.w.org\/{rel}","templated":true}]}}