{"id":104994,"date":"2026-04-01T10:53:05","date_gmt":"2026-04-01T10:53:05","guid":{"rendered":"https:\/\/go4shop.eu\/en\/product\/surveillance-camcorder-axis-m5075\/"},"modified":"2026-04-02T07:06:35","modified_gmt":"2026-04-02T07:06:35","slug":"surveillance-camcorder-axis-m5075","status":"publish","type":"product","link":"https:\/\/go4shop.eu\/lt\/product\/surveillance-camcorder-axis-m5075\/","title":{"rendered":"Surveillance Camcorder Axis M5075"},"content":{"rendered":"<p>Jei esate aistringas <b>IT ir elektronika<\/b>, m\u0117gstate b\u016bti naujausios technologijos ir nepraleid\u017eiate net menkiausi\u0173 detali\u0173, \u012fsigykite <b> Surveillance Camcorder Axis M5075 <\/b> u\u017e neprilygstam\u0105 kain\u0105.<\/p>\n<ul>\n<li>\u012e komplekt\u0105 \u012feina:\n<ul>\n<li>Savaranki\u0161ko surinkimo rinkinys<\/li>\n<li>Naudotojo vadovas<\/li>\n<\/ul>\n<\/li>\n<li>Ry\u0161iai:\n<ul>\n<li>Ethernet LAN<\/li>\n<li>PoE x 1<\/li>\n<li>RJ45<\/li>\n<\/ul>\n<\/li>\n<li>Funkcijos: Naktinis matymas<\/li>\n<li>Tipas:\n<ul>\n<li>Vaizdo kamera<\/li>\n<li>Belaidis<\/li>\n<li>IP apsaugos kamera<\/li>\n<\/ul>\n<\/li>\n<li>Spalva: balta<\/li>\n<li>Camera: 2 Mp<\/li>\n<li>Internal Memory: 1 GB<\/li>\n<li>Jutiklis: CMOS<\/li>\n<li>Kamer\u0173 skai\u010dius: 1<\/li>\n<li>Skiriamoji geba (px): 1920 x 1080 px<\/li>\n<li>Savyb\u0117s:\n<ul>\n<li>Liekna kontrol\u0117<\/li>\n<li>\u012emontuotas mikrofonas<\/li>\n<li>Belaidis<\/li>\n<li>Korteli\u0173 skaitytuvas<\/li>\n<li>Prijunkite ir naudokite<\/li>\n<li>Veikimo indikatorius LED<\/li>\n<li>Duomen\u0173 apsauga \/ slapta\u017eodis<\/li>\n<\/ul>\n<\/li>\n<li>Assembly: Ceiling<\/li>\n<li>Technology: HDD<\/li>\n<li>Ne\u012ftrauktas:\n<ul>\n<li>\"WiFi\"<\/li>\n<li>\"Bluetooth\"<\/li>\n<\/ul>\n<\/li>\n<li>Length: 13 cm<\/li>\n<li>Plotis: 13 cm<\/li>\n<li>Darbinis dr\u0117gm\u0117s diapazonas: 10 % - 90 %<\/li>\n<li>Lenses: x1<\/li>\n<\/ul>","protected":false},"excerpt":{"rendered":"<p><span class=\"unit-info\">6207.6923 &euro; \/ 1 m<\/span><\/p>","protected":false},"featured_media":104993,"comment_status":"open","ping_status":"closed","template":"","meta":{"_monsterinsights_skip_tracking":false,"_monsterinsights_sitenote_active":false,"_monsterinsights_sitenote_note":"","_monsterinsights_sitenote_category":0,"_joinchat":[]},"product_brand":[],"product_cat":[1324,1323,1325],"product_tag":[1303,1304],"class_list":{"0":"post-104994","1":"product","2":"type-product","3":"status-publish","4":"has-post-thumbnail","6":"product_cat-automation-and-safety","7":"product_cat-home-garden","8":"product_cat-surveillance-video-cameras","9":"product_tag-tag_25","10":"product_tag-tag_556","12":"first","13":"instock","14":"shipping-taxable","15":"purchasable","16":"product-type-simple"},"jetpack_sharing_enabled":true,"_links":{"self":[{"href":"https:\/\/go4shop.eu\/lt\/wp-json\/wp\/v2\/product\/104994","targetHints":{"allow":["GET"]}}],"collection":[{"href":"https:\/\/go4shop.eu\/lt\/wp-json\/wp\/v2\/product"}],"about":[{"href":"https:\/\/go4shop.eu\/lt\/wp-json\/wp\/v2\/types\/product"}],"replies":[{"embeddable":true,"href":"https:\/\/go4shop.eu\/lt\/wp-json\/wp\/v2\/comments?post=104994"}],"wp:featuredmedia":[{"embeddable":true,"href":"https:\/\/go4shop.eu\/lt\/wp-json\/wp\/v2\/media\/104993"}],"wp:attachment":[{"href":"https:\/\/go4shop.eu\/lt\/wp-json\/wp\/v2\/media?parent=104994"}],"wp:term":[{"taxonomy":"product_brand","embeddable":true,"href":"https:\/\/go4shop.eu\/lt\/wp-json\/wp\/v2\/product_brand?post=104994"},{"taxonomy":"product_cat","embeddable":true,"href":"https:\/\/go4shop.eu\/lt\/wp-json\/wp\/v2\/product_cat?post=104994"},{"taxonomy":"product_tag","embeddable":true,"href":"https:\/\/go4shop.eu\/lt\/wp-json\/wp\/v2\/product_tag?post=104994"}],"curies":[{"name":"wp","href":"https:\/\/api.w.org\/{rel}","templated":true}]}}