{"id":104987,"date":"2026-03-31T19:18:09","date_gmt":"2026-03-31T19:18:09","guid":{"rendered":"https:\/\/go4shop.eu\/en\/product\/smartwatch-huawei-watch-gt-5-blue-46-mm\/"},"modified":"2026-04-02T07:06:35","modified_gmt":"2026-04-02T07:06:35","slug":"smartwatch-huawei-watch-gt-5-blue-46-mm","status":"publish","type":"product","link":"https:\/\/go4shop.eu\/lt\/product\/smartwatch-huawei-watch-gt-5-blue-46-mm\/","title":{"rendered":"I\u0161manusis laikrodis Huawei Watch GT 5 M\u0117lynas 46 mm"},"content":{"rendered":"<p>If you like keeping up with the latest fashion and accessory trends, buy <b>I\u0161manusis laikrodis Huawei Watch GT 5 M\u0117lynas 46 mm<\/b> u\u017e geriausi\u0105 kain\u0105.<\/p>\n<ul>\n<li>Gender: Men<\/li>\n<li>Ekranas:\n<ul>\n<li>1,32&#8243;<\/li>\n<li>1,43&#8243;<\/li>\n<\/ul>\n<\/li>\n<li>Apytiksl\u0117 autonomija:\n<ul>\n<li>168 hours<\/li>\n<li>336 hours<\/li>\n<\/ul>\n<\/li>\n<li>Extra links: No<\/li>\n<li>Type of watch:\n<ul>\n<li>Wristwatch<\/li>\n<li>Smartwatch<\/li>\n<\/ul>\n<\/li>\n<li>Produktas su ki\u0161tuku: Taip<\/li>\n<li>Ki\u0161tuko tipas: Ki\u0161tukas ES<\/li>\n<li>Maitinimo \u0161altinis: Elektros tinklas<\/li>\n<li>Spalva: m\u0117lyna<\/li>\n<li>Technologijos: AMOLED<\/li>\n<li>Med\u017eiaga:\n<ul>\n<li>Stiklas<\/li>\n<li>Ner\u016bdijantis plienas<\/li>\n<\/ul>\n<\/li>\n<li>Savyb\u0117s:\n<ul>\n<li>Akselerometras<\/li>\n<li>Integruoti garsiakalbiai<\/li>\n<li>Barometras<\/li>\n<li>Aplinkos \u0161viesos jutiklis<\/li>\n<li>Giroskopas<\/li>\n<li>\u012emontuotas mikrofonas<\/li>\n<li>Optinis jutiklis<\/li>\n<li>Chronometras<\/li>\n<li>Garantija<\/li>\n<li>SMS<\/li>\n<li>5 atm<\/li>\n<li>Deguonies kiekio kraujyje jutiklis<\/li>\n<\/ul>\n<\/li>\n<li>Funkcijos:\n<ul>\n<li>Pedometras<\/li>\n<li>Suvartojam\u0173 kalorij\u0173 kiekis<\/li>\n<li>Miego monitorius<\/li>\n<li>\u0160irdies da\u017enio monitorius<\/li>\n<\/ul>\n<\/li>\n<li>Akumuliatoriaus tipas:\n<ul>\n<li>Integruotas<\/li>\n<li>\u012ekraunama li\u010dio baterija<\/li>\n<\/ul>\n<\/li>\n<li>Ry\u0161iai:\n<ul>\n<li>\"Bluetooth\"<\/li>\n<li>GPS<\/li>\n<li>NFC<\/li>\n<li>\"Bluetooth 5.2<\/li>\n<li>\"Bluetooth Low Energy<\/li>\n<\/ul>\n<\/li>\n<li>Box: 46 mm<\/li>\n<li>Forma: Apskritas<\/li>\n<li>Fotoaparatas: Ne<\/li>\n<li>Belaidis \u012fkroviklis: Taip<\/li>\n<li>Ne\u012ftrauktas:\n<ul>\n<li>\"WiFi\"<\/li>\n<li>Mobiliojo tinklo ry\u0161ys<\/li>\n<\/ul>\n<\/li>\n<li>Tipas: Vibruojantis<\/li>\n<li>Battery operated: 1 Pol\u00edmero de litio<\/li>\n<li>USB jungtis: Ne<\/li>\n<li>\u012e komplekt\u0105 \u012feina:\n<ul>\n<li>\u012ekroviklis<\/li>\n<li>Naudotojo vadovas<\/li>\n<\/ul>\n<\/li>\n<li>Approx. dimensions: 140 mm<\/li>\n<li>Diagonal of the screen (cm): 3,6 cm<\/li>\n<\/ul>","protected":false},"excerpt":{"rendered":"<p>If you like keeping up with the latest fashion and accessory trends, buy Smartwatch Huawei Watch GT 5 Blue 46 mm at the best price. Gender: Men Screen: 1,32&#8243; 1,43&#8243; Approx. autonomy: 168 hours 336 hours Extra links: No Type of watch: Wristwatch Smartwatch Product with plug: Yes Type of plug: Plug EU Power supply: [&hellip;]<\/p>\n","protected":false},"featured_media":104983,"comment_status":"open","ping_status":"closed","template":"","meta":{"_monsterinsights_skip_tracking":false,"_monsterinsights_sitenote_active":false,"_monsterinsights_sitenote_note":"","_monsterinsights_sitenote_category":0,"_joinchat":[]},"product_brand":[],"product_cat":[1328,1329,1330],"product_tag":[1308,1307,1306],"class_list":{"0":"post-104987","1":"product","2":"type-product","3":"status-publish","4":"has-post-thumbnail","6":"product_cat-computers-electronics","7":"product_cat-electronics-phones-tablets","8":"product_cat-smartwatches","9":"product_tag-tag_1261","10":"product_tag-tag_547","11":"product_tag-tag_1295","13":"first","14":"outofstock","15":"shipping-taxable","16":"purchasable","17":"product-type-simple"},"jetpack_sharing_enabled":true,"_links":{"self":[{"href":"https:\/\/go4shop.eu\/lt\/wp-json\/wp\/v2\/product\/104987","targetHints":{"allow":["GET"]}}],"collection":[{"href":"https:\/\/go4shop.eu\/lt\/wp-json\/wp\/v2\/product"}],"about":[{"href":"https:\/\/go4shop.eu\/lt\/wp-json\/wp\/v2\/types\/product"}],"replies":[{"embeddable":true,"href":"https:\/\/go4shop.eu\/lt\/wp-json\/wp\/v2\/comments?post=104987"}],"wp:featuredmedia":[{"embeddable":true,"href":"https:\/\/go4shop.eu\/lt\/wp-json\/wp\/v2\/media\/104983"}],"wp:attachment":[{"href":"https:\/\/go4shop.eu\/lt\/wp-json\/wp\/v2\/media?parent=104987"}],"wp:term":[{"taxonomy":"product_brand","embeddable":true,"href":"https:\/\/go4shop.eu\/lt\/wp-json\/wp\/v2\/product_brand?post=104987"},{"taxonomy":"product_cat","embeddable":true,"href":"https:\/\/go4shop.eu\/lt\/wp-json\/wp\/v2\/product_cat?post=104987"},{"taxonomy":"product_tag","embeddable":true,"href":"https:\/\/go4shop.eu\/lt\/wp-json\/wp\/v2\/product_tag?post=104987"}],"curies":[{"name":"wp","href":"https:\/\/api.w.org\/{rel}","templated":true}]}}