{"id":104953,"date":"2026-03-31T11:13:10","date_gmt":"2026-03-31T11:13:10","guid":{"rendered":"https:\/\/go4shop.eu\/en\/product\/smartwatch-garmin-forerunner-165-music-black-12-43-mm\/"},"modified":"2026-04-02T07:06:35","modified_gmt":"2026-04-02T07:06:35","slug":"smartwatch-garmin-forerunner-165-music-black-12-43-mm","status":"publish","type":"product","link":"https:\/\/go4shop.eu\/lt\/product\/smartwatch-garmin-forerunner-165-music-black-12-43-mm\/","title":{"rendered":"I\u0161manusis laikrodis GARMIN Forerunner 165 Music Black 1,2\u2033 43 mm"},"content":{"rendered":"<p>Jei esate aistringas <b>IT ir elektronika<\/b>, m\u0117gstate b\u016bti naujausios technologijos ir nepraleid\u017eiate net menkiausi\u0173 detali\u0173, \u012fsigykite <b> I\u0161manusis laikrodis GARMIN Forerunner 165 Music Black 1,2\u2033 43 mm <\/b> u\u017e neprilygstam\u0105 kain\u0105.<\/p>\n<ul>\n<li>Maitinimo \u0161altinis: Elektros tinklas<\/li>\n<li>Laikrod\u017eio tipas: I\u0161manusis laikrodis<\/li>\n<li>Produktas su ki\u0161tuku: Taip<\/li>\n<li>Ki\u0161tuko tipas: Ki\u0161tukas ES<\/li>\n<li>Savyb\u0117s:\n<ul>\n<li>\u0160irdies da\u017enio monitorius<\/li>\n<li>Atsparus vandeniui<\/li>\n<li>Akselerometras<\/li>\n<li>Barometras<\/li>\n<li>Jutiklinis ekranas<\/li>\n<li>Aplinkos \u0161viesos jutiklis<\/li>\n<li>Altimeter<\/li>\n<li>Signalizacija<\/li>\n<li>Termometras<\/li>\n<li>Nuva\u017eiuotas atstumas<\/li>\n<li>Chronometras<\/li>\n<li>Miego monitorius<\/li>\n<li>5 atm<\/li>\n<li>Prane\u0161imai apie skambu\u010dius ir \u017einutes<\/li>\n<li>Mobiliojo tinklo ry\u0161ys<\/li>\n<li>\u012emontuotas akumuliatorius<\/li>\n<li>Deguonies kiekio kraujyje jutiklis<\/li>\n<\/ul>\n<\/li>\n<li>Funkcijos:\n<ul>\n<li>Akselerometras<\/li>\n<li>Signalizacija<\/li>\n<li>Barometras<\/li>\n<li>Chronometras<\/li>\n<li>Altimeter<\/li>\n<li>Spalvotas ekranas<\/li>\n<li>Suvartojam\u0173 kalorij\u0173 kiekis<\/li>\n<li>\u012erenginio paie\u0161ka<\/li>\n<li>\u0160irdies da\u017enio monitorius<\/li>\n<\/ul>\n<\/li>\n<li>Rekomenduojama naudoti:\n<ul>\n<li>Running<\/li>\n<li>Cycling<\/li>\n<li>Swimming<\/li>\n<\/ul>\n<\/li>\n<li>Thermometer: Yes<\/li>\n<li>Jutiklinis ekranas: Taip<\/li>\n<li>Type: Digital<\/li>\n<li>Water resistance: 5 atm<\/li>\n<li>Gender:\n<ul>\n<li>cualquier g\u00e9nero<\/li>\n<li>Unisex<\/li>\n<\/ul>\n<\/li>\n<li>Spalva:\n<ul>\n<li>Pilka<\/li>\n<li>Juoda<\/li>\n<li>Sidabrinis<\/li>\n<\/ul>\n<\/li>\n<li>Box: 43 mm<\/li>\n<li>Width: 4,3 cm<\/li>\n<li>Approx. weight: 39 g<\/li>\n<li>Rechargeable battery: Yes<\/li>\n<li>Ry\u0161iai:\n<ul>\n<li>USB<\/li>\n<li>USB-C<\/li>\n<\/ul>\n<\/li>\n<li>Ry\u0161iai:\n<ul>\n<li>\"Wi-Fi\"<\/li>\n<li>\"Bluetooth\"<\/li>\n<li>GPS<\/li>\n<li>Glonass<\/li>\n<li>ANT+<\/li>\n<li>Galileo<\/li>\n<\/ul>\n<\/li>\n<li>Internal Memory: 4 GB<\/li>\n<li>Ekranas: 1,2\u2033<\/li>\n<li>Technologijos: AMOLED<\/li>\n<li>Med\u017eiaga:\n<ul>\n<li>Stiklas<\/li>\n<li>Silikonas<\/li>\n<li>Polymer<\/li>\n<\/ul>\n<\/li>\n<li>Akumuliatoriaus tipas:\n<ul>\n<li>Integruotas<\/li>\n<li>Rechargeable battery<\/li>\n<li>\"Litio Ion<\/li>\n<\/ul>\n<\/li>\n<li>Operacin\u0117 sistema: \"Android\"<\/li>\n<li>Forma: Apskritas<\/li>\n<li>Tvirtinimo tipas: U\u017esisegimas: sagtis<\/li>\n<li>Compatible: iOS, Android<\/li>\n<li>Resolution: 390 x 390 px<\/li>\n<li>Ne\u012ftrauktas: .<\/li>\n<li>Diameter of the box: 43 mm<\/li>\n<li>\u012e komplekt\u0105 \u012feina:\n<ul>\n<li>Laikmatis<\/li>\n<li>\u012ekroviklis<\/li>\n<li>Naudotojo vadovas<\/li>\n<\/ul>\n<\/li>\n<li>Veikiamas baterijomis: 1 litio jon\u0173, \u012fsk.<\/li>\n<li>Flash Memory: 4 MB<\/li>\n<li>Capacity: 4 GB<\/li>\n<\/ul>","protected":false},"excerpt":{"rendered":"<p>If you&#8217;re passionate about IT and electronics, like being up to date on technology and don&#8217;t miss even the slightest details, buy Smartwatch GARMIN Forerunner 165 Music Black 1,2&#8243; 43 mm at an unbeatable price. Power supply: Electric Network Type of watch: Smartwatch Product with plug: Yes Type of plug: Plug EU Characteristics: Cardiac frequency [&hellip;]<\/p>\n","protected":false},"featured_media":104948,"comment_status":"open","ping_status":"closed","template":"","meta":{"_monsterinsights_skip_tracking":false,"_monsterinsights_sitenote_active":false,"_monsterinsights_sitenote_note":"","_monsterinsights_sitenote_category":0,"_joinchat":[]},"product_brand":[],"product_cat":[1328,1329,1330],"product_tag":[1308,1307,1306],"class_list":{"0":"post-104953","1":"product","2":"type-product","3":"status-publish","4":"has-post-thumbnail","6":"product_cat-computers-electronics","7":"product_cat-electronics-phones-tablets","8":"product_cat-smartwatches","9":"product_tag-tag_1261","10":"product_tag-tag_547","11":"product_tag-tag_1295","13":"first","14":"instock","15":"shipping-taxable","16":"purchasable","17":"product-type-simple"},"jetpack_sharing_enabled":true,"_links":{"self":[{"href":"https:\/\/go4shop.eu\/lt\/wp-json\/wp\/v2\/product\/104953","targetHints":{"allow":["GET"]}}],"collection":[{"href":"https:\/\/go4shop.eu\/lt\/wp-json\/wp\/v2\/product"}],"about":[{"href":"https:\/\/go4shop.eu\/lt\/wp-json\/wp\/v2\/types\/product"}],"replies":[{"embeddable":true,"href":"https:\/\/go4shop.eu\/lt\/wp-json\/wp\/v2\/comments?post=104953"}],"wp:featuredmedia":[{"embeddable":true,"href":"https:\/\/go4shop.eu\/lt\/wp-json\/wp\/v2\/media\/104948"}],"wp:attachment":[{"href":"https:\/\/go4shop.eu\/lt\/wp-json\/wp\/v2\/media?parent=104953"}],"wp:term":[{"taxonomy":"product_brand","embeddable":true,"href":"https:\/\/go4shop.eu\/lt\/wp-json\/wp\/v2\/product_brand?post=104953"},{"taxonomy":"product_cat","embeddable":true,"href":"https:\/\/go4shop.eu\/lt\/wp-json\/wp\/v2\/product_cat?post=104953"},{"taxonomy":"product_tag","embeddable":true,"href":"https:\/\/go4shop.eu\/lt\/wp-json\/wp\/v2\/product_tag?post=104953"}],"curies":[{"name":"wp","href":"https:\/\/api.w.org\/{rel}","templated":true}]}}