{"id":104932,"date":"2026-03-31T10:03:06","date_gmt":"2026-03-31T10:03:06","guid":{"rendered":"https:\/\/go4shop.eu\/en\/product\/surveillance-camcorder-axis-m2036-le\/"},"modified":"2026-04-02T07:06:35","modified_gmt":"2026-04-02T07:06:35","slug":"surveillance-camcorder-axis-m2036-le","status":"publish","type":"product","link":"https:\/\/go4shop.eu\/lt\/product\/surveillance-camcorder-axis-m2036-le\/","title":{"rendered":"Steb\u0117jimui skirta kamera Axis M2036-LE"},"content":{"rendered":"<p>Jei esate aistringas <b>IT ir elektronika<\/b>, m\u0117gstate b\u016bti naujausios technologijos ir nepraleid\u017eiate net menkiausi\u0173 detali\u0173, \u012fsigykite <b> Steb\u0117jimui skirta kamera Axis M2036-LE <\/b> u\u017e neprilygstam\u0105 kain\u0105.<\/p>\n<ul>\n<li>Tipas:\n<ul>\n<li>Laidinis<\/li>\n<li>Vaizdo kamera<\/li>\n<li>IP apsaugos kamera<\/li>\n<\/ul>\n<\/li>\n<li>Ry\u0161iai:\n<ul>\n<li>Ethernet LAN<\/li>\n<li>RJ45<\/li>\n<\/ul>\n<\/li>\n<li>Funkcijos: Naktinis matymas<\/li>\n<li>Spalva:\n<ul>\n<li>Balta<\/li>\n<li>Juoda<\/li>\n<\/ul>\n<\/li>\n<li>Internal Memory: 1 GB<\/li>\n<li>Form factor: Bullet<\/li>\n<li>Jutiklis: CMOS<\/li>\n<li>Kamer\u0173 skai\u010dius: 1<\/li>\n<li>Energy consumption: 5 W<\/li>\n<li>Med\u017eiaga: Metalas<\/li>\n<li>Savyb\u0117s:\n<ul>\n<li>Korteli\u0173 skaitytuvas<\/li>\n<li>Duomen\u0173 apsauga \/ slapta\u017eodis<\/li>\n<\/ul>\n<\/li>\n<li>Channels: 1<\/li>\n<li>Technology: HDD<\/li>\n<li>Compatible memory cards: Micro SD, Micro SDHC<\/li>\n<li>Lenses: x1<\/li>\n<li>Skiriamoji geba (px): 1080 px<\/li>\n<li>Camera: 4 Mp<\/li>\n<\/ul>","protected":false},"excerpt":{"rendered":"<p><span class=\"unit-info\">3205.2941 &euro; \/ 1 m<\/span><\/p>","protected":false},"featured_media":104929,"comment_status":"open","ping_status":"closed","template":"","meta":{"_monsterinsights_skip_tracking":false,"_monsterinsights_sitenote_active":false,"_monsterinsights_sitenote_note":"","_monsterinsights_sitenote_category":0,"_joinchat":[]},"product_brand":[],"product_cat":[1324,1323,1325],"product_tag":[1303,1304],"class_list":{"0":"post-104932","1":"product","2":"type-product","3":"status-publish","4":"has-post-thumbnail","6":"product_cat-automation-and-safety","7":"product_cat-home-garden","8":"product_cat-surveillance-video-cameras","9":"product_tag-tag_25","10":"product_tag-tag_556","12":"first","13":"outofstock","14":"shipping-taxable","15":"purchasable","16":"product-type-simple"},"jetpack_sharing_enabled":true,"_links":{"self":[{"href":"https:\/\/go4shop.eu\/lt\/wp-json\/wp\/v2\/product\/104932","targetHints":{"allow":["GET"]}}],"collection":[{"href":"https:\/\/go4shop.eu\/lt\/wp-json\/wp\/v2\/product"}],"about":[{"href":"https:\/\/go4shop.eu\/lt\/wp-json\/wp\/v2\/types\/product"}],"replies":[{"embeddable":true,"href":"https:\/\/go4shop.eu\/lt\/wp-json\/wp\/v2\/comments?post=104932"}],"wp:featuredmedia":[{"embeddable":true,"href":"https:\/\/go4shop.eu\/lt\/wp-json\/wp\/v2\/media\/104929"}],"wp:attachment":[{"href":"https:\/\/go4shop.eu\/lt\/wp-json\/wp\/v2\/media?parent=104932"}],"wp:term":[{"taxonomy":"product_brand","embeddable":true,"href":"https:\/\/go4shop.eu\/lt\/wp-json\/wp\/v2\/product_brand?post=104932"},{"taxonomy":"product_cat","embeddable":true,"href":"https:\/\/go4shop.eu\/lt\/wp-json\/wp\/v2\/product_cat?post=104932"},{"taxonomy":"product_tag","embeddable":true,"href":"https:\/\/go4shop.eu\/lt\/wp-json\/wp\/v2\/product_tag?post=104932"}],"curies":[{"name":"wp","href":"https:\/\/api.w.org\/{rel}","templated":true}]}}