{"id":104886,"date":"2026-03-31T04:13:17","date_gmt":"2026-03-31T04:13:17","guid":{"rendered":"https:\/\/go4shop.eu\/en\/product\/smartwatch-apple-watch-series-11-gps-cellular-natural-46-mm-o-46-mm\/"},"modified":"2026-04-02T07:06:35","modified_gmt":"2026-04-02T07:06:35","slug":"smartwatch-apple-watch-series-11-gps-cellular-natural-46-mm-o-46-mm","status":"publish","type":"product","link":"https:\/\/go4shop.eu\/lt\/product\/smartwatch-apple-watch-series-11-gps-cellular-natural-46-mm-o-46-mm\/","title":{"rendered":"Smartwatch Apple Watch Series 11 GPS + Cellular Natural 46 mm \u00d8 46 mm"},"content":{"rendered":"<p>Jei ie\u0161kote nauj\u0173 rinkos tendencij\u0173, pristatome <b>Smartwatch Apple Watch Series 11 GPS + Cellular Natural 46 mm \u00d8 46 mm<\/b>!<\/p>\n<ul>\n<li>Laikrod\u017eio tipas: I\u0161manusis laikrodis<\/li>\n<li>Produktas su ki\u0161tuku: Taip<\/li>\n<li>Ki\u0161tuko tipas: Ki\u0161tukas ES<\/li>\n<li>Maitinimo \u0161altinis: Elektros tinklas<\/li>\n<li>Med\u017eiaga:\n<ul>\n<li>Titanium<\/li>\n<li>Sapphire<\/li>\n<\/ul>\n<\/li>\n<li>Ry\u0161iai:\n<ul>\n<li>\"Bluetooth\"<\/li>\n<li>\"Wi-Fi\"<\/li>\n<li>Belaidis<\/li>\n<li>NFC<\/li>\n<li>Glonass<\/li>\n<li>BeiDou<\/li>\n<li>Galileo<\/li>\n<li>5G<\/li>\n<li>LTE<\/li>\n<li>\"Wi-Fi 4\" (802.11n)<\/li>\n<li>\"Bluetooth 5.3<\/li>\n<\/ul>\n<\/li>\n<li>Box: 46 mm<\/li>\n<li>Bracelet material: Stainless steel<\/li>\n<li>Dydis:\n<ul>\n<li>S\/M<\/li>\n<li>39 mm<\/li>\n<li>46 mm<\/li>\n<\/ul>\n<\/li>\n<li>Technologijos:\n<ul>\n<li>GPS<\/li>\n<li>4G\/LTE<\/li>\n<li>OLED<\/li>\n<\/ul>\n<\/li>\n<li>Colour: Natural<\/li>\n<li>GPS: taip<\/li>\n<li>Water resistance: Water resistant<\/li>\n<li>Bracelet: Adjustable<\/li>\n<li>Apytiksl\u0117 autonomija:\n<ul>\n<li>24 valandos<\/li>\n<li>36 hours<\/li>\n<\/ul>\n<\/li>\n<li>Compatible: iPhone, Android<\/li>\n<li>Diameter of the box: 46 mm<\/li>\n<li>Operating System: watchOS 7<\/li>\n<li>Sport: Swimming<\/li>\n<li>Gender: cualquier g\u00e9nero<\/li>\n<li>Watch case diameter: \u00d8 46 mm<\/li>\n<\/ul>","protected":false},"excerpt":{"rendered":"<p><span class=\"unit-info\">19871.7391 &euro; \/ 1 m<\/span><\/p>","protected":false},"featured_media":104885,"comment_status":"open","ping_status":"closed","template":"","meta":{"_monsterinsights_skip_tracking":false,"_monsterinsights_sitenote_active":false,"_monsterinsights_sitenote_note":"","_monsterinsights_sitenote_category":0,"_joinchat":[]},"product_brand":[],"product_cat":[1328,1329,1330],"product_tag":[1308,1307,1306],"class_list":{"0":"post-104886","1":"product","2":"type-product","3":"status-publish","4":"has-post-thumbnail","6":"product_cat-computers-electronics","7":"product_cat-electronics-phones-tablets","8":"product_cat-smartwatches","9":"product_tag-tag_1261","10":"product_tag-tag_547","11":"product_tag-tag_1295","13":"first","14":"instock","15":"shipping-taxable","16":"purchasable","17":"product-type-simple"},"jetpack_sharing_enabled":true,"_links":{"self":[{"href":"https:\/\/go4shop.eu\/lt\/wp-json\/wp\/v2\/product\/104886","targetHints":{"allow":["GET"]}}],"collection":[{"href":"https:\/\/go4shop.eu\/lt\/wp-json\/wp\/v2\/product"}],"about":[{"href":"https:\/\/go4shop.eu\/lt\/wp-json\/wp\/v2\/types\/product"}],"replies":[{"embeddable":true,"href":"https:\/\/go4shop.eu\/lt\/wp-json\/wp\/v2\/comments?post=104886"}],"wp:featuredmedia":[{"embeddable":true,"href":"https:\/\/go4shop.eu\/lt\/wp-json\/wp\/v2\/media\/104885"}],"wp:attachment":[{"href":"https:\/\/go4shop.eu\/lt\/wp-json\/wp\/v2\/media?parent=104886"}],"wp:term":[{"taxonomy":"product_brand","embeddable":true,"href":"https:\/\/go4shop.eu\/lt\/wp-json\/wp\/v2\/product_brand?post=104886"},{"taxonomy":"product_cat","embeddable":true,"href":"https:\/\/go4shop.eu\/lt\/wp-json\/wp\/v2\/product_cat?post=104886"},{"taxonomy":"product_tag","embeddable":true,"href":"https:\/\/go4shop.eu\/lt\/wp-json\/wp\/v2\/product_tag?post=104886"}],"curies":[{"name":"wp","href":"https:\/\/api.w.org\/{rel}","templated":true}]}}