{"id":104852,"date":"2026-03-30T20:06:17","date_gmt":"2026-03-30T20:06:17","guid":{"rendered":"https:\/\/go4shop.eu\/en\/product\/smartwatch-apple-watch-series-11-gps-cellular-golden-196-46-mm-o-46-mm\/"},"modified":"2026-04-02T07:06:34","modified_gmt":"2026-04-02T07:06:34","slug":"smartwatch-apple-watch-series-11-gps-cellular-golden-196-46-mm-o-46-mm","status":"publish","type":"product","link":"https:\/\/go4shop.eu\/lt\/product\/smartwatch-apple-watch-series-11-gps-cellular-golden-196-46-mm-o-46-mm\/","title":{"rendered":"Smartwatch Apple Watch Series 11 GPS + Cellular Golden 1,96&#8243; 46 mm \u00d8 46 mm"},"content":{"rendered":"<p>Jei esate aistringas <b>IT ir elektronika<\/b>, m\u0117gstate b\u016bti naujausios technologijos ir nepraleid\u017eiate net menkiausi\u0173 detali\u0173, \u012fsigykite <b> Smartwatch Apple Watch Series 11 GPS + Cellular Golden 1,96&#8243; 46 mm \u00d8 46 mm <\/b> u\u017e neprilygstam\u0105 kain\u0105.<\/p>\n<ul>\n<li>Maitinimo \u0161altinis: Elektros tinklas<\/li>\n<li>Laikrod\u017eio tipas: I\u0161manusis laikrodis<\/li>\n<li>Produktas su ki\u0161tuku: Taip<\/li>\n<li>Ki\u0161tuko tipas: Ki\u0161tukas ES<\/li>\n<li>Dydis:\n<ul>\n<li>46 mm<\/li>\n<li>M\/L<\/li>\n<\/ul>\n<\/li>\n<li>Spalva:\n<ul>\n<li>Golden<\/li>\n<li>Titanium<\/li>\n<\/ul>\n<\/li>\n<li>Internal Memory: 64 GB<\/li>\n<li>Processor: Dual Core<\/li>\n<li>Screen: 1,96&#8243;<\/li>\n<li>Med\u017eiaga: Ner\u016bdijantis plienas<\/li>\n<li>Savyb\u0117s:\n<ul>\n<li>Akselerometras<\/li>\n<li>Integruoti garsiakalbiai<\/li>\n<li>Jutiklinis ekranas<\/li>\n<li>Aplinkos \u0161viesos jutiklis<\/li>\n<li>Giroskopas<\/li>\n<li>Altimeter<\/li>\n<li>\u012emontuotas mikrofonas<\/li>\n<li>Nuva\u017eiuotas atstumas<\/li>\n<li>Miego monitorius<\/li>\n<li>Mobiliojo tinklo ry\u0161ys<\/li>\n<li>Magnetinis \u012fkrovimas<\/li>\n<li>Multisportas<\/li>\n<li>Deguonies kiekio kraujyje jutiklis<\/li>\n<li>Ekranas su u\u017eapvalintais kampais<\/li>\n<\/ul>\n<\/li>\n<li>Funkcijos:\n<ul>\n<li>Spalvotas ekranas<\/li>\n<li>Miego monitorius<\/li>\n<li>\u0160irdies da\u017enio monitorius<\/li>\n<\/ul>\n<\/li>\n<li>Akumuliatoriaus tipas:\n<ul>\n<li>Integruotas<\/li>\n<li>\"Litio Ion<\/li>\n<\/ul>\n<\/li>\n<li>Ry\u0161iai:\n<ul>\n<li>\"Bluetooth\"<\/li>\n<li>\"Wi-Fi\"<\/li>\n<li>GPS<\/li>\n<li>NFC<\/li>\n<li>Glonass<\/li>\n<li>BeiDou<\/li>\n<li>Galileo<\/li>\n<li>5G<\/li>\n<li>\"Bluetooth Low Energy<\/li>\n<li>LTE<\/li>\n<li>\"Bluetooth 5.3<\/li>\n<\/ul>\n<\/li>\n<li>Suderinamas:\n<ul>\n<li>Siri<\/li>\n<li>\"iOS\"<\/li>\n<li>iPhone 11 Pro<\/li>\n<li>iPhone 11 Pro Max<\/li>\n<li>iPhone 12 Mini<\/li>\n<li>iPhone 12 Pro<\/li>\n<li>iPhone 12 Pro Max<\/li>\n<li>Apple Watch<\/li>\n<li>\"Huawei\"<\/li>\n<li>\"Apple\"<\/li>\n<li>\"Samsung\"<\/li>\n<li>iPhone 12<\/li>\n<li>iPhone 13 Mini<\/li>\n<li>iPhone 13 Pro Max<\/li>\n<li>iPhone 13 Pro<\/li>\n<li>iPhone 13<\/li>\n<li>Apple Watch SE<\/li>\n<li>Apple Watch Series 4\/5\/6<\/li>\n<li>Apple Watch Series 7<\/li>\n<li>Universalus<\/li>\n<li>\"Xiaomi\"<\/li>\n<li>iPhone 14 Plus<\/li>\n<li>iPhone 14 Pro<\/li>\n<li>iPhone 14<\/li>\n<li>iPhone 14 Pro Max<\/li>\n<li>iPhone 15 Pro<\/li>\n<\/ul>\n<\/li>\n<li>Box: 46 mm<\/li>\n<li>Shape:\n<ul>\n<li>Rectangular<\/li>\n<li>Squared<\/li>\n<\/ul>\n<\/li>\n<li>Gender: Adults unisex<\/li>\n<li>GPS: taip<\/li>\n<li>Water resistance: 5 atm<\/li>\n<li>Fotoaparatas: Ne<\/li>\n<li>Belaidis \u012fkroviklis: Taip<\/li>\n<li>Apytiksl\u0117 autonomija: 24 valandos<\/li>\n<li>Radijas FM: ne<\/li>\n<li>Atsparumas vandeniui: 50 m<\/li>\n<li>Diameter of the box: 46 mm<\/li>\n<li>Watch face colour: Gold<\/li>\n<li>Technology: OLED<\/li>\n<li>Watch case colour: Rose gold<\/li>\n<li>Strap colour: Golden<\/li>\n<li>USB jungtis: Ne<\/li>\n<li>Dir\u017eelis: Nuimamas<\/li>\n<li>Sport: Swimming<\/li>\n<li>\"Flash\" atmintis: 64 MB<\/li>\n<li>Nuclei: 2 Nuclei<\/li>\n<li>Watch case diameter: \u00d8 46 mm<\/li>\n<li>Operating System: WatchOS 9<\/li>\n<li>Bracelet material: Leggings<\/li>\n<\/ul>","protected":false},"excerpt":{"rendered":"<p><span class=\"unit-info\">23389.1304 &euro; \/ 1 m<\/span><\/p>","protected":false},"featured_media":104850,"comment_status":"open","ping_status":"closed","template":"","meta":{"_monsterinsights_skip_tracking":false,"_monsterinsights_sitenote_active":false,"_monsterinsights_sitenote_note":"","_monsterinsights_sitenote_category":0,"_joinchat":[]},"product_brand":[],"product_cat":[1328,1329,1330],"product_tag":[1308,1307,1306],"class_list":{"0":"post-104852","1":"product","2":"type-product","3":"status-publish","4":"has-post-thumbnail","6":"product_cat-computers-electronics","7":"product_cat-electronics-phones-tablets","8":"product_cat-smartwatches","9":"product_tag-tag_1261","10":"product_tag-tag_547","11":"product_tag-tag_1295","13":"first","14":"instock","15":"shipping-taxable","16":"purchasable","17":"product-type-simple"},"jetpack_sharing_enabled":true,"_links":{"self":[{"href":"https:\/\/go4shop.eu\/lt\/wp-json\/wp\/v2\/product\/104852","targetHints":{"allow":["GET"]}}],"collection":[{"href":"https:\/\/go4shop.eu\/lt\/wp-json\/wp\/v2\/product"}],"about":[{"href":"https:\/\/go4shop.eu\/lt\/wp-json\/wp\/v2\/types\/product"}],"replies":[{"embeddable":true,"href":"https:\/\/go4shop.eu\/lt\/wp-json\/wp\/v2\/comments?post=104852"}],"wp:featuredmedia":[{"embeddable":true,"href":"https:\/\/go4shop.eu\/lt\/wp-json\/wp\/v2\/media\/104850"}],"wp:attachment":[{"href":"https:\/\/go4shop.eu\/lt\/wp-json\/wp\/v2\/media?parent=104852"}],"wp:term":[{"taxonomy":"product_brand","embeddable":true,"href":"https:\/\/go4shop.eu\/lt\/wp-json\/wp\/v2\/product_brand?post=104852"},{"taxonomy":"product_cat","embeddable":true,"href":"https:\/\/go4shop.eu\/lt\/wp-json\/wp\/v2\/product_cat?post=104852"},{"taxonomy":"product_tag","embeddable":true,"href":"https:\/\/go4shop.eu\/lt\/wp-json\/wp\/v2\/product_tag?post=104852"}],"curies":[{"name":"wp","href":"https:\/\/api.w.org\/{rel}","templated":true}]}}