{"id":104818,"date":"2026-03-30T20:05:41","date_gmt":"2026-03-30T20:05:41","guid":{"rendered":"https:\/\/go4shop.eu\/en\/product\/smartwatch-garmin-forerunner-165-music-blue-12-43-mm\/"},"modified":"2026-04-02T07:06:34","modified_gmt":"2026-04-02T07:06:34","slug":"smartwatch-garmin-forerunner-165-music-blue-12-43-mm","status":"publish","type":"product","link":"https:\/\/go4shop.eu\/lt\/product\/smartwatch-garmin-forerunner-165-music-blue-12-43-mm\/","title":{"rendered":"Smartwatch GARMIN Forerunner 165 Music Blue 1,2&#8243; 43 mm"},"content":{"rendered":"<p>Jei esate aistringas <b>IT ir elektronika<\/b>, m\u0117gstate b\u016bti naujausios technologijos ir nepraleid\u017eiate net menkiausi\u0173 detali\u0173, \u012fsigykite <b> Smartwatch GARMIN Forerunner 165 Music Blue 1,2&#8243; 43 mm <\/b> u\u017e neprilygstam\u0105 kain\u0105.<\/p>\n<ul>\n<li>Maitinimo \u0161altinis: Elektros tinklas<\/li>\n<li>Laikrod\u017eio tipas: I\u0161manusis laikrodis<\/li>\n<li>Produktas su ki\u0161tuku: Taip<\/li>\n<li>Rekomenduojamas am\u017eius: Suaugusiems<\/li>\n<li>Size: 43 mm<\/li>\n<li>Ki\u0161tuko tipas: Ki\u0161tukas ES<\/li>\n<li>Spalva:\n<ul>\n<li>M\u0117lyna<\/li>\n<li>Sidabrinis<\/li>\n<\/ul>\n<\/li>\n<li>Ry\u0161iai:\n<ul>\n<li>USB<\/li>\n<li>USB-C<\/li>\n<\/ul>\n<\/li>\n<li>Ry\u0161iai:\n<ul>\n<li>\"Wi-Fi\"<\/li>\n<li>\"Bluetooth\"<\/li>\n<li>GPS<\/li>\n<li>Glonass<\/li>\n<li>ANT+<\/li>\n<li>Galileo<\/li>\n<\/ul>\n<\/li>\n<li>Internal Memory: 4 GB<\/li>\n<li>Ekranas: 1,2\u2033<\/li>\n<li>Technologijos: AMOLED<\/li>\n<li>Med\u017eiaga:\n<ul>\n<li>Stiklas<\/li>\n<li>Silikonas<\/li>\n<li>Polymer<\/li>\n<\/ul>\n<\/li>\n<li>Savyb\u0117s:\n<ul>\n<li>Atsparus vandeniui<\/li>\n<li>Akselerometras<\/li>\n<li>Barometras<\/li>\n<li>Jutiklinis ekranas<\/li>\n<li>Aplinkos \u0161viesos jutiklis<\/li>\n<li>Altimeter<\/li>\n<li>Signalizacija<\/li>\n<li>Termometras<\/li>\n<li>Nuva\u017eiuotas atstumas<\/li>\n<li>Chronometras<\/li>\n<li>Miego monitorius<\/li>\n<li>5 atm<\/li>\n<li>Prane\u0161imai apie skambu\u010dius ir \u017einutes<\/li>\n<li>Mobiliojo tinklo ry\u0161ys<\/li>\n<li>\u012emontuotas akumuliatorius<\/li>\n<li>Deguonies kiekio kraujyje jutiklis<\/li>\n<\/ul>\n<\/li>\n<li>Funkcijos:\n<ul>\n<li>Spalvotas ekranas<\/li>\n<li>Suvartojam\u0173 kalorij\u0173 kiekis<\/li>\n<li>\u012erenginio paie\u0161ka<\/li>\n<li>\u0160irdies da\u017enio monitorius<\/li>\n<\/ul>\n<\/li>\n<li>Akumuliatoriaus tipas:\n<ul>\n<li>Integruotas<\/li>\n<li>Rechargeable battery<\/li>\n<\/ul>\n<\/li>\n<li>Operacin\u0117 sistema: \"Android\"<\/li>\n<li>Forma: Apskritas<\/li>\n<li>Tvirtinimo tipas: U\u017esisegimas: sagtis<\/li>\n<li>Lytis: Unisex<\/li>\n<li>Compatible: iOS, Android<\/li>\n<li>Resolution: 390 x 390 px<\/li>\n<li>Ne\u012ftrauktas: .<\/li>\n<li>Diameter of the box: 43 mm<\/li>\n<li>\u012e komplekt\u0105 \u012feina:\n<ul>\n<li>Laikmatis<\/li>\n<li>\u012ekroviklis<\/li>\n<li>Naudotojo vadovas<\/li>\n<\/ul>\n<\/li>\n<li>Veikiamas baterijomis: 1 litio jon\u0173, \u012fsk.<\/li>\n<li>Flash Memory: 4 MB<\/li>\n<li>Capacity: 4 GB<\/li>\n<\/ul>","protected":false},"excerpt":{"rendered":"<p><span class=\"unit-info\">8313.9535 &euro; \/ 1 m<\/span><\/p>","protected":false},"featured_media":104813,"comment_status":"open","ping_status":"closed","template":"","meta":{"_monsterinsights_skip_tracking":false,"_monsterinsights_sitenote_active":false,"_monsterinsights_sitenote_note":"","_monsterinsights_sitenote_category":0,"_joinchat":[]},"product_brand":[],"product_cat":[1328,1329,1330],"product_tag":[1308,1307,1306],"class_list":{"0":"post-104818","1":"product","2":"type-product","3":"status-publish","4":"has-post-thumbnail","6":"product_cat-computers-electronics","7":"product_cat-electronics-phones-tablets","8":"product_cat-smartwatches","9":"product_tag-tag_1261","10":"product_tag-tag_547","11":"product_tag-tag_1295","13":"first","14":"instock","15":"shipping-taxable","16":"purchasable","17":"product-type-simple"},"jetpack_sharing_enabled":true,"_links":{"self":[{"href":"https:\/\/go4shop.eu\/lt\/wp-json\/wp\/v2\/product\/104818","targetHints":{"allow":["GET"]}}],"collection":[{"href":"https:\/\/go4shop.eu\/lt\/wp-json\/wp\/v2\/product"}],"about":[{"href":"https:\/\/go4shop.eu\/lt\/wp-json\/wp\/v2\/types\/product"}],"replies":[{"embeddable":true,"href":"https:\/\/go4shop.eu\/lt\/wp-json\/wp\/v2\/comments?post=104818"}],"wp:featuredmedia":[{"embeddable":true,"href":"https:\/\/go4shop.eu\/lt\/wp-json\/wp\/v2\/media\/104813"}],"wp:attachment":[{"href":"https:\/\/go4shop.eu\/lt\/wp-json\/wp\/v2\/media?parent=104818"}],"wp:term":[{"taxonomy":"product_brand","embeddable":true,"href":"https:\/\/go4shop.eu\/lt\/wp-json\/wp\/v2\/product_brand?post=104818"},{"taxonomy":"product_cat","embeddable":true,"href":"https:\/\/go4shop.eu\/lt\/wp-json\/wp\/v2\/product_cat?post=104818"},{"taxonomy":"product_tag","embeddable":true,"href":"https:\/\/go4shop.eu\/lt\/wp-json\/wp\/v2\/product_tag?post=104818"}],"curies":[{"name":"wp","href":"https:\/\/api.w.org\/{rel}","templated":true}]}}