{"id":104806,"date":"2026-03-30T20:05:28","date_gmt":"2026-03-30T20:05:28","guid":{"rendered":"https:\/\/go4shop.eu\/en\/product\/smartwatch-garmin-fenix-7x-pro-grey-14\/"},"modified":"2026-04-02T07:06:34","modified_gmt":"2026-04-02T07:06:34","slug":"smartwatch-garmin-fenix-7x-pro-grey-14","status":"publish","type":"product","link":"https:\/\/go4shop.eu\/lt\/product\/smartwatch-garmin-fenix-7x-pro-grey-14\/","title":{"rendered":"Smartwatch GARMIN f\u0113nix 7X Pro Grey 1,4&#8243;"},"content":{"rendered":"<p>Jei esate aistringas <b>IT ir elektronika<\/b>, m\u0117gstate b\u016bti naujausios technologijos ir nepraleid\u017eiate net menkiausi\u0173 detali\u0173, \u012fsigykite <b> Smartwatch GARMIN f\u0113nix 7X Pro Grey 1,4&#8243; <\/b> u\u017e neprilygstam\u0105 kain\u0105.<\/p>\n<ul>\n<li>Med\u017eiaga:\n<ul>\n<li>Plieno<\/li>\n<li>Stiklas<\/li>\n<li>Silikonas<\/li>\n<\/ul>\n<\/li>\n<li>Approx. weight: 96 g<\/li>\n<li>Jutiklinis ekranas: Taip<\/li>\n<li>\u017eingsniamatis: Taip<\/li>\n<li>Alarm: Yes<\/li>\n<li>Giroskopas: Taip<\/li>\n<li>Stopwatch: Yes<\/li>\n<li>Glonass: Taip<\/li>\n<li>Thermometer: Yes<\/li>\n<li>Akselerometras: Taip<\/li>\n<li>Ki\u0161tuko tipas: Ki\u0161tukas ES<\/li>\n<li>Width: 5,1 cm<\/li>\n<li>Type of watch:\n<ul>\n<li>Smartwatch<\/li>\n<li>Activity Bangle<\/li>\n<\/ul>\n<\/li>\n<li>Produktas su ki\u0161tuku: Taip<\/li>\n<li>Tipas:\n<ul>\n<li>Digital<\/li>\n<li>Blood Pressure Monitor<\/li>\n<\/ul>\n<\/li>\n<li>Savyb\u0117s:\n<ul>\n<li>Miego monitorius<\/li>\n<li>\u0160irdies da\u017enio monitorius<\/li>\n<li>Akselerometras<\/li>\n<li>Jutiklinis ekranas<\/li>\n<li>Aplinkos \u0161viesos jutiklis<\/li>\n<li>Giroskopas<\/li>\n<li>Heart-rate Monitor<\/li>\n<li>Signalizacija<\/li>\n<li>Termometras<\/li>\n<li>Nuva\u017eiuotas atstumas<\/li>\n<li>Chronometras<\/li>\n<li>Prane\u0161imai apie skambu\u010dius ir \u017einutes<\/li>\n<li>Deguonies kiekio kraujyje jutiklis<\/li>\n<\/ul>\n<\/li>\n<li>Funkcijos:\n<ul>\n<li>Signalizacija<\/li>\n<li>Barometras<\/li>\n<li>Chronometras<\/li>\n<li>Akselerometras<\/li>\n<li>Spalvotas ekranas<\/li>\n<li>Pedometras<\/li>\n<li>Suvartojam\u0173 kalorij\u0173 kiekis<\/li>\n<li>Miego monitorius<\/li>\n<li>\u012erenginio paie\u0161ka<\/li>\n<li>\u0160irdies da\u017enio monitorius<\/li>\n<\/ul>\n<\/li>\n<li>Box: 51 mm<\/li>\n<li>Ry\u0161iai:\n<ul>\n<li>NFC<\/li>\n<li>\"Wi-Fi\"<\/li>\n<li>\"Bluetooth\"<\/li>\n<li>GPS<\/li>\n<li>Glonass<\/li>\n<li>Galileo<\/li>\n<\/ul>\n<\/li>\n<li>Water resistance: 10 atm<\/li>\n<li>Maitinimo \u0161altinis: Elektros tinklas<\/li>\n<li>Spalva:\n<ul>\n<li>Pilka<\/li>\n<li>Juoda<\/li>\n<\/ul>\n<\/li>\n<li>Ry\u0161iai: USB<\/li>\n<li>Vidin\u0117 atmintis: 32 GB<\/li>\n<li>Screen: 1,4&#8243;<\/li>\n<li>Akumuliatoriaus tipas:\n<ul>\n<li>Integruotas<\/li>\n<li>\"Litio Ion<\/li>\n<\/ul>\n<\/li>\n<li>Kalba: Angl\u0173 kalba<\/li>\n<li>Forma: Apskritas<\/li>\n<li>Compatible: iOS, Android<\/li>\n<li>Includes: Timer<\/li>\n<li>Veikiamas baterijomis: 1 litio jon\u0173, \u012fsk.<\/li>\n<li>Water resistant: 10 atm<\/li>\n<li>Diagonal of the screen (cm): 54,4 cm<\/li>\n<\/ul>","protected":false},"excerpt":{"rendered":"<p>If you&#8217;re passionate about IT and electronics, like being up to date on technology and don&#8217;t miss even the slightest details, buy Smartwatch GARMIN f\u0113nix 7X Pro Grey 1,4&#8243; at an unbeatable price. Material: Steel Glass Silicone Approx. weight: 96 g Touchscreen: Yes Pedometer: Yes Alarm: Yes Gyroscope: Yes Stopwatch: Yes Glonass: Yes Thermometer: Yes [&hellip;]<\/p>\n","protected":false},"featured_media":104801,"comment_status":"open","ping_status":"closed","template":"","meta":{"_monsterinsights_skip_tracking":false,"_monsterinsights_sitenote_active":false,"_monsterinsights_sitenote_note":"","_monsterinsights_sitenote_category":0,"_joinchat":[]},"product_brand":[],"product_cat":[1328,1329,1330],"product_tag":[1308,1307,1306],"class_list":{"0":"post-104806","1":"product","2":"type-product","3":"status-publish","4":"has-post-thumbnail","6":"product_cat-computers-electronics","7":"product_cat-electronics-phones-tablets","8":"product_cat-smartwatches","9":"product_tag-tag_1261","10":"product_tag-tag_547","11":"product_tag-tag_1295","13":"first","14":"outofstock","15":"shipping-taxable","16":"purchasable","17":"product-type-simple"},"jetpack_sharing_enabled":true,"_links":{"self":[{"href":"https:\/\/go4shop.eu\/lt\/wp-json\/wp\/v2\/product\/104806","targetHints":{"allow":["GET"]}}],"collection":[{"href":"https:\/\/go4shop.eu\/lt\/wp-json\/wp\/v2\/product"}],"about":[{"href":"https:\/\/go4shop.eu\/lt\/wp-json\/wp\/v2\/types\/product"}],"replies":[{"embeddable":true,"href":"https:\/\/go4shop.eu\/lt\/wp-json\/wp\/v2\/comments?post=104806"}],"wp:featuredmedia":[{"embeddable":true,"href":"https:\/\/go4shop.eu\/lt\/wp-json\/wp\/v2\/media\/104801"}],"wp:attachment":[{"href":"https:\/\/go4shop.eu\/lt\/wp-json\/wp\/v2\/media?parent=104806"}],"wp:term":[{"taxonomy":"product_brand","embeddable":true,"href":"https:\/\/go4shop.eu\/lt\/wp-json\/wp\/v2\/product_brand?post=104806"},{"taxonomy":"product_cat","embeddable":true,"href":"https:\/\/go4shop.eu\/lt\/wp-json\/wp\/v2\/product_cat?post=104806"},{"taxonomy":"product_tag","embeddable":true,"href":"https:\/\/go4shop.eu\/lt\/wp-json\/wp\/v2\/product_tag?post=104806"}],"curies":[{"name":"wp","href":"https:\/\/api.w.org\/{rel}","templated":true}]}}