{"id":104787,"date":"2026-03-30T20:05:05","date_gmt":"2026-03-30T20:05:05","guid":{"rendered":"https:\/\/go4shop.eu\/en\/product\/smartwatch-apple-watch-series-11-gps-cellular-grey-177-42-mm-o-425-mm\/"},"modified":"2026-04-02T07:06:34","modified_gmt":"2026-04-02T07:06:34","slug":"smartwatch-apple-watch-series-11-gps-cellular-grey-177-42-mm-o-425-mm","status":"publish","type":"product","link":"https:\/\/go4shop.eu\/lt\/product\/smartwatch-apple-watch-series-11-gps-cellular-grey-177-42-mm-o-425-mm\/","title":{"rendered":"Smartwatch Apple Watch Series 11 GPS + Cellular Grey 1,77&#8243; 42 mm \u00d8 42,5 mm"},"content":{"rendered":"<p>Jei esate aistringas <b>IT ir elektronika<\/b>, m\u0117gstate b\u016bti naujausios technologijos ir nepraleid\u017eiate net menkiausi\u0173 detali\u0173, \u012fsigykite <b> Smartwatch Apple Watch Series 11 GPS + Cellular Grey 1,77&#8243; 42 mm \u00d8 42,5 mm <\/b> u\u017e neprilygstam\u0105 kain\u0105.<\/p>\n<p>Svetain\u0117 <b>Apple Watch MF8N4QL\/A<\/b> yra pa\u017eangi <b>i\u0161manusis laikrodis<\/b> that combines cutting-edge technology with premium materials for users seeking both functionality and style in a wrist device. Its natural <b>titanium case<\/b> provides superior durability and a sophisticated finish, while the <b>stone gray<\/b> sport band, made from high-quality rubber, ensures comfort and durability for daily wear and physical activity. It features a high-resolution <b>jutiklinis ekranas<\/b> for smooth navigation and clear viewing of notifications, calls, messages, and health data at all times. Equipped with <b>Bluetooth, Wi-Fi, and GPS connectivity<\/b>, it allows independence from your smartphone during workouts and travel, enabling precise route tracking and real-time information updates. It includes an <b>akcelerometras<\/b> ir <b>aplinkos ap\u0161vietimo jutiklis<\/b> for advanced activity monitoring, as well as <b>integruoti garsiakalbiai<\/b> for managing calls or using voice assistants directly from your wrist. The combination of robust materials and extensive connectivity options makes this model a comprehensive solution for health and sports tracking as well as efficient daily management. In summary, the Apple Watch MF8N4QL\/A delivers a balanced experience of technology, design, and reliability, establishing itself as a benchmark in the advanced smartwatch market.<\/p>\n<ul>\n<li>Laikrod\u017eio tipas: I\u0161manusis laikrodis<\/li>\n<li>Produktas su ki\u0161tuku: Taip<\/li>\n<li>Ki\u0161tuko tipas: Ki\u0161tukas ES<\/li>\n<li>Dydis:\n<ul>\n<li>42 mm<\/li>\n<li>M\/L<\/li>\n<\/ul>\n<\/li>\n<li>Maitinimo \u0161altinis: Elektros tinklas<\/li>\n<li>Spalva:\n<ul>\n<li>Pilka<\/li>\n<li>Titanium<\/li>\n<li>Natural<\/li>\n<\/ul>\n<\/li>\n<li>Internal Memory: 64 GB<\/li>\n<li>Processor: Dual Core<\/li>\n<li>Screen: 1,77&#8243;<\/li>\n<li>Approx. dimensions: 4,2 x 3,6 x 1 cm<\/li>\n<li>Material: Rubber<\/li>\n<li>Savyb\u0117s:\n<ul>\n<li>Akselerometras<\/li>\n<li>Integruoti garsiakalbiai<\/li>\n<li>Jutiklinis ekranas<\/li>\n<li>Aplinkos \u0161viesos jutiklis<\/li>\n<li>Giroskopas<\/li>\n<li>Altimeter<\/li>\n<li>\u012emontuotas mikrofonas<\/li>\n<li>Nuva\u017eiuotas atstumas<\/li>\n<li>Miego monitorius<\/li>\n<li>Mobiliojo tinklo ry\u0161ys<\/li>\n<li>Magnetinis \u012fkrovimas<\/li>\n<li>Multisportas<\/li>\n<li>Deguonies kiekio kraujyje jutiklis<\/li>\n<li>Ekranas su u\u017eapvalintais kampais<\/li>\n<\/ul>\n<\/li>\n<li>Funkcijos:\n<ul>\n<li>Spalvotas ekranas<\/li>\n<li>Miego monitorius<\/li>\n<li>\u0160irdies da\u017enio monitorius<\/li>\n<\/ul>\n<\/li>\n<li>Akumuliatoriaus tipas:\n<ul>\n<li>Integruotas<\/li>\n<li>\"Litio Ion<\/li>\n<\/ul>\n<\/li>\n<li>Ry\u0161iai:\n<ul>\n<li>\"Bluetooth\"<\/li>\n<li>\"Wi-Fi\"<\/li>\n<li>GPS<\/li>\n<li>NFC<\/li>\n<li>Glonass<\/li>\n<li>BeiDou<\/li>\n<li>Galileo<\/li>\n<li>5G<\/li>\n<li>\"Bluetooth Low Energy<\/li>\n<li>LTE<\/li>\n<li>\"Bluetooth 5.3<\/li>\n<\/ul>\n<\/li>\n<li>Suderinamas:\n<ul>\n<li>Siri<\/li>\n<li>Apple Watch<\/li>\n<\/ul>\n<\/li>\n<li>Box: 42 mm<\/li>\n<li>Bracelet material: Silicone<\/li>\n<li>Strap colour: Grey<\/li>\n<li>Shape:\n<ul>\n<li>Rectangular<\/li>\n<li>Squared<\/li>\n<\/ul>\n<\/li>\n<li>Watch case colour: Grey<\/li>\n<li>Gender: Adults unisex<\/li>\n<li>GPS: taip<\/li>\n<li>Water resistance: 5 atm<\/li>\n<li>Fotoaparatas: Ne<\/li>\n<li>Belaidis \u012fkroviklis: Taip<\/li>\n<li>Apytiksl\u0117 autonomija: 24 valandos<\/li>\n<li>Radijas FM: ne<\/li>\n<li>Watch Strap: Silicone<\/li>\n<li>Atsparumas vandeniui: 50 m<\/li>\n<li>Watch face colour: Grey<\/li>\n<li>Technology: OLED<\/li>\n<li>USB jungtis: Ne<\/li>\n<li>Dir\u017eelis: Nuimamas<\/li>\n<li>Operating System: watchOS 7<\/li>\n<li>Sport: Swimming<\/li>\n<li>\"Flash\" atmintis: 64 MB<\/li>\n<li>Nuclei: 2 Nuclei<\/li>\n<li>Watch case diameter: \u00d8 42,5 mm<\/li>\n<\/ul>","protected":false},"excerpt":{"rendered":"<p><span class=\"unit-info\">22802.3810 &euro; \/ 1 m<\/span><\/p>","protected":false},"featured_media":104785,"comment_status":"open","ping_status":"closed","template":"","meta":{"_monsterinsights_skip_tracking":false,"_monsterinsights_sitenote_active":false,"_monsterinsights_sitenote_note":"","_monsterinsights_sitenote_category":0,"_joinchat":[]},"product_brand":[],"product_cat":[1328,1329,1330],"product_tag":[1308,1307,1306],"class_list":{"0":"post-104787","1":"product","2":"type-product","3":"status-publish","4":"has-post-thumbnail","6":"product_cat-computers-electronics","7":"product_cat-electronics-phones-tablets","8":"product_cat-smartwatches","9":"product_tag-tag_1261","10":"product_tag-tag_547","11":"product_tag-tag_1295","13":"first","14":"instock","15":"shipping-taxable","16":"purchasable","17":"product-type-simple"},"jetpack_sharing_enabled":true,"_links":{"self":[{"href":"https:\/\/go4shop.eu\/lt\/wp-json\/wp\/v2\/product\/104787","targetHints":{"allow":["GET"]}}],"collection":[{"href":"https:\/\/go4shop.eu\/lt\/wp-json\/wp\/v2\/product"}],"about":[{"href":"https:\/\/go4shop.eu\/lt\/wp-json\/wp\/v2\/types\/product"}],"replies":[{"embeddable":true,"href":"https:\/\/go4shop.eu\/lt\/wp-json\/wp\/v2\/comments?post=104787"}],"wp:featuredmedia":[{"embeddable":true,"href":"https:\/\/go4shop.eu\/lt\/wp-json\/wp\/v2\/media\/104785"}],"wp:attachment":[{"href":"https:\/\/go4shop.eu\/lt\/wp-json\/wp\/v2\/media?parent=104787"}],"wp:term":[{"taxonomy":"product_brand","embeddable":true,"href":"https:\/\/go4shop.eu\/lt\/wp-json\/wp\/v2\/product_brand?post=104787"},{"taxonomy":"product_cat","embeddable":true,"href":"https:\/\/go4shop.eu\/lt\/wp-json\/wp\/v2\/product_cat?post=104787"},{"taxonomy":"product_tag","embeddable":true,"href":"https:\/\/go4shop.eu\/lt\/wp-json\/wp\/v2\/product_tag?post=104787"}],"curies":[{"name":"wp","href":"https:\/\/api.w.org\/{rel}","templated":true}]}}