{"id":104761,"date":"2026-03-30T20:04:36","date_gmt":"2026-03-30T20:04:36","guid":{"rendered":"https:\/\/go4shop.eu\/en\/product\/mens-watch-garmin-fenix-e-amoled-47mm-black-13\/"},"modified":"2026-04-02T07:06:34","modified_gmt":"2026-04-02T07:06:34","slug":"mens-watch-garmin-fenix-e-amoled-47mm-black-13","status":"publish","type":"product","link":"https:\/\/go4shop.eu\/lt\/product\/mens-watch-garmin-fenix-e-amoled-47mm-black-13\/","title":{"rendered":"Men&#8217;s Watch GARMIN F\u00e9nix E AMOLED 47mm Black 1,3&#8243;"},"content":{"rendered":"<p>Jei esate aistringas <b>IT ir elektronika<\/b>, m\u0117gstate b\u016bti naujausios technologijos ir nepraleid\u017eiate net menkiausi\u0173 detali\u0173, \u012fsigykite <b> Men&#8217;s Watch GARMIN F\u00e9nix E AMOLED 47mm Black 1,3&#8243; <\/b> u\u017e neprilygstam\u0105 kain\u0105.<\/p>\n<ul>\n<li>Gender: Men<\/li>\n<li>Extra links: No<\/li>\n<li>Savyb\u0117s:\n<ul>\n<li>Miego monitorius<\/li>\n<li>\u0160irdies da\u017enio monitorius<\/li>\n<li>Akselerometras<\/li>\n<li>Integruoti garsiakalbiai<\/li>\n<li>Barometras<\/li>\n<li>Jutiklinis ekranas<\/li>\n<li>Giroskopas<\/li>\n<li>Altimeter<\/li>\n<li>Heart-rate Monitor<\/li>\n<li>Signalizacija<\/li>\n<li>\u012emontuotas mikrofonas<\/li>\n<li>\u017dadintuvas<\/li>\n<li>Termometras<\/li>\n<li>Nuva\u017eiuotas atstumas<\/li>\n<li>Chronometras<\/li>\n<li>Prane\u0161imai apie skambu\u010dius ir \u017einutes<\/li>\n<li>Automatic<\/li>\n<li>Multisportas<\/li>\n<li>Deguonies kiekio kraujyje jutiklis<\/li>\n<\/ul>\n<\/li>\n<li>Funkcijos:\n<ul>\n<li>Akselerometras<\/li>\n<li>Signalizacija<\/li>\n<li>Barometras<\/li>\n<li>Chronometras<\/li>\n<li>Altimeter<\/li>\n<li>Spalvotas ekranas<\/li>\n<li>Pedometras<\/li>\n<li>Suvartojam\u0173 kalorij\u0173 kiekis<\/li>\n<li>Miego monitorius<\/li>\n<li>\u012erenginio paie\u0161ka<\/li>\n<li>\u0160irdies da\u017enio monitorius<\/li>\n<\/ul>\n<\/li>\n<li>\u017eingsniamatis: Taip<\/li>\n<li>Rekomenduojama naudoti:\n<ul>\n<li>Running<\/li>\n<li>Golf<\/li>\n<li>Moutain<\/li>\n<li>Cycling<\/li>\n<li>Swimming<\/li>\n<li>Fishing<\/li>\n<li>Paddle<\/li>\n<li>Hiking<\/li>\n<li>Ski<\/li>\n<\/ul>\n<\/li>\n<li>Thermometer: Yes<\/li>\n<li>Sport: Fitness<\/li>\n<li>Jutiklinis ekranas: Taip<\/li>\n<li>Tipas:\n<ul>\n<li>Digital<\/li>\n<li>Wristwatch<\/li>\n<li>Vibrating<\/li>\n<\/ul>\n<\/li>\n<li>Water resistance: 10 atm<\/li>\n<li>\u012e komplekt\u0105 \u012feina:\n<ul>\n<li>USB<\/li>\n<li>USB kabelis<\/li>\n<li>Laikmatis<\/li>\n<li>\u012ekroviklis<\/li>\n<\/ul>\n<\/li>\n<li>Box: 47 mm<\/li>\n<li>Approx. weight: 76 g<\/li>\n<li>\u012emontuotas mikrofonas: Taip<\/li>\n<li>Spalva: juoda<\/li>\n<li>Ry\u0161iai: USB<\/li>\n<li>Ry\u0161iai:\n<ul>\n<li>\"Wi-Fi\"<\/li>\n<li>\"Bluetooth\"<\/li>\n<li>GPS<\/li>\n<li>Glonass<\/li>\n<li>BeiDou<\/li>\n<li>Galileo<\/li>\n<\/ul>\n<\/li>\n<li>Internal Memory: 16 GB<\/li>\n<li>Operacin\u0117 sistema: \"Android\"<\/li>\n<li>Screen: 1,3&#8243;<\/li>\n<li>Technologijos: AMOLED<\/li>\n<li>Med\u017eiaga:\n<ul>\n<li>Stiklas<\/li>\n<li>Silikonas<\/li>\n<\/ul>\n<\/li>\n<li>Akumuliatoriaus tipas: Integruotas<\/li>\n<li>Forma: Apskritas<\/li>\n<li>Compatible: iOS, Android<\/li>\n<li>Resolution: 454 x 454 px<\/li>\n<li>Flash Memory: 16 MB<\/li>\n<li>Dir\u017eelis: Nuimamas<\/li>\n<li>Water resistant: 10 atm<\/li>\n<\/ul>","protected":false},"excerpt":{"rendered":"<p>If you&#8217;re passionate about IT and electronics, like being up to date on technology and don&#8217;t miss even the slightest details, buy Men&#8217;s Watch GARMIN F\u00e9nix E AMOLED 47mm Black 1,3&#8243; at an unbeatable price. Gender: Men Extra links: No Characteristics: Sleep monitor Cardiac frequency monitor Accelerometer Integrated speakers Barometer Touchscreen Gyroscope Altimeter Heart-rate Monitor [&hellip;]<\/p>\n","protected":false},"featured_media":104757,"comment_status":"open","ping_status":"closed","template":"","meta":{"_monsterinsights_skip_tracking":false,"_monsterinsights_sitenote_active":false,"_monsterinsights_sitenote_note":"","_monsterinsights_sitenote_category":0,"_joinchat":[]},"product_brand":[],"product_cat":[1328,1329,1330],"product_tag":[1308,1307,1306],"class_list":{"0":"post-104761","1":"product","2":"type-product","3":"status-publish","4":"has-post-thumbnail","6":"product_cat-computers-electronics","7":"product_cat-electronics-phones-tablets","8":"product_cat-smartwatches","9":"product_tag-tag_1261","10":"product_tag-tag_547","11":"product_tag-tag_1295","13":"first","14":"instock","15":"shipping-taxable","16":"purchasable","17":"product-type-simple"},"jetpack_sharing_enabled":true,"_links":{"self":[{"href":"https:\/\/go4shop.eu\/lt\/wp-json\/wp\/v2\/product\/104761","targetHints":{"allow":["GET"]}}],"collection":[{"href":"https:\/\/go4shop.eu\/lt\/wp-json\/wp\/v2\/product"}],"about":[{"href":"https:\/\/go4shop.eu\/lt\/wp-json\/wp\/v2\/types\/product"}],"replies":[{"embeddable":true,"href":"https:\/\/go4shop.eu\/lt\/wp-json\/wp\/v2\/comments?post=104761"}],"wp:featuredmedia":[{"embeddable":true,"href":"https:\/\/go4shop.eu\/lt\/wp-json\/wp\/v2\/media\/104757"}],"wp:attachment":[{"href":"https:\/\/go4shop.eu\/lt\/wp-json\/wp\/v2\/media?parent=104761"}],"wp:term":[{"taxonomy":"product_brand","embeddable":true,"href":"https:\/\/go4shop.eu\/lt\/wp-json\/wp\/v2\/product_brand?post=104761"},{"taxonomy":"product_cat","embeddable":true,"href":"https:\/\/go4shop.eu\/lt\/wp-json\/wp\/v2\/product_cat?post=104761"},{"taxonomy":"product_tag","embeddable":true,"href":"https:\/\/go4shop.eu\/lt\/wp-json\/wp\/v2\/product_tag?post=104761"}],"curies":[{"name":"wp","href":"https:\/\/api.w.org\/{rel}","templated":true}]}}