{"id":104747,"date":"2026-03-30T20:04:22","date_gmt":"2026-03-30T20:04:22","guid":{"rendered":"https:\/\/go4shop.eu\/en\/product\/smartwatch-apple-watch-se-3-gps-cellular-black-157-40-mm-o-40-mm\/"},"modified":"2026-04-02T07:06:34","modified_gmt":"2026-04-02T07:06:34","slug":"smartwatch-apple-watch-se-3-gps-cellular-black-157-40-mm-o-40-mm","status":"publish","type":"product","link":"https:\/\/go4shop.eu\/lt\/product\/smartwatch-apple-watch-se-3-gps-cellular-black-157-40-mm-o-40-mm\/","title":{"rendered":"Smartwatch Apple Watch SE 3 GPS + Cellular Black 1,57&#8243; 40 mm \u00d8 40 mm"},"content":{"rendered":"<p>Jei esate aistringas <b>IT ir elektronika<\/b>, m\u0117gstate b\u016bti naujausios technologijos ir nepraleid\u017eiate net menkiausi\u0173 detali\u0173, \u012fsigykite <b> Smartwatch Apple Watch SE 3 GPS + Cellular Black 1,57&#8243; 40 mm \u00d8 40 mm <\/b> u\u017e neprilygstam\u0105 kain\u0105.<\/p>\n<p>Svetain\u0117 <b>Apple Watch SE3<\/b> yra universalus <b>i\u0161manusis laikrodis<\/b> that combines advanced technology with elegant design, ideal for users seeking functionality and comfort on their wrist. It features a <b>1.78-inch touchscreen<\/b> that offers excellent visibility and responds quickly and intuitively, making daily interaction and notification management easy. Its <b>40 mm aluminum case<\/b> svetain\u0117je <b>juoda<\/b> is both lightweight and durable, providing a modern, understated look suitable for both sports and everyday use. Equipped with <b>watchOS 7<\/b>, this model gives access to a specialized app ecosystem, activity tracking, heart rate monitoring, and workout tracking, staying up to date with the latest Apple features. It includes an <b>akcelerometras<\/b> ir <b>integruoti garsiakalbiai<\/b>, allowing precise movement tracking and enabling calls, sound notifications, or multimedia content directly from the device. The integration of the <b>jutiklinis ekranas<\/b> enhances the user experience by enabling efficient menu navigation. Thanks to Apple\u2019s signature design and quality materials like aluminum, the SE3 balances durability and comfort to suit the daily life of any user who values both technology and style. This smart watch is a complete and reliable option for those seeking an advanced wearable within the Apple ecosystem.<\/p>\n<ul>\n<li>Produktas su ki\u0161tuku: Taip<\/li>\n<li>Ki\u0161tuko tipas: Ki\u0161tukas ES<\/li>\n<li>Maitinimo \u0161altinis: Elektros tinklas<\/li>\n<li>Spalva: juoda<\/li>\n<li>Internal Memory: 64 GB<\/li>\n<li>Procesorius:\n<ul>\n<li>Dual Core<\/li>\n<li>Quad Core<\/li>\n<\/ul>\n<\/li>\n<li>Ekranas:\n<ul>\n<li>1,57&#8243;<\/li>\n<li>1,78&#8243;<\/li>\n<\/ul>\n<\/li>\n<li>Dydis:\n<ul>\n<li>40 mm<\/li>\n<li>M\/L<\/li>\n<\/ul>\n<\/li>\n<li>Med\u017eiaga: Aliuminis<\/li>\n<li>Savyb\u0117s:\n<ul>\n<li>Akselerometras<\/li>\n<li>Integruoti garsiakalbiai<\/li>\n<li>Jutiklinis ekranas<\/li>\n<li>Aplinkos \u0161viesos jutiklis<\/li>\n<li>Giroskopas<\/li>\n<li>Altimeter<\/li>\n<li>\u012emontuotas mikrofonas<\/li>\n<li>Optinis jutiklis<\/li>\n<li>Nuva\u017eiuotas atstumas<\/li>\n<li>Miego monitorius<\/li>\n<li>Mobiliojo tinklo ry\u0161ys<\/li>\n<li>Magnetinis \u012fkrovimas<\/li>\n<li>Multisportas<\/li>\n<li>Ekranas su u\u017eapvalintais kampais<\/li>\n<\/ul>\n<\/li>\n<li>Funkcijos:\n<ul>\n<li>Spalvotas ekranas<\/li>\n<li>Miego monitorius<\/li>\n<li>\u0160irdies da\u017enio monitorius<\/li>\n<\/ul>\n<\/li>\n<li>Akumuliatoriaus tipas:\n<ul>\n<li>Integruotas<\/li>\n<li>\"Litio Ion<\/li>\n<\/ul>\n<\/li>\n<li>Ry\u0161iai:\n<ul>\n<li>\"Bluetooth\"<\/li>\n<li>\"Wi-Fi\"<\/li>\n<li>GPS<\/li>\n<li>NFC<\/li>\n<li>Galileo<\/li>\n<li>5G<\/li>\n<li>\"Bluetooth Low Energy<\/li>\n<li>\"Bluetooth 5.3<\/li>\n<\/ul>\n<\/li>\n<li>Suderinamas:\n<ul>\n<li>Siri<\/li>\n<li>Apple Watch SE<\/li>\n<\/ul>\n<\/li>\n<li>D\u0117\u017eut\u0117: D\u0117\u017eut\u0117: 40 mm.<\/li>\n<li>Bracelet material: Fluoroelastomere<\/li>\n<li>Dir\u017eelio spalva: juoda<\/li>\n<li>Shape:\n<ul>\n<li>Rectangular<\/li>\n<li>Squared<\/li>\n<\/ul>\n<\/li>\n<li>Watch case colour: Black<\/li>\n<li>Watch face colour: Black<\/li>\n<li>Lytis: Unisex<\/li>\n<li>GPS: taip<\/li>\n<li>Water resistance: 5 atm<\/li>\n<li>Fotoaparatas: Ne<\/li>\n<li>Bracelet: S-L<\/li>\n<li>Belaidis \u012fkroviklis: Taip<\/li>\n<li>Blizgesys: 1000 cd\/m\u00b2<\/li>\n<li>Radijas FM: ne<\/li>\n<li>Watch Strap: Silicone<\/li>\n<li>Atsparumas vandeniui: 50 m<\/li>\n<li>Diameter of the box: \u00d8 40 mm<\/li>\n<li>Technology: OLED<\/li>\n<li>USB jungtis: Ne<\/li>\n<li>Dir\u017eelis: Nuimamas<\/li>\n<li>Resolution: 324 x 394 px<\/li>\n<li>Operating System: watchOS 7<\/li>\n<li>Laikrod\u017eio tipas: I\u0161manusis laikrodis<\/li>\n<li>Sport: Fitness<\/li>\n<li>\"Flash\" atmintis: 64 MB<\/li>\n<li>Branduoliai: 4 branduoliai<\/li>\n<li>Watch case diameter: \u00d8 40 mm<\/li>\n<li>Approx. autonomy: 18 hours<\/li>\n<\/ul>","protected":false},"excerpt":{"rendered":"<p><span class=\"unit-info\">9757.5000 &euro; \/ 1 m<\/span><\/p>","protected":false},"featured_media":104745,"comment_status":"open","ping_status":"closed","template":"","meta":{"_monsterinsights_skip_tracking":false,"_monsterinsights_sitenote_active":false,"_monsterinsights_sitenote_note":"","_monsterinsights_sitenote_category":0,"_joinchat":[]},"product_brand":[],"product_cat":[1328,1329,1330],"product_tag":[1308,1307,1306],"class_list":{"0":"post-104747","1":"product","2":"type-product","3":"status-publish","4":"has-post-thumbnail","6":"product_cat-computers-electronics","7":"product_cat-electronics-phones-tablets","8":"product_cat-smartwatches","9":"product_tag-tag_1261","10":"product_tag-tag_547","11":"product_tag-tag_1295","13":"first","14":"instock","15":"shipping-taxable","16":"purchasable","17":"product-type-simple"},"jetpack_sharing_enabled":true,"_links":{"self":[{"href":"https:\/\/go4shop.eu\/lt\/wp-json\/wp\/v2\/product\/104747","targetHints":{"allow":["GET"]}}],"collection":[{"href":"https:\/\/go4shop.eu\/lt\/wp-json\/wp\/v2\/product"}],"about":[{"href":"https:\/\/go4shop.eu\/lt\/wp-json\/wp\/v2\/types\/product"}],"replies":[{"embeddable":true,"href":"https:\/\/go4shop.eu\/lt\/wp-json\/wp\/v2\/comments?post=104747"}],"wp:featuredmedia":[{"embeddable":true,"href":"https:\/\/go4shop.eu\/lt\/wp-json\/wp\/v2\/media\/104745"}],"wp:attachment":[{"href":"https:\/\/go4shop.eu\/lt\/wp-json\/wp\/v2\/media?parent=104747"}],"wp:term":[{"taxonomy":"product_brand","embeddable":true,"href":"https:\/\/go4shop.eu\/lt\/wp-json\/wp\/v2\/product_brand?post=104747"},{"taxonomy":"product_cat","embeddable":true,"href":"https:\/\/go4shop.eu\/lt\/wp-json\/wp\/v2\/product_cat?post=104747"},{"taxonomy":"product_tag","embeddable":true,"href":"https:\/\/go4shop.eu\/lt\/wp-json\/wp\/v2\/product_tag?post=104747"}],"curies":[{"name":"wp","href":"https:\/\/api.w.org\/{rel}","templated":true}]}}