{"id":104735,"date":"2026-03-30T20:04:11","date_gmt":"2026-03-30T20:04:11","guid":{"rendered":"https:\/\/go4shop.eu\/en\/product\/smartwatch-apple-watch-series-11-gps-cellular-purple-196-46-mm-o-46-mm\/"},"modified":"2026-04-02T07:06:34","modified_gmt":"2026-04-02T07:06:34","slug":"smartwatch-apple-watch-series-11-gps-cellular-purple-196-46-mm-o-46-mm","status":"publish","type":"product","link":"https:\/\/go4shop.eu\/lt\/product\/smartwatch-apple-watch-series-11-gps-cellular-purple-196-46-mm-o-46-mm\/","title":{"rendered":"Smartwatch Apple Watch Series 11 GPS + Cellular Purple 1,96&#8243; 46 mm \u00d8 46 mm"},"content":{"rendered":"<p>Jei esate aistringas <b>IT ir elektronika<\/b>, m\u0117gstate b\u016bti naujausios technologijos ir nepraleid\u017eiate net menkiausi\u0173 detali\u0173, \u012fsigykite <b> Smartwatch Apple Watch Series 11 GPS + Cellular Purple 1,96&#8243; 46 mm \u00d8 46 mm <\/b> u\u017e neprilygstam\u0105 kain\u0105.<\/p>\n<p>Svetain\u0117 <b>Apple Watch Series 11<\/b> yra naujos kartos <b>i\u0161manusis laikrodis<\/b> that combines refined design and advanced technology to deliver a complete experience in health management, connectivity, and daily activity tracking. Its high-quality <b>aliuminio<\/b> case and durable <b>rubber<\/b> strap provide comfort and longevity, while the <b>46 mm size<\/b> ensures optimal viewing of notifications and apps on your wrist. The <b>silver and purple color<\/b> finish adds a modern, versatile touch, fitting both sporty and urban styles. Key features include a responsive, bright <b>jutiklinis ekranas<\/b> for intuitive menu navigation, along with an <b>akcelerometras<\/b> ir <b>aplinkos ap\u0161vietimo jutiklis<\/b> to accurately track physical activity and adjust screen brightness to your environment. The device also features <b>integruoti garsiakalbiai<\/b> for calls and audible alerts, creating an ecosystem ready to receive messages, manage music, or handle emergencies without relying on your smartphone. This generation of Apple Watch enhances every aspect of daily life, from sports tracking to health monitoring and instant access to essential information. In summary, the Apple Watch Series 11 stands out as a cutting-edge choice for users seeking the perfect blend of technology and style in their everyday routine.<\/p>\n<ul>\n<li>Laikrod\u017eio tipas: I\u0161manusis laikrodis<\/li>\n<li>Produktas su ki\u0161tuku: Taip<\/li>\n<li>Ki\u0161tuko tipas: Ki\u0161tukas ES<\/li>\n<li>Dydis:\n<ul>\n<li>46 mm<\/li>\n<li>S\/M<\/li>\n<\/ul>\n<\/li>\n<li>Maitinimo \u0161altinis: Elektros tinklas<\/li>\n<li>Spalva:\n<ul>\n<li>Purple<\/li>\n<li>Sidabrinis<\/li>\n<\/ul>\n<\/li>\n<li>Internal Memory: 64 GB<\/li>\n<li>Processor: Dual Core<\/li>\n<li>Screen: 1,96&#8243;<\/li>\n<li>Med\u017eiaga:\n<ul>\n<li>Rubber<\/li>\n<li>Aliuminis<\/li>\n<\/ul>\n<\/li>\n<li>Savyb\u0117s:\n<ul>\n<li>Akselerometras<\/li>\n<li>Integruoti garsiakalbiai<\/li>\n<li>Jutiklinis ekranas<\/li>\n<li>Aplinkos \u0161viesos jutiklis<\/li>\n<li>Giroskopas<\/li>\n<li>Altimeter<\/li>\n<li>\u012emontuotas mikrofonas<\/li>\n<li>Nuva\u017eiuotas atstumas<\/li>\n<li>Miego monitorius<\/li>\n<li>Mobiliojo tinklo ry\u0161ys<\/li>\n<li>Magnetinis \u012fkrovimas<\/li>\n<li>Multisportas<\/li>\n<li>Deguonies kiekio kraujyje jutiklis<\/li>\n<li>Ekranas su u\u017eapvalintais kampais<\/li>\n<\/ul>\n<\/li>\n<li>Funkcijos:\n<ul>\n<li>Spalvotas ekranas<\/li>\n<li>Miego monitorius<\/li>\n<li>\u0160irdies da\u017enio monitorius<\/li>\n<\/ul>\n<\/li>\n<li>Akumuliatoriaus tipas:\n<ul>\n<li>Integruotas<\/li>\n<li>\"Litio Ion<\/li>\n<\/ul>\n<\/li>\n<li>Ry\u0161iai:\n<ul>\n<li>\"Bluetooth\"<\/li>\n<li>\"Wi-Fi\"<\/li>\n<li>GPS<\/li>\n<li>NFC<\/li>\n<li>Glonass<\/li>\n<li>BeiDou<\/li>\n<li>Galileo<\/li>\n<li>5G<\/li>\n<li>\"Bluetooth Low Energy<\/li>\n<li>LTE<\/li>\n<li>\"Bluetooth 5.3<\/li>\n<\/ul>\n<\/li>\n<li>Suderinamas:\n<ul>\n<li>Siri<\/li>\n<li>\"iOS\"<\/li>\n<li>Apple Watch<\/li>\n<li>\"Apple\"<\/li>\n<li>Universalus<\/li>\n<\/ul>\n<\/li>\n<li>Box: 46 mm<\/li>\n<li>Bracelet material: Silicone<\/li>\n<li>Strap colour: Purple<\/li>\n<li>Shape:\n<ul>\n<li>Rectangular<\/li>\n<li>Squared<\/li>\n<\/ul>\n<\/li>\n<li>Gender: Adults unisex<\/li>\n<li>GPS: taip<\/li>\n<li>Water resistance: 5 atm<\/li>\n<li>Fotoaparatas: Ne<\/li>\n<li>Bracelet: S-L<\/li>\n<li>Belaidis \u012fkroviklis: Taip<\/li>\n<li>Apytiksl\u0117 autonomija: 24 valandos<\/li>\n<li>Radijas FM: ne<\/li>\n<li>Watch Strap: Silicone<\/li>\n<li>Atsparumas vandeniui: 50 m<\/li>\n<li>Diameter of the box: 46 mm<\/li>\n<li>Watch face colour: Silver<\/li>\n<li>Technology: OLED<\/li>\n<li>Watch case colour: Silver<\/li>\n<li>USB jungtis: Ne<\/li>\n<li>Dir\u017eelis: Nuimamas<\/li>\n<li>Sport: Swimming<\/li>\n<li>\"Flash\" atmintis: 64 MB<\/li>\n<li>Nuclei: 2 Nuclei<\/li>\n<li>Watch case diameter: \u00d8 46 mm<\/li>\n<li>Operating System: WatchOS 9<\/li>\n<\/ul>","protected":false},"excerpt":{"rendered":"<p><span class=\"unit-info\">15065.2174 &euro; \/ 1 m<\/span><\/p>","protected":false},"featured_media":104733,"comment_status":"open","ping_status":"closed","template":"","meta":{"_monsterinsights_skip_tracking":false,"_monsterinsights_sitenote_active":false,"_monsterinsights_sitenote_note":"","_monsterinsights_sitenote_category":0,"_joinchat":[]},"product_brand":[],"product_cat":[1328,1329,1330],"product_tag":[1308,1307,1306],"class_list":{"0":"post-104735","1":"product","2":"type-product","3":"status-publish","4":"has-post-thumbnail","6":"product_cat-computers-electronics","7":"product_cat-electronics-phones-tablets","8":"product_cat-smartwatches","9":"product_tag-tag_1261","10":"product_tag-tag_547","11":"product_tag-tag_1295","13":"first","14":"instock","15":"shipping-taxable","16":"purchasable","17":"product-type-simple"},"jetpack_sharing_enabled":true,"_links":{"self":[{"href":"https:\/\/go4shop.eu\/lt\/wp-json\/wp\/v2\/product\/104735","targetHints":{"allow":["GET"]}}],"collection":[{"href":"https:\/\/go4shop.eu\/lt\/wp-json\/wp\/v2\/product"}],"about":[{"href":"https:\/\/go4shop.eu\/lt\/wp-json\/wp\/v2\/types\/product"}],"replies":[{"embeddable":true,"href":"https:\/\/go4shop.eu\/lt\/wp-json\/wp\/v2\/comments?post=104735"}],"wp:featuredmedia":[{"embeddable":true,"href":"https:\/\/go4shop.eu\/lt\/wp-json\/wp\/v2\/media\/104733"}],"wp:attachment":[{"href":"https:\/\/go4shop.eu\/lt\/wp-json\/wp\/v2\/media?parent=104735"}],"wp:term":[{"taxonomy":"product_brand","embeddable":true,"href":"https:\/\/go4shop.eu\/lt\/wp-json\/wp\/v2\/product_brand?post=104735"},{"taxonomy":"product_cat","embeddable":true,"href":"https:\/\/go4shop.eu\/lt\/wp-json\/wp\/v2\/product_cat?post=104735"},{"taxonomy":"product_tag","embeddable":true,"href":"https:\/\/go4shop.eu\/lt\/wp-json\/wp\/v2\/product_tag?post=104735"}],"curies":[{"name":"wp","href":"https:\/\/api.w.org\/{rel}","templated":true}]}}