{"id":104717,"date":"2026-03-30T20:03:54","date_gmt":"2026-03-30T20:03:54","guid":{"rendered":"https:\/\/go4shop.eu\/en\/product\/surveillance-camcorder-samsung-sm-q506nzkaeue\/"},"modified":"2026-04-02T07:06:34","modified_gmt":"2026-04-02T07:06:34","slug":"surveillance-camcorder-samsung-sm-q506nzkaeue","status":"publish","type":"product","link":"https:\/\/go4shop.eu\/lt\/product\/surveillance-camcorder-samsung-sm-q506nzkaeue\/","title":{"rendered":"Surveillance Camcorder Samsung SM-Q506NZKAEUE"},"content":{"rendered":"<p>Jei esate aistringas <b>IT ir elektronika<\/b>, m\u0117gstate b\u016bti naujausios technologijos ir nepraleid\u017eiate net menkiausi\u0173 detali\u0173, \u012fsigykite <b> Surveillance Camcorder Samsung SM-Q506NZKAEUE <\/b> u\u017e neprilygstam\u0105 kain\u0105.<\/p>\n<ul>\n<li>Tipas: Vaizdo kamera<\/li>\n<li>Spalva:\n<ul>\n<li>Juoda<\/li>\n<li>Golden<\/li>\n<\/ul>\n<\/li>\n<li>Approx. dimensions:\n<ul>\n<li>0,7 x 0,3 cm<\/li>\n<li>0,7 x 0,3 x 0,1 cm<\/li>\n<\/ul>\n<\/li>\n<li>Savyb\u0117s:\n<ul>\n<li>Akselerometras<\/li>\n<li>Atsparus vandeniui<\/li>\n<li>Signalizacija<\/li>\n<li>Optinis jutiklis<\/li>\n<li>Nuva\u017eiuotas atstumas<\/li>\n<\/ul>\n<\/li>\n<li>Ry\u0161iai: USB-C<\/li>\n<li>Funkcijos:\n<ul>\n<li>Pedometras<\/li>\n<li>Suvartojam\u0173 kalorij\u0173 kiekis<\/li>\n<li>Miego monitorius<\/li>\n<li>\u012erenginio paie\u0161ka<\/li>\n<li>\u0160irdies da\u017enio monitorius<\/li>\n<\/ul>\n<\/li>\n<li>Ry\u0161iai:\n<ul>\n<li>\"Bluetooth\"<\/li>\n<li>\"Bluetooth Low Energy<\/li>\n<\/ul>\n<\/li>\n<li>Operacin\u0117 sistema: \"Android\"<\/li>\n<li>Maitinimo \u0161altinis: Akumuliatorius<\/li>\n<li>IP klas\u0117: IP68<\/li>\n<li>Lytis: Unisex<\/li>\n<li>Belaidis \u012fkroviklis: Taip<\/li>\n<li>Ne\u012ftrauktas: .<\/li>\n<li>\u012e komplekt\u0105 \u012feina: \u012ekroviklis<\/li>\n<li>Water resistant: 10 atm<\/li>\n<\/ul>","protected":false},"excerpt":{"rendered":"<p>If you&#8217;re passionate about IT and electronics, like being up to date on technology and don&#8217;t miss even the slightest details, buy Surveillance Camcorder Samsung SM-Q506NZKAEUE at an unbeatable price. Type: Videocamera Colour: Black Golden Approx. dimensions: 0,7 x 0,3 cm 0,7 x 0,3 x 0,1 cm Characteristics: Accelerometer Water resistant Alarm Optical sensor Distance [&hellip;]<\/p>\n","protected":false},"featured_media":104712,"comment_status":"open","ping_status":"closed","template":"","meta":{"_monsterinsights_skip_tracking":false,"_monsterinsights_sitenote_active":false,"_monsterinsights_sitenote_note":"","_monsterinsights_sitenote_category":0,"_joinchat":[]},"product_brand":[],"product_cat":[1324,1323,1325],"product_tag":[1303],"class_list":{"0":"post-104717","1":"product","2":"type-product","3":"status-publish","4":"has-post-thumbnail","6":"product_cat-automation-and-safety","7":"product_cat-home-garden","8":"product_cat-surveillance-video-cameras","9":"product_tag-tag_25","11":"first","12":"instock","13":"shipping-taxable","14":"purchasable","15":"product-type-simple"},"jetpack_sharing_enabled":true,"_links":{"self":[{"href":"https:\/\/go4shop.eu\/lt\/wp-json\/wp\/v2\/product\/104717","targetHints":{"allow":["GET"]}}],"collection":[{"href":"https:\/\/go4shop.eu\/lt\/wp-json\/wp\/v2\/product"}],"about":[{"href":"https:\/\/go4shop.eu\/lt\/wp-json\/wp\/v2\/types\/product"}],"replies":[{"embeddable":true,"href":"https:\/\/go4shop.eu\/lt\/wp-json\/wp\/v2\/comments?post=104717"}],"wp:featuredmedia":[{"embeddable":true,"href":"https:\/\/go4shop.eu\/lt\/wp-json\/wp\/v2\/media\/104712"}],"wp:attachment":[{"href":"https:\/\/go4shop.eu\/lt\/wp-json\/wp\/v2\/media?parent=104717"}],"wp:term":[{"taxonomy":"product_brand","embeddable":true,"href":"https:\/\/go4shop.eu\/lt\/wp-json\/wp\/v2\/product_brand?post=104717"},{"taxonomy":"product_cat","embeddable":true,"href":"https:\/\/go4shop.eu\/lt\/wp-json\/wp\/v2\/product_cat?post=104717"},{"taxonomy":"product_tag","embeddable":true,"href":"https:\/\/go4shop.eu\/lt\/wp-json\/wp\/v2\/product_tag?post=104717"}],"curies":[{"name":"wp","href":"https:\/\/api.w.org\/{rel}","templated":true}]}}