{"id":104707,"date":"2026-03-30T20:03:43","date_gmt":"2026-03-30T20:03:43","guid":{"rendered":"https:\/\/go4shop.eu\/en\/product\/surveillance-camcorder-axis-m3116-lve\/"},"modified":"2026-04-02T07:06:34","modified_gmt":"2026-04-02T07:06:34","slug":"surveillance-camcorder-axis-m3116-lve","status":"publish","type":"product","link":"https:\/\/go4shop.eu\/lt\/product\/surveillance-camcorder-axis-m3116-lve\/","title":{"rendered":"Surveillance Camcorder Axis M3116-LVE"},"content":{"rendered":"<p>Jei esate aistringas <b>IT ir elektronika<\/b>, m\u0117gstate b\u016bti naujausios technologijos ir nepraleid\u017eiate net menkiausi\u0173 detali\u0173, \u012fsigykite <b> Surveillance Camcorder Axis M3116-LVE <\/b> u\u017e neprilygstam\u0105 kain\u0105.<\/p>\n<ul>\n<li>Tipas:\n<ul>\n<li>Laidinis<\/li>\n<li>Vaizdo kamera<\/li>\n<li>IP apsaugos kamera<\/li>\n<\/ul>\n<\/li>\n<li>Ry\u0161iai:\n<ul>\n<li>Ethernet LAN<\/li>\n<li>RJ45<\/li>\n<\/ul>\n<\/li>\n<li>Funkcijos: Naktinis matymas<\/li>\n<li>Spalva: balta<\/li>\n<li>Camera: 4 Mp<\/li>\n<li>Suderinamos atminties kortel\u0117s: MicroSD (TransFlash), MicroSDHC, MicroSDXC<\/li>\n<li>Jutiklis: CMOS<\/li>\n<li>Kamer\u0173 skai\u010dius: 1<\/li>\n<li>Night vision: Yes<\/li>\n<li>Med\u017eiaga: Metalas<\/li>\n<li>Savyb\u0117s:\n<ul>\n<li>Liekna kontrol\u0117<\/li>\n<li>Korteli\u0173 skaitytuvas<\/li>\n<li>Duomen\u0173 apsauga \/ slapta\u017eodis<\/li>\n<\/ul>\n<\/li>\n<li>Maitinimo \u0161altinis: Elektros kabelis<\/li>\n<li>Channels: 4<\/li>\n<li>Interface: Gigabit Ethernet<\/li>\n<li>IP rating: IP66<\/li>\n<li>Technology: HDD<\/li>\n<li>Vaizdo \u012fra\u0161\u0173 skiriamoji geba: 1080 px<\/li>\n<li>Ne\u012ftrauktas:\n<ul>\n<li>\"WiFi\"<\/li>\n<li>\"Bluetooth\"<\/li>\n<\/ul>\n<\/li>\n<li>Approx. weight: 390 g<\/li>\n<li>Lenses: x1<\/li>\n<li>\u012e komplekt\u0105 \u012feina: Vartotojo vadovas<\/li>\n<li>Skiriamoji geba (px):\n<ul>\n<li>1080 px<\/li>\n<li>2688 x 1512 px<\/li>\n<\/ul>\n<\/li>\n<\/ul>","protected":false},"excerpt":{"rendered":"<p>If you&#8217;re passionate about IT and electronics, like being up to date on technology and don&#8217;t miss even the slightest details, buy Surveillance Camcorder Axis M3116-LVE at an unbeatable price. Type: Wired Videocamera IP security camera Connections: Ethernet LAN RJ45 Functions: Night vision Colour: White Camera: 4 Mp Compatible memory cards: MicroSD (TransFlash),MicroSDHC,MicroSDXC Sensor: CMOS [&hellip;]<\/p>\n","protected":false},"featured_media":104704,"comment_status":"open","ping_status":"closed","template":"","meta":{"_monsterinsights_skip_tracking":false,"_monsterinsights_sitenote_active":false,"_monsterinsights_sitenote_note":"","_monsterinsights_sitenote_category":0,"_joinchat":[]},"product_brand":[],"product_cat":[1324,1323,1325],"product_tag":[1303],"class_list":{"0":"post-104707","1":"product","2":"type-product","3":"status-publish","4":"has-post-thumbnail","6":"product_cat-automation-and-safety","7":"product_cat-home-garden","8":"product_cat-surveillance-video-cameras","9":"product_tag-tag_25","11":"first","12":"instock","13":"shipping-taxable","14":"purchasable","15":"product-type-simple"},"jetpack_sharing_enabled":true,"_links":{"self":[{"href":"https:\/\/go4shop.eu\/lt\/wp-json\/wp\/v2\/product\/104707","targetHints":{"allow":["GET"]}}],"collection":[{"href":"https:\/\/go4shop.eu\/lt\/wp-json\/wp\/v2\/product"}],"about":[{"href":"https:\/\/go4shop.eu\/lt\/wp-json\/wp\/v2\/types\/product"}],"replies":[{"embeddable":true,"href":"https:\/\/go4shop.eu\/lt\/wp-json\/wp\/v2\/comments?post=104707"}],"wp:featuredmedia":[{"embeddable":true,"href":"https:\/\/go4shop.eu\/lt\/wp-json\/wp\/v2\/media\/104704"}],"wp:attachment":[{"href":"https:\/\/go4shop.eu\/lt\/wp-json\/wp\/v2\/media?parent=104707"}],"wp:term":[{"taxonomy":"product_brand","embeddable":true,"href":"https:\/\/go4shop.eu\/lt\/wp-json\/wp\/v2\/product_brand?post=104707"},{"taxonomy":"product_cat","embeddable":true,"href":"https:\/\/go4shop.eu\/lt\/wp-json\/wp\/v2\/product_cat?post=104707"},{"taxonomy":"product_tag","embeddable":true,"href":"https:\/\/go4shop.eu\/lt\/wp-json\/wp\/v2\/product_tag?post=104707"}],"curies":[{"name":"wp","href":"https:\/\/api.w.org\/{rel}","templated":true}]}}