{"id":104625,"date":"2026-03-30T20:02:15","date_gmt":"2026-03-30T20:02:15","guid":{"rendered":"https:\/\/go4shop.eu\/en\/product\/smartwatch-apple-mf1t4ql-a-black-49-mm\/"},"modified":"2026-04-02T07:06:33","modified_gmt":"2026-04-02T07:06:33","slug":"smartwatch-apple-mf1t4ql-a-black-49-mm","status":"publish","type":"product","link":"https:\/\/go4shop.eu\/lt\/product\/smartwatch-apple-mf1t4ql-a-black-49-mm\/","title":{"rendered":"Smartwatch Apple MF1T4QL\/A Black 49 mm"},"content":{"rendered":"<p>Jei esate aistringas <b>IT ir elektronika<\/b>, m\u0117gstate b\u016bti naujausios technologijos ir nepraleid\u017eiate net menkiausi\u0173 detali\u0173, \u012fsigykite <b> Smartwatch Apple MF1T4QL\/A Black 49 mm <\/b> u\u017e neprilygstam\u0105 kain\u0105.<\/p>\n<ul>\n<li>Laikrod\u017eio tipas: I\u0161manusis laikrodis<\/li>\n<li>Produktas su ki\u0161tuku: Taip<\/li>\n<li>Ki\u0161tuko tipas: Ki\u0161tukas ES<\/li>\n<li>Spalva:\n<ul>\n<li>Titanium<\/li>\n<li>Juoda<\/li>\n<\/ul>\n<\/li>\n<li>Size: 49 mm<\/li>\n<li>Maitinimo \u0161altinis: Elektros tinklas<\/li>\n<li>Internal Memory: 64 GB<\/li>\n<li>Processor: Dual Core<\/li>\n<li>Savyb\u0117s:\n<ul>\n<li>Akselerometras<\/li>\n<li>Integruoti garsiakalbiai<\/li>\n<li>Jutiklinis ekranas<\/li>\n<li>Aplinkos \u0161viesos jutiklis<\/li>\n<li>Giroskopas<\/li>\n<li>Altimeter<\/li>\n<li>Signalizacija<\/li>\n<li>\u012emontuotas mikrofonas<\/li>\n<li>Nuva\u017eiuotas atstumas<\/li>\n<li>Miego monitorius<\/li>\n<li>Mobiliojo tinklo ry\u0161ys<\/li>\n<li>Magnetinis \u012fkrovimas<\/li>\n<li>Multisportas<\/li>\n<li>Deguonies kiekio kraujyje jutiklis<\/li>\n<li>Ekranas su u\u017eapvalintais kampais<\/li>\n<\/ul>\n<\/li>\n<li>Funkcijos:\n<ul>\n<li>Spalvotas ekranas<\/li>\n<li>Miego monitorius<\/li>\n<li>\u0160irdies da\u017enio monitorius<\/li>\n<\/ul>\n<\/li>\n<li>Akumuliatoriaus tipas:\n<ul>\n<li>Integruotas<\/li>\n<li>\"Litio Ion<\/li>\n<\/ul>\n<\/li>\n<li>Ry\u0161iai:\n<ul>\n<li>\"Bluetooth\"<\/li>\n<li>\"Wi-Fi\"<\/li>\n<li>GPS<\/li>\n<li>NFC<\/li>\n<li>Glonass<\/li>\n<li>BeiDou<\/li>\n<li>Galileo<\/li>\n<li>5G<\/li>\n<li>\"Bluetooth Low Energy<\/li>\n<li>LTE<\/li>\n<li>\"Bluetooth 5.3<\/li>\n<\/ul>\n<\/li>\n<li>Compatible: Siri<\/li>\n<li>Box: 49 mm<\/li>\n<li>Shape:\n<ul>\n<li>Rectangular<\/li>\n<li>Squared<\/li>\n<\/ul>\n<\/li>\n<li>Fotoaparatas: Ne<\/li>\n<li>Belaidis \u012fkroviklis: Taip<\/li>\n<li>Radijas FM: ne<\/li>\n<li>Technology: OLED<\/li>\n<li>USB jungtis: Ne<\/li>\n<li>Dir\u017eelis: Nuimamas<\/li>\n<li>Water resistant: 10 atm<\/li>\n<li>\"Flash\" atmintis: 64 MB<\/li>\n<li>Nuclei: 2 Nuclei<\/li>\n<\/ul>","protected":false},"excerpt":{"rendered":"<p><span class=\"unit-info\">21212.2449 &euro; \/ 1 m<\/span><\/p>","protected":false},"featured_media":104623,"comment_status":"open","ping_status":"closed","template":"","meta":{"_monsterinsights_skip_tracking":false,"_monsterinsights_sitenote_active":false,"_monsterinsights_sitenote_note":"","_monsterinsights_sitenote_category":0,"_joinchat":[]},"product_brand":[],"product_cat":[1328,1329,1330],"product_tag":[1308,1307,1306],"class_list":{"0":"post-104625","1":"product","2":"type-product","3":"status-publish","4":"has-post-thumbnail","6":"product_cat-computers-electronics","7":"product_cat-electronics-phones-tablets","8":"product_cat-smartwatches","9":"product_tag-tag_1261","10":"product_tag-tag_547","11":"product_tag-tag_1295","13":"first","14":"outofstock","15":"shipping-taxable","16":"purchasable","17":"product-type-simple"},"jetpack_sharing_enabled":true,"_links":{"self":[{"href":"https:\/\/go4shop.eu\/lt\/wp-json\/wp\/v2\/product\/104625","targetHints":{"allow":["GET"]}}],"collection":[{"href":"https:\/\/go4shop.eu\/lt\/wp-json\/wp\/v2\/product"}],"about":[{"href":"https:\/\/go4shop.eu\/lt\/wp-json\/wp\/v2\/types\/product"}],"replies":[{"embeddable":true,"href":"https:\/\/go4shop.eu\/lt\/wp-json\/wp\/v2\/comments?post=104625"}],"wp:featuredmedia":[{"embeddable":true,"href":"https:\/\/go4shop.eu\/lt\/wp-json\/wp\/v2\/media\/104623"}],"wp:attachment":[{"href":"https:\/\/go4shop.eu\/lt\/wp-json\/wp\/v2\/media?parent=104625"}],"wp:term":[{"taxonomy":"product_brand","embeddable":true,"href":"https:\/\/go4shop.eu\/lt\/wp-json\/wp\/v2\/product_brand?post=104625"},{"taxonomy":"product_cat","embeddable":true,"href":"https:\/\/go4shop.eu\/lt\/wp-json\/wp\/v2\/product_cat?post=104625"},{"taxonomy":"product_tag","embeddable":true,"href":"https:\/\/go4shop.eu\/lt\/wp-json\/wp\/v2\/product_tag?post=104625"}],"curies":[{"name":"wp","href":"https:\/\/api.w.org\/{rel}","templated":true}]}}