{"id":104389,"date":"2026-03-30T19:57:15","date_gmt":"2026-03-30T19:57:15","guid":{"rendered":"https:\/\/go4shop.eu\/en\/product\/smartwatch-apple-apple-watch-series-11-gps-46mm-black-196-46-mm-o-46-mm\/"},"modified":"2026-04-02T07:06:33","modified_gmt":"2026-04-02T07:06:33","slug":"smartwatch-apple-apple-watch-series-11-gps-46mm-black-196-46-mm-o-46-mm","status":"publish","type":"product","link":"https:\/\/go4shop.eu\/lt\/product\/smartwatch-apple-apple-watch-series-11-gps-46mm-black-196-46-mm-o-46-mm\/","title":{"rendered":"Smartwatch Apple Apple Watch Series 11 GPS 46mm Black 1,96&#8243; 46 mm \u00d8 46 mm"},"content":{"rendered":"<p>Jei ie\u0161kote nauj\u0173 rinkos tendencij\u0173, pristatome <b>Smartwatch Apple Apple Watch Series 11 GPS 46mm Black 1,96&#8243; 46 mm \u00d8 46 mm<\/b>!<\/p>\n<ul>\n<li>Laikrod\u017eio tipas: I\u0161manusis laikrodis<\/li>\n<li>Produktas su ki\u0161tuku: Taip<\/li>\n<li>Maitinimo \u0161altinis: Elektros tinklas<\/li>\n<li>Spalva: juoda<\/li>\n<li>Internal Memory: 64 GB<\/li>\n<li>Processor: Dual Core<\/li>\n<li>Screen: 1,96&#8243;<\/li>\n<li>Med\u017eiaga:\n<ul>\n<li>Stiklas<\/li>\n<li>Silikonas<\/li>\n<li>Aliuminis<\/li>\n<\/ul>\n<\/li>\n<li>Ry\u0161iai:\n<ul>\n<li>\"Bluetooth\"<\/li>\n<li>\"Wi-Fi\"<\/li>\n<li>GPS<\/li>\n<\/ul>\n<\/li>\n<li>Box: 46 mm<\/li>\n<li>Bracelet material: Fluoroelastomere<\/li>\n<li>Dir\u017eelio spalva: juoda<\/li>\n<li>Technologijos:\n<ul>\n<li>GPS<\/li>\n<li>Belaidis<\/li>\n<li>Jutiklinis kilim\u0117lis<\/li>\n<li>Pedometras<\/li>\n<li>Heart-rate Monitor<\/li>\n<li>OLED<\/li>\n<\/ul>\n<\/li>\n<li>Watch case colour: Black<\/li>\n<li>Watch face colour: Black<\/li>\n<li>Lytis: Unisex<\/li>\n<li>GPS: taip<\/li>\n<li>Water resistance: 5 atm<\/li>\n<li>Compatible: iOS<\/li>\n<li>Bracelet: Adjustable<\/li>\n<li>Apytiksl\u0117 autonomija: 24 valandos<\/li>\n<li>Watch Strap: Silicone<\/li>\n<li>Diameter of the box: 46 mm<\/li>\n<li>Dydis:\n<ul>\n<li>46 mm<\/li>\n<li>M\/L<\/li>\n<\/ul>\n<\/li>\n<li>Operating System: watchOS 7<\/li>\n<li>Sport:\n<ul>\n<li>Fitness<\/li>\n<li>Swimming<\/li>\n<\/ul>\n<\/li>\n<li>Watch case diameter: \u00d8 46 mm<\/li>\n<\/ul>","protected":false},"excerpt":{"rendered":"<p><span class=\"unit-info\">10782.6087 &euro; \/ 1 m<\/span><\/p>","protected":false},"featured_media":104387,"comment_status":"open","ping_status":"closed","template":"","meta":{"_monsterinsights_skip_tracking":false,"_monsterinsights_sitenote_active":false,"_monsterinsights_sitenote_note":"","_monsterinsights_sitenote_category":0,"_joinchat":[]},"product_brand":[],"product_cat":[1328,1329,1330],"product_tag":[1308,1307,1306],"class_list":{"0":"post-104389","1":"product","2":"type-product","3":"status-publish","4":"has-post-thumbnail","6":"product_cat-computers-electronics","7":"product_cat-electronics-phones-tablets","8":"product_cat-smartwatches","9":"product_tag-tag_1261","10":"product_tag-tag_547","11":"product_tag-tag_1295","13":"first","14":"instock","15":"shipping-taxable","16":"purchasable","17":"product-type-simple"},"jetpack_sharing_enabled":true,"_links":{"self":[{"href":"https:\/\/go4shop.eu\/lt\/wp-json\/wp\/v2\/product\/104389","targetHints":{"allow":["GET"]}}],"collection":[{"href":"https:\/\/go4shop.eu\/lt\/wp-json\/wp\/v2\/product"}],"about":[{"href":"https:\/\/go4shop.eu\/lt\/wp-json\/wp\/v2\/types\/product"}],"replies":[{"embeddable":true,"href":"https:\/\/go4shop.eu\/lt\/wp-json\/wp\/v2\/comments?post=104389"}],"wp:featuredmedia":[{"embeddable":true,"href":"https:\/\/go4shop.eu\/lt\/wp-json\/wp\/v2\/media\/104387"}],"wp:attachment":[{"href":"https:\/\/go4shop.eu\/lt\/wp-json\/wp\/v2\/media?parent=104389"}],"wp:term":[{"taxonomy":"product_brand","embeddable":true,"href":"https:\/\/go4shop.eu\/lt\/wp-json\/wp\/v2\/product_brand?post=104389"},{"taxonomy":"product_cat","embeddable":true,"href":"https:\/\/go4shop.eu\/lt\/wp-json\/wp\/v2\/product_cat?post=104389"},{"taxonomy":"product_tag","embeddable":true,"href":"https:\/\/go4shop.eu\/lt\/wp-json\/wp\/v2\/product_tag?post=104389"}],"curies":[{"name":"wp","href":"https:\/\/api.w.org\/{rel}","templated":true}]}}