{"id":104386,"date":"2026-03-30T19:57:12","date_gmt":"2026-03-30T19:57:12","guid":{"rendered":"https:\/\/go4shop.eu\/en\/product\/smartwatch-huawei-watch-gt-6-pro-46mm-atum-b29m-silver-147-46-mm\/"},"modified":"2026-04-02T07:06:33","modified_gmt":"2026-04-02T07:06:33","slug":"smartwatch-huawei-watch-gt-6-pro-46mm-atum-b29m-silver-147-46-mm","status":"publish","type":"product","link":"https:\/\/go4shop.eu\/lt\/product\/smartwatch-huawei-watch-gt-6-pro-46mm-atum-b29m-silver-147-46-mm\/","title":{"rendered":"Smartwatch Huawei Watch GT 6 Pro 46mm Atum-B29M Silver 1,47&#8243; 46 mm"},"content":{"rendered":"<p>Jei ie\u0161kote nauj\u0173 rinkos tendencij\u0173, pristatome <b>Smartwatch Huawei Watch GT 6 Pro 46mm Atum-B29M Silver 1,47&#8243; 46 mm<\/b>!<\/p>\n<ul>\n<li>Laikrod\u017eio tipas: I\u0161manusis laikrodis<\/li>\n<li>Produktas su ki\u0161tuku: Taip<\/li>\n<li>Maitinimo \u0161altinis: Elektros tinklas<\/li>\n<li>Spalva:\n<ul>\n<li>Sidabrinis<\/li>\n<li>Titanium<\/li>\n<\/ul>\n<\/li>\n<li>Screen: 1,47&#8243;<\/li>\n<li>Technologijos: AMOLED<\/li>\n<li>Savyb\u0117s:\n<ul>\n<li>Integruoti garsiakalbiai<\/li>\n<li>Jutiklinis ekranas<\/li>\n<li>Aplinkos \u0161viesos jutiklis<\/li>\n<li>\u012etrauktas montavimo vadovas<\/li>\n<\/ul>\n<\/li>\n<li>Akumuliatoriaus tipas:\n<ul>\n<li>Integruotas<\/li>\n<li>\"Litio Ion<\/li>\n<\/ul>\n<\/li>\n<li>Ry\u0161iai:\n<ul>\n<li>\"Bluetooth\"<\/li>\n<li>GPS<\/li>\n<li>NFC<\/li>\n<\/ul>\n<\/li>\n<li>Internal Memory: 64 GB<\/li>\n<li>Box: 46 mm<\/li>\n<li>Forma: Apskritas<\/li>\n<li>Approx. autonomy: 500 hours<\/li>\n<li>Funkcijos: \u0160irdies da\u017enio monitorius<\/li>\n<li>Battery operated: 1 Pol\u00edmero de litio<\/li>\n<li>\u012e komplekt\u0105 \u012feina: \u012ekroviklis<\/li>\n<li>\"Flash\" atmintis: 64 MB<\/li>\n<\/ul>","protected":false},"excerpt":{"rendered":"<p>If you are looking for new market trending items, we present the Smartwatch Huawei Watch GT 6 Pro 46mm Atum-B29M Silver 1,47&#8243; 46 mm! Type of watch: Smartwatch Product with plug: Yes Power supply: Electric Network Colour: Silver Titanium Screen: 1,47&#8243; Technology: AMOLED Characteristics: Integrated speakers Touchscreen Ambient light sensor Installation guide included Battery type: [&hellip;]<\/p>\n","protected":false},"featured_media":104370,"comment_status":"open","ping_status":"closed","template":"","meta":{"_monsterinsights_skip_tracking":false,"_monsterinsights_sitenote_active":false,"_monsterinsights_sitenote_note":"","_monsterinsights_sitenote_category":0,"_joinchat":[]},"product_brand":[],"product_cat":[1328,1329,1330],"product_tag":[1308,1307,1306],"class_list":{"0":"post-104386","1":"product","2":"type-product","3":"status-publish","4":"has-post-thumbnail","6":"product_cat-computers-electronics","7":"product_cat-electronics-phones-tablets","8":"product_cat-smartwatches","9":"product_tag-tag_1261","10":"product_tag-tag_547","11":"product_tag-tag_1295","13":"first","14":"instock","15":"shipping-taxable","16":"purchasable","17":"product-type-simple"},"jetpack_sharing_enabled":true,"_links":{"self":[{"href":"https:\/\/go4shop.eu\/lt\/wp-json\/wp\/v2\/product\/104386","targetHints":{"allow":["GET"]}}],"collection":[{"href":"https:\/\/go4shop.eu\/lt\/wp-json\/wp\/v2\/product"}],"about":[{"href":"https:\/\/go4shop.eu\/lt\/wp-json\/wp\/v2\/types\/product"}],"replies":[{"embeddable":true,"href":"https:\/\/go4shop.eu\/lt\/wp-json\/wp\/v2\/comments?post=104386"}],"wp:featuredmedia":[{"embeddable":true,"href":"https:\/\/go4shop.eu\/lt\/wp-json\/wp\/v2\/media\/104370"}],"wp:attachment":[{"href":"https:\/\/go4shop.eu\/lt\/wp-json\/wp\/v2\/media?parent=104386"}],"wp:term":[{"taxonomy":"product_brand","embeddable":true,"href":"https:\/\/go4shop.eu\/lt\/wp-json\/wp\/v2\/product_brand?post=104386"},{"taxonomy":"product_cat","embeddable":true,"href":"https:\/\/go4shop.eu\/lt\/wp-json\/wp\/v2\/product_cat?post=104386"},{"taxonomy":"product_tag","embeddable":true,"href":"https:\/\/go4shop.eu\/lt\/wp-json\/wp\/v2\/product_tag?post=104386"}],"curies":[{"name":"wp","href":"https:\/\/api.w.org\/{rel}","templated":true}]}}