{"id":104229,"date":"2026-03-30T19:54:01","date_gmt":"2026-03-30T19:54:01","guid":{"rendered":"https:\/\/go4shop.eu\/en\/product\/shaver-braun\/"},"modified":"2026-04-02T07:06:32","modified_gmt":"2026-04-02T07:06:32","slug":"shaver-braun","status":"publish","type":"product","link":"https:\/\/go4shop.eu\/lt\/product\/shaver-braun\/","title":{"rendered":"Shaver Braun"},"content":{"rendered":"<p>The Shaver Braun is an exclusive, top-quality product for body care. If you are looking for the best personal hygiene products, the 100 % original Braun products are just what you\u2019re looking for.<\/p>\n<p>Svetain\u0117 <b>Braun shaver<\/b> svetain\u0117je <b>juoda<\/b> is a practical and efficient tool designed to provide a comfortable and precise shave. Its design features <b>button controls<\/b> for intuitive management of its functions, adapting to user preferences. One of its key features is that it is fully <b>washable<\/b>, allowing easy and quick cleaning under running water, ensuring better hygiene and device maintenance. It also includes a built-in <b>battery indicator<\/b> that continuously shows the charge status to avoid unexpected interruptions during shaving. It operates with <b>battery power<\/b>, offering cordless freedom of movement, ideal for use anywhere. This model also comes with a <b>case<\/b> for easy transport and protected storage. Made in <b>Germany<\/b>, this shaver combines quality and functionality, suitable for those seeking a practical and durable tool for daily personal care. In summary, this Braun shaver is a reliable choice that includes essential features for an effective and comfortable shave.<\/p>\n<ul>\n<li>Produktas su ki\u0161tuku: Taip<\/li>\n<li>Maitinimo \u0161altinis:\n<ul>\n<li>Elektros tinklas<\/li>\n<li>Akumuliatorius<\/li>\n<\/ul>\n<\/li>\n<li>Spalva:\n<ul>\n<li>Juoda<\/li>\n<li>noir<\/li>\n<\/ul>\n<\/li>\n<li>Akumuliatoriaus tipas:\n<ul>\n<li>Li-Ion<\/li>\n<li>Integruotas<\/li>\n<li>\u012ekraunamas<\/li>\n<li>\"Litio Ion<\/li>\n<\/ul>\n<\/li>\n<li>Approx. dimensions:\n<ul>\n<li>24 x 13 x 8 cm<\/li>\n<li>26 x 15 x 24 cm<\/li>\n<\/ul>\n<\/li>\n<li>Savyb\u0117s:\n<ul>\n<li>Washable<\/li>\n<li>Battery indicator<\/li>\n<li>Control through buttons<\/li>\n<li>Greitas ir saugus \u012fkrovimas<\/li>\n<\/ul>\n<\/li>\n<li>\u012e komplekt\u0105 \u012feina:\n<ul>\n<li>Maitinimo laidas<\/li>\n<li>Byla<\/li>\n<li>Brush<\/li>\n<\/ul>\n<\/li>\n<li>Approx. charging time: 1 time<\/li>\n<li>\u012etampa: 100-240 V<\/li>\n<li>Trimmer: Yes<\/li>\n<\/ul>","protected":false},"excerpt":{"rendered":"<p>The Shaver Braun is an exclusive, top-quality product for body care. If you are looking for the best personal hygiene products, the 100 % original Braun products are just what you\u2019re looking for. The Braun shaver in black is a practical and efficient tool designed to provide a comfortable and precise shave. Its design features [&hellip;]<\/p>\n","protected":false},"featured_media":104220,"comment_status":"open","ping_status":"closed","template":"","meta":{"_monsterinsights_skip_tracking":false,"_monsterinsights_sitenote_active":false,"_monsterinsights_sitenote_note":"","_monsterinsights_sitenote_category":0,"_joinchat":[]},"product_brand":[],"product_cat":[1317,1321,1309],"product_tag":[1300,1302,1301],"class_list":{"0":"post-104229","1":"product","2":"type-product","3":"status-publish","4":"has-post-thumbnail","6":"product_cat-beauty-treatments","7":"product_cat-hair-removal-and-shaving","8":"product_cat-health-beauty","9":"product_tag-tag_923","10":"product_tag-tag_1304","11":"product_tag-tag_930","13":"first","14":"instock","15":"shipping-taxable","16":"purchasable","17":"product-type-simple"},"jetpack_sharing_enabled":true,"_links":{"self":[{"href":"https:\/\/go4shop.eu\/lt\/wp-json\/wp\/v2\/product\/104229","targetHints":{"allow":["GET"]}}],"collection":[{"href":"https:\/\/go4shop.eu\/lt\/wp-json\/wp\/v2\/product"}],"about":[{"href":"https:\/\/go4shop.eu\/lt\/wp-json\/wp\/v2\/types\/product"}],"replies":[{"embeddable":true,"href":"https:\/\/go4shop.eu\/lt\/wp-json\/wp\/v2\/comments?post=104229"}],"wp:featuredmedia":[{"embeddable":true,"href":"https:\/\/go4shop.eu\/lt\/wp-json\/wp\/v2\/media\/104220"}],"wp:attachment":[{"href":"https:\/\/go4shop.eu\/lt\/wp-json\/wp\/v2\/media?parent=104229"}],"wp:term":[{"taxonomy":"product_brand","embeddable":true,"href":"https:\/\/go4shop.eu\/lt\/wp-json\/wp\/v2\/product_brand?post=104229"},{"taxonomy":"product_cat","embeddable":true,"href":"https:\/\/go4shop.eu\/lt\/wp-json\/wp\/v2\/product_cat?post=104229"},{"taxonomy":"product_tag","embeddable":true,"href":"https:\/\/go4shop.eu\/lt\/wp-json\/wp\/v2\/product_tag?post=104229"}],"curies":[{"name":"wp","href":"https:\/\/api.w.org\/{rel}","templated":true}]}}