{"id":104216,"date":"2026-03-30T19:53:46","date_gmt":"2026-03-30T19:53:46","guid":{"rendered":"https:\/\/go4shop.eu\/en\/product\/smartwatch-apple-apple-watch-se-3-black-157-40-mm-o-40-mm\/"},"modified":"2026-04-02T07:06:32","modified_gmt":"2026-04-02T07:06:32","slug":"smartwatch-apple-apple-watch-se-3-black-157-40-mm-o-40-mm","status":"publish","type":"product","link":"https:\/\/go4shop.eu\/lt\/product\/smartwatch-apple-apple-watch-se-3-black-157-40-mm-o-40-mm\/","title":{"rendered":"Smartwatch Apple Apple Watch SE 3 Black 1,57&#8243; 40 mm \u00d8 40 mm"},"content":{"rendered":"<p>Jei ie\u0161kote nauj\u0173 rinkos tendencij\u0173, pristatome <b>Smartwatch Apple Apple Watch SE 3 Black 1,57&#8243; 40 mm \u00d8 40 mm<\/b>!<\/p>\n<ul>\n<li>Laikrod\u017eio tipas: I\u0161manusis laikrodis<\/li>\n<li>Produktas su ki\u0161tuku: Taip<\/li>\n<li>Ki\u0161tuko tipas: Ki\u0161tukas ES<\/li>\n<li>Maitinimo \u0161altinis: Elektros tinklas<\/li>\n<li>Spalva: juoda<\/li>\n<li>Internal Memory: 64 GB<\/li>\n<li>Processor: Dual Core<\/li>\n<li>Screen: 1,57&#8243;<\/li>\n<li>Dydis:\n<ul>\n<li>40 mm<\/li>\n<li>S\/M<\/li>\n<\/ul>\n<\/li>\n<li>Med\u017eiaga: Aliuminis<\/li>\n<li>Ry\u0161iai:\n<ul>\n<li>\"Bluetooth\"<\/li>\n<li>\"Wi-Fi\"<\/li>\n<li>GPS<\/li>\n<\/ul>\n<\/li>\n<li>D\u0117\u017eut\u0117: D\u0117\u017eut\u0117: 40 mm.<\/li>\n<li>Bracelet material: Fluoroelastomere<\/li>\n<li>Dir\u017eelio spalva: juoda<\/li>\n<li>Technologijos:\n<ul>\n<li>GPS<\/li>\n<li>Belaidis<\/li>\n<li>Jutiklinis kilim\u0117lis<\/li>\n<li>OLED<\/li>\n<\/ul>\n<\/li>\n<li>Watch case colour: Black<\/li>\n<li>Watch face colour: Black<\/li>\n<li>Lytis: Unisex<\/li>\n<li>GPS: taip<\/li>\n<li>Water resistance: 5 atm<\/li>\n<li>Compatible: iOS<\/li>\n<li>Bracelet: S-L<\/li>\n<li>Watch Strap: Silicone<\/li>\n<li>Diameter of the box: \u00d8 40 mm<\/li>\n<li>Operating System: watchOS 7<\/li>\n<li>Sport:\n<ul>\n<li>Fitness<\/li>\n<li>Swimming<\/li>\n<\/ul>\n<\/li>\n<li>Watch case diameter: \u00d8 40 mm<\/li>\n<li>Approx. autonomy: 18 hours<\/li>\n<\/ul>","protected":false},"excerpt":{"rendered":"<p><span class=\"unit-info\">8135.0000 &euro; \/ 1 m<\/span><\/p>","protected":false},"featured_media":104214,"comment_status":"open","ping_status":"closed","template":"","meta":{"_monsterinsights_skip_tracking":false,"_monsterinsights_sitenote_active":false,"_monsterinsights_sitenote_note":"","_monsterinsights_sitenote_category":0,"_joinchat":[]},"product_brand":[],"product_cat":[1328,1329,1330],"product_tag":[1308,1307,1306],"class_list":{"0":"post-104216","1":"product","2":"type-product","3":"status-publish","4":"has-post-thumbnail","6":"product_cat-computers-electronics","7":"product_cat-electronics-phones-tablets","8":"product_cat-smartwatches","9":"product_tag-tag_1261","10":"product_tag-tag_547","11":"product_tag-tag_1295","13":"first","14":"instock","15":"shipping-taxable","16":"purchasable","17":"product-type-simple"},"jetpack_sharing_enabled":true,"_links":{"self":[{"href":"https:\/\/go4shop.eu\/lt\/wp-json\/wp\/v2\/product\/104216","targetHints":{"allow":["GET"]}}],"collection":[{"href":"https:\/\/go4shop.eu\/lt\/wp-json\/wp\/v2\/product"}],"about":[{"href":"https:\/\/go4shop.eu\/lt\/wp-json\/wp\/v2\/types\/product"}],"replies":[{"embeddable":true,"href":"https:\/\/go4shop.eu\/lt\/wp-json\/wp\/v2\/comments?post=104216"}],"wp:featuredmedia":[{"embeddable":true,"href":"https:\/\/go4shop.eu\/lt\/wp-json\/wp\/v2\/media\/104214"}],"wp:attachment":[{"href":"https:\/\/go4shop.eu\/lt\/wp-json\/wp\/v2\/media?parent=104216"}],"wp:term":[{"taxonomy":"product_brand","embeddable":true,"href":"https:\/\/go4shop.eu\/lt\/wp-json\/wp\/v2\/product_brand?post=104216"},{"taxonomy":"product_cat","embeddable":true,"href":"https:\/\/go4shop.eu\/lt\/wp-json\/wp\/v2\/product_cat?post=104216"},{"taxonomy":"product_tag","embeddable":true,"href":"https:\/\/go4shop.eu\/lt\/wp-json\/wp\/v2\/product_tag?post=104216"}],"curies":[{"name":"wp","href":"https:\/\/api.w.org\/{rel}","templated":true}]}}