{"id":104111,"date":"2026-03-30T19:51:46","date_gmt":"2026-03-30T19:51:46","guid":{"rendered":"https:\/\/go4shop.eu\/en\/product\/surveillance-camcorder-abus-3\/"},"modified":"2026-04-02T07:06:32","modified_gmt":"2026-04-02T07:06:32","slug":"surveillance-camcorder-abus-3","status":"publish","type":"product","link":"https:\/\/go4shop.eu\/lt\/product\/surveillance-camcorder-abus-3\/","title":{"rendered":"Steb\u0117senos vaizdo kamera ABUS"},"content":{"rendered":"<p>Jei m\u0117gstate pasir\u016bpinti kiekviena nam\u0173 detale ir tur\u0117ti naujausius produktus, kurie palengvins j\u016bs\u0173 gyvenim\u0105, \u012fsigykite <b>Steb\u0117senos vaizdo kamera ABUS<\/b> u\u017e geriausi\u0105 kain\u0105.<\/p>\n<ul>\n<li>Tipas: Vaizdo kamera<\/li>\n<li>Spalva: juoda<\/li>\n<li>Med\u017eiaga: Metalas<\/li>\n<li>Savyb\u0117s:\n<ul>\n<li>Integruoti garsiakalbiai<\/li>\n<li>\u012emontuotas mikrofonas<\/li>\n<li>Belaidis<\/li>\n<li>Oro s\u0105lygoms atsparus<\/li>\n<\/ul>\n<\/li>\n<li>Ry\u0161iai:\n<ul>\n<li>\"Wi-Fi\"<\/li>\n<li>Belaidis<\/li>\n<\/ul>\n<\/li>\n<li>Surinkimas: Montavimas ant sienos<\/li>\n<li>\u012etampa: 230 V<\/li>\n<li>Maitinimo \u0161altinis: Elektros kabelis<\/li>\n<li>Kamer\u0173 skai\u010dius: 1<\/li>\n<li>IP rating: IP66<\/li>\n<li>Funkcijos:\n<ul>\n<li>Naktinis matymas<\/li>\n<li>Judesio jutiklis<\/li>\n<\/ul>\n<\/li>\n<li>Technologijos:\n<ul>\n<li>Infraraudon\u0173j\u0173 spinduli\u0173<\/li>\n<li>HDD<\/li>\n<\/ul>\n<\/li>\n<li>Rezoliucija: 1080 p<\/li>\n<li>Maximum memory card size: 128 GB<\/li>\n<li>Ethernet: Ne<\/li>\n<li>\u012erengimo tipas: Montavimas ant sienos<\/li>\n<li>Colour temperature: 3000K<\/li>\n<li>Suderinamos atminties kortel\u0117s: MikroSD (TransFlash)<\/li>\n<li>Energijos suvartojimas: 17 kWh<\/li>\n<li>Ne\u012ftrauktas: \"Bluetooth\"<\/li>\n<li>Focal Length: 4 mm<\/li>\n<\/ul>","protected":false},"excerpt":{"rendered":"<p>If you like to take care of every detail in your home and own the latest products that will make your life easier, purchase Surveillance Camcorder ABUS at the best price. Type: Videocamera Colour: Black Material: Metal Characteristics: Integrated speakers Built-in microphone Wireless Weather-resistant Connectivity: Wi-Fi Wireless Assembly: Wall mounting Voltage: 230 V Power supply: [&hellip;]<\/p>\n","protected":false},"featured_media":104096,"comment_status":"open","ping_status":"closed","template":"","meta":{"_monsterinsights_skip_tracking":false,"_monsterinsights_sitenote_active":false,"_monsterinsights_sitenote_note":"","_monsterinsights_sitenote_category":0,"_joinchat":[]},"product_brand":[],"product_cat":[1324,1323,1325],"product_tag":[1302,1303,1304],"class_list":{"0":"post-104111","1":"product","2":"type-product","3":"status-publish","4":"has-post-thumbnail","6":"product_cat-automation-and-safety","7":"product_cat-home-garden","8":"product_cat-surveillance-video-cameras","9":"product_tag-tag_1304","10":"product_tag-tag_25","11":"product_tag-tag_556","13":"first","14":"instock","15":"shipping-taxable","16":"purchasable","17":"product-type-simple"},"jetpack_sharing_enabled":true,"_links":{"self":[{"href":"https:\/\/go4shop.eu\/lt\/wp-json\/wp\/v2\/product\/104111","targetHints":{"allow":["GET"]}}],"collection":[{"href":"https:\/\/go4shop.eu\/lt\/wp-json\/wp\/v2\/product"}],"about":[{"href":"https:\/\/go4shop.eu\/lt\/wp-json\/wp\/v2\/types\/product"}],"replies":[{"embeddable":true,"href":"https:\/\/go4shop.eu\/lt\/wp-json\/wp\/v2\/comments?post=104111"}],"wp:featuredmedia":[{"embeddable":true,"href":"https:\/\/go4shop.eu\/lt\/wp-json\/wp\/v2\/media\/104096"}],"wp:attachment":[{"href":"https:\/\/go4shop.eu\/lt\/wp-json\/wp\/v2\/media?parent=104111"}],"wp:term":[{"taxonomy":"product_brand","embeddable":true,"href":"https:\/\/go4shop.eu\/lt\/wp-json\/wp\/v2\/product_brand?post=104111"},{"taxonomy":"product_cat","embeddable":true,"href":"https:\/\/go4shop.eu\/lt\/wp-json\/wp\/v2\/product_cat?post=104111"},{"taxonomy":"product_tag","embeddable":true,"href":"https:\/\/go4shop.eu\/lt\/wp-json\/wp\/v2\/product_tag?post=104111"}],"curies":[{"name":"wp","href":"https:\/\/api.w.org\/{rel}","templated":true}]}}