{"id":104072,"date":"2026-03-30T19:50:58","date_gmt":"2026-03-30T19:50:58","guid":{"rendered":"https:\/\/go4shop.eu\/en\/product\/surveillance-camcorder-abus\/"},"modified":"2026-04-02T07:06:32","modified_gmt":"2026-04-02T07:06:32","slug":"stebejimo-kameros-abus","status":"publish","type":"product","link":"https:\/\/go4shop.eu\/lt\/product\/surveillance-camcorder-abus\/","title":{"rendered":"Steb\u0117senos vaizdo kamera ABUS"},"content":{"rendered":"<p>Jei ie\u0161kote nauj\u0173 rinkos tendencij\u0173, pristatome <b>Steb\u0117senos vaizdo kamera ABUS<\/b>!<\/p>\n<p>Svetain\u0117 <b>ABUS PPIC91000 steb\u0117jimo kamer\u0173 rinkinys<\/b> yra patikimas ir pa\u017eangus sprendimas gyvenam\u0173j\u0173 ir komercini\u0173 patalp\u0173 saugumui u\u017etikrinti, skirtas nuolatiniam steb\u0117jimui su auk\u0161tos kokyb\u0117s vaizdais. \u0160is <b>steb\u0117jimo kamera<\/b> pasirei\u0161kia ry\u0161kiu rai\u0161kumu <b>1920 x 1080 pikseli\u0173<\/b>, u\u017etikrinant ai\u0161kius ir tikslius duomenis kiekviename \u012fra\u0161e, idealiai tinkan\u010dius \u017emon\u0117ms ar objektams stebimoje teritorijoje atpa\u017einti. Jo baltos spalvos ir kompakti\u0161kas dizainas leid\u017eia diskreti\u0161kai ir lanks\u010diai montuoti \u012fvairiose aplinkose. \u012erengtas su <b>12 V<\/b> maitinimo \u0161altinis ir <b>li\u010dio jon\u0173 baterija<\/b>, jis leid\u017eia ilgai veikti, u\u017etikrindamas sistemos t\u0119stinum\u0105 elektros energijos tiekimo sutrikim\u0173 metu. Be to, \u012frenginys turi <b>Infraraudon\u0173j\u0173 spinduli\u0173 naktinis matymas<\/b>, gerinant steb\u0117jimo galimybes esant prastam ap\u0161vietimui ar nakt\u012f, prat\u0119siant jo naudojim\u0105 24 valandas per par\u0105. Jo platus <b>130\u00b0 matymo laukas<\/b> padeda apimti didelius plotus su ma\u017eesniu kamer\u0173 skai\u010diumi, optimizuojant saugum\u0105 ir ma\u017einant investicijas \u012f papildom\u0105 \u012frang\u0105. Integruota technologija su \u012fkraunama baterija palengvina montavim\u0105 vietose, kur n\u0117ra galimyb\u0117s tiesiogiai prijungti maitinimo, padidinant sistemos lankstum\u0105 ir pritaikomum\u0105. \u0160is rinkinys idealiai tinka tiems, kurie ie\u0161ko efektyvaus sprendimo, derinan\u010dio vaizdo kokyb\u0119, autonomij\u0105 ir pa\u017eangias technines funkcijas be komplikacij\u0173. Apskritai, ABUS PPIC91000 kamer\u0173 rinkinys yra tvirtas ir universalus pasirinkimas, siekiant sustiprinti steb\u0117jimo sistemas u\u017etikrinant auk\u0161t\u0105 patikimum\u0105 ir ilgalaik\u012f veikim\u0105.<\/p>\n<ul>\n<li>Tipas: Vaizdo kamera<\/li>\n<li>Spalva: balta<\/li>\n<li>\u012etampa: 12 V<\/li>\n<li>\u012e komplekt\u0105 \u012feina:\n<ul>\n<li>Akumuliatorius<\/li>\n<li>\u012ekraunama li\u010dio baterija x 2<\/li>\n<\/ul>\n<\/li>\n<li>\u012e komplekt\u0105 \u012feina baterijos: Taip<\/li>\n<li>Technologija: infraraudon\u0173j\u0173 spinduli\u0173<\/li>\n<li>Akumuliatoriaus tipas: Litio jon\u0173 baterija<\/li>\n<\/ul>","protected":false},"excerpt":{"rendered":"<p>If you are looking for new market trending items, we present the Surveillance Camcorder ABUS! The ABUS PPIC91000 surveillance camera set is a reliable and advanced solution for residential or commercial security, designed to provide continuous monitoring with high image quality. This surveillance camera features a sharp resolution of 1920 x 1080 pixels, ensuring clear [&hellip;]<\/p>\n","protected":false},"featured_media":104060,"comment_status":"open","ping_status":"closed","template":"","meta":{"_monsterinsights_skip_tracking":false,"_monsterinsights_sitenote_active":false,"_monsterinsights_sitenote_note":"","_monsterinsights_sitenote_category":0,"_joinchat":[]},"product_brand":[],"product_cat":[1324,1323,1325],"product_tag":[1302,1303,1304],"class_list":{"0":"post-104072","1":"product","2":"type-product","3":"status-publish","4":"has-post-thumbnail","6":"product_cat-automation-and-safety","7":"product_cat-home-garden","8":"product_cat-surveillance-video-cameras","9":"product_tag-tag_1304","10":"product_tag-tag_25","11":"product_tag-tag_556","13":"first","14":"instock","15":"shipping-taxable","16":"purchasable","17":"product-type-simple"},"jetpack_sharing_enabled":true,"_links":{"self":[{"href":"https:\/\/go4shop.eu\/lt\/wp-json\/wp\/v2\/product\/104072","targetHints":{"allow":["GET"]}}],"collection":[{"href":"https:\/\/go4shop.eu\/lt\/wp-json\/wp\/v2\/product"}],"about":[{"href":"https:\/\/go4shop.eu\/lt\/wp-json\/wp\/v2\/types\/product"}],"replies":[{"embeddable":true,"href":"https:\/\/go4shop.eu\/lt\/wp-json\/wp\/v2\/comments?post=104072"}],"wp:featuredmedia":[{"embeddable":true,"href":"https:\/\/go4shop.eu\/lt\/wp-json\/wp\/v2\/media\/104060"}],"wp:attachment":[{"href":"https:\/\/go4shop.eu\/lt\/wp-json\/wp\/v2\/media?parent=104072"}],"wp:term":[{"taxonomy":"product_brand","embeddable":true,"href":"https:\/\/go4shop.eu\/lt\/wp-json\/wp\/v2\/product_brand?post=104072"},{"taxonomy":"product_cat","embeddable":true,"href":"https:\/\/go4shop.eu\/lt\/wp-json\/wp\/v2\/product_cat?post=104072"},{"taxonomy":"product_tag","embeddable":true,"href":"https:\/\/go4shop.eu\/lt\/wp-json\/wp\/v2\/product_tag?post=104072"}],"curies":[{"name":"wp","href":"https:\/\/api.w.org\/{rel}","templated":true}]}}