{"id":104059,"date":"2026-03-30T19:50:42","date_gmt":"2026-03-30T19:50:42","guid":{"rendered":"https:\/\/go4shop.eu\/en\/product\/electric-hair-remover-philips-bri921-00-lumea-ipl-serie-7000-plastic\/"},"modified":"2026-04-02T07:06:32","modified_gmt":"2026-04-02T07:06:32","slug":"electric-hair-remover-philips-bri921-00-lumea-ipl-serie-7000-plastic","status":"publish","type":"product","link":"https:\/\/go4shop.eu\/lt\/product\/electric-hair-remover-philips-bri921-00-lumea-ipl-serie-7000-plastic\/","title":{"rendered":"Electric Hair Remover Philips BRI921\/00 Lumea IPL serie 7000 Plastic"},"content":{"rendered":"<p>Jei ie\u0161kote nauj\u0173 rinkos tendencij\u0173, pristatome <b>Electric Hair Remover Philips BRI921\/00 Lumea IPL serie 7000 Plastic<\/b>!<\/p>\n<ul>\n<li>Produktas su ki\u0161tuku: Taip<\/li>\n<li>Ki\u0161tuko tipas: Ki\u0161tukas ES<\/li>\n<li>Spalva: balta<\/li>\n<li>Med\u017eiaga: Plastikas<\/li>\n<li>Savyb\u0117s:\n<ul>\n<li>Electric<\/li>\n<li>LED Light<\/li>\n<li>LED indikatorius<\/li>\n<\/ul>\n<\/li>\n<li>Rekomenduojama naudoti:\n<ul>\n<li>Bikini line\/Intimate areas<\/li>\n<li>Legs and body<\/li>\n<\/ul>\n<\/li>\n<li>Body part:\n<ul>\n<li>Face<\/li>\n<li>Body<\/li>\n<\/ul>\n<\/li>\n<li>Maitinimo \u0161altinis: Elektros tinklas<\/li>\n<\/ul>","protected":false},"excerpt":{"rendered":"<p>If you are looking for new market trending items, we present the Electric Hair Remover Philips BRI921\/00 Lumea IPL serie 7000 Plastic! Product with plug: Yes Type of plug: Plug EU Colour: White Material: Plastic Characteristics: Electric LED Light LED indicator Recommended use: Bikini line\/Intimate areas Legs and body Body part: Face Body Power supply: [&hellip;]<\/p>\n","protected":false},"featured_media":104053,"comment_status":"open","ping_status":"closed","template":"","meta":{"_monsterinsights_skip_tracking":false,"_monsterinsights_sitenote_active":false,"_monsterinsights_sitenote_note":"","_monsterinsights_sitenote_category":0,"_joinchat":[]},"product_brand":[],"product_cat":[1317,1321,1309],"product_tag":[1300,1302],"class_list":{"0":"post-104059","1":"product","2":"type-product","3":"status-publish","4":"has-post-thumbnail","6":"product_cat-beauty-treatments","7":"product_cat-hair-removal-and-shaving","8":"product_cat-health-beauty","9":"product_tag-tag_923","10":"product_tag-tag_1304","12":"first","13":"instock","14":"shipping-taxable","15":"purchasable","16":"product-type-simple"},"jetpack_sharing_enabled":true,"_links":{"self":[{"href":"https:\/\/go4shop.eu\/lt\/wp-json\/wp\/v2\/product\/104059","targetHints":{"allow":["GET"]}}],"collection":[{"href":"https:\/\/go4shop.eu\/lt\/wp-json\/wp\/v2\/product"}],"about":[{"href":"https:\/\/go4shop.eu\/lt\/wp-json\/wp\/v2\/types\/product"}],"replies":[{"embeddable":true,"href":"https:\/\/go4shop.eu\/lt\/wp-json\/wp\/v2\/comments?post=104059"}],"wp:featuredmedia":[{"embeddable":true,"href":"https:\/\/go4shop.eu\/lt\/wp-json\/wp\/v2\/media\/104053"}],"wp:attachment":[{"href":"https:\/\/go4shop.eu\/lt\/wp-json\/wp\/v2\/media?parent=104059"}],"wp:term":[{"taxonomy":"product_brand","embeddable":true,"href":"https:\/\/go4shop.eu\/lt\/wp-json\/wp\/v2\/product_brand?post=104059"},{"taxonomy":"product_cat","embeddable":true,"href":"https:\/\/go4shop.eu\/lt\/wp-json\/wp\/v2\/product_cat?post=104059"},{"taxonomy":"product_tag","embeddable":true,"href":"https:\/\/go4shop.eu\/lt\/wp-json\/wp\/v2\/product_tag?post=104059"}],"curies":[{"name":"wp","href":"https:\/\/api.w.org\/{rel}","templated":true}]}}