{"id":104008,"date":"2026-03-30T19:49:42","date_gmt":"2026-03-30T19:49:42","guid":{"rendered":"https:\/\/go4shop.eu\/en\/product\/side-table-ergotron-61-081-062\/"},"modified":"2026-04-02T07:06:32","modified_gmt":"2026-04-02T07:06:32","slug":"side-table-ergotron-61-081-062","status":"publish","type":"product","link":"https:\/\/go4shop.eu\/lt\/product\/side-table-ergotron-61-081-062\/","title":{"rendered":"Side table Ergotron 61-081-062"},"content":{"rendered":"<p>If you care about your health and want products that offer <b>protection and wellness<\/b>, buy <b>Side table Ergotron 61-081-062<\/b> and many other <b>products Ergotron<\/b> geriausiomis kainomis!<\/p>\n<ul>\n<li>Tipas:\n<ul>\n<li>Side table<\/li>\n<li>Sieninis laikiklis<\/li>\n<\/ul>\n<\/li>\n<li>Spalva: balta<\/li>\n<li>Suderinamas:\n<ul>\n<li>VESA 75 x 75 mm<\/li>\n<li>VESA 100 x 100 mm<\/li>\n<\/ul>\n<\/li>\n<li>Savyb\u0117s:\n<ul>\n<li>Reguliuojamas<\/li>\n<li>Shelve<\/li>\n<\/ul>\n<\/li>\n<li>Metai: 2014<\/li>\n<li>\u012etampa: 240 V<\/li>\n<li>Ekranas: 24\u2033<\/li>\n<li>VESA:\n<ul>\n<li>10 x 10 cm<\/li>\n<li>7,5 x 7,5 cm<\/li>\n<\/ul>\n<\/li>\n<li>\u012erengimo tipas: Montavimas ant sienos<\/li>\n<li>Type of movement: Adjustable<\/li>\n<li>\u012e komplekt\u0105 \u012feina: Vartotojo vadovas<\/li>\n<li>Ekrano \u012fstri\u017eain\u0117 (cm): (cm) (61 cm)<\/li>\n<\/ul>","protected":false},"excerpt":{"rendered":"<p>If you care about your health and want products that offer protection and wellness, buy Side table Ergotron 61-081-062 and many other products Ergotron at the best prices! Type: Side table Wall Bracket Colour: White Compatible: VESA 75 x 75 mm VESA 100 x 100 mm Characteristics: Adjustable Shelve Year: 2014 Voltage: 240 V Screen: [&hellip;]<\/p>\n","protected":false},"featured_media":104000,"comment_status":"open","ping_status":"closed","template":"","meta":{"_monsterinsights_skip_tracking":false,"_monsterinsights_sitenote_active":false,"_monsterinsights_sitenote_note":"","_monsterinsights_sitenote_category":0,"_joinchat":[]},"product_brand":[],"product_cat":[1309,1310,1311],"product_tag":[],"class_list":{"0":"post-104008","1":"product","2":"type-product","3":"status-publish","4":"has-post-thumbnail","6":"product_cat-health-beauty","7":"product_cat-relaxation-and-well-being","8":"product_cat-well-being-and-relaxation-products","10":"first","11":"instock","12":"shipping-taxable","13":"purchasable","14":"product-type-simple"},"jetpack_sharing_enabled":true,"_links":{"self":[{"href":"https:\/\/go4shop.eu\/lt\/wp-json\/wp\/v2\/product\/104008","targetHints":{"allow":["GET"]}}],"collection":[{"href":"https:\/\/go4shop.eu\/lt\/wp-json\/wp\/v2\/product"}],"about":[{"href":"https:\/\/go4shop.eu\/lt\/wp-json\/wp\/v2\/types\/product"}],"replies":[{"embeddable":true,"href":"https:\/\/go4shop.eu\/lt\/wp-json\/wp\/v2\/comments?post=104008"}],"wp:featuredmedia":[{"embeddable":true,"href":"https:\/\/go4shop.eu\/lt\/wp-json\/wp\/v2\/media\/104000"}],"wp:attachment":[{"href":"https:\/\/go4shop.eu\/lt\/wp-json\/wp\/v2\/media?parent=104008"}],"wp:term":[{"taxonomy":"product_brand","embeddable":true,"href":"https:\/\/go4shop.eu\/lt\/wp-json\/wp\/v2\/product_brand?post=104008"},{"taxonomy":"product_cat","embeddable":true,"href":"https:\/\/go4shop.eu\/lt\/wp-json\/wp\/v2\/product_cat?post=104008"},{"taxonomy":"product_tag","embeddable":true,"href":"https:\/\/go4shop.eu\/lt\/wp-json\/wp\/v2\/product_tag?post=104008"}],"curies":[{"name":"wp","href":"https:\/\/api.w.org\/{rel}","templated":true}]}}