{"id":103989,"date":"2026-03-30T19:49:21","date_gmt":"2026-03-30T19:49:21","guid":{"rendered":"https:\/\/go4shop.eu\/en\/product\/smartwatch-huawei-watch-gt5pro-white-132-42-mm-o-42-mm-o-425-mm-1-unit\/"},"modified":"2026-04-02T07:06:32","modified_gmt":"2026-04-02T07:06:32","slug":"smartwatch-huawei-watch-gt5pro-white-132-42-mm-o-42-mm-o-425-mm-1-unit","status":"publish","type":"product","link":"https:\/\/go4shop.eu\/lt\/product\/smartwatch-huawei-watch-gt5pro-white-132-42-mm-o-42-mm-o-425-mm-1-unit\/","title":{"rendered":"Smartwatch Huawei WATCH GT5PRO White 1,32&#8243; 42 mm \u00d8 42 mm \u00d8 42,5 mm (1 Unit)"},"content":{"rendered":"<p>Jei esate aistringas <b>IT ir elektronika<\/b>, m\u0117gstate b\u016bti naujausios technologijos ir nepraleid\u017eiate net menkiausi\u0173 detali\u0173, \u012fsigykite <b> Smartwatch Huawei WATCH GT5PRO White 1,32&#8243; 42 mm \u00d8 42 mm \u00d8 42,5 mm (1 Unit) <\/b> u\u017e neprilygstam\u0105 kain\u0105.<\/p>\n<p>Svetain\u0117 <b>Huawei Watch GT 5 Pro<\/b> yra <b>i\u0161manusis laikrodis<\/b> that combines elegant design with high-quality materials, featuring a <b>42mm nanocrystalline ceramic case<\/b> ir <b>snow white fluoroelastomer strap<\/b> that provide durability and comfort. Its durable <b>sapphire crystal screen<\/b> offers strong scratch protection while enhancing aesthetics with a refined finish. This smartwatch includes advanced sports and health monitoring functions, such as specialized golf mode with access to over 15,000 courses featuring 3D maps and technical tips, and an improved Trail Run mode with segmented navigation, off-track alerts, and real-time tracking. For diving enthusiasts, it supports apnea dives up to 40 meters with professional features like a floating stopwatch and endurance training. In general fitness, it offers more than 100 training modes, personalized assessment, and a Stay Fit app that manages calorie intake and energy deficit to help maintain a healthy balance. The Huawei Sunflower positioning system delivers superior accuracy through an advanced satellite tracking algorithm, complemented by RouteDraw to create creative routes with real-time maps directly on the wrist. For personal care, it tracks the menstrual cycle with deep learning algorithms and advanced sleep monitoring that detects abnormal breathing patterns. Its design includes an ultra-hard nanofilm finish ensuring exceptional resistance to wear, water, and corrosion, certified by <b>IP69K<\/b> protection against high-pressure water jets. Additionally, its battery lasts up to 7 days maximum, with typical use up to 5 days and up to 3 days with Always On Display active. The interface is optimized for easy navigation with color-coded apps, Celia keyboard for voice or text input, and access to the Watch AppGallery store for convenient app installation. Incorporating technologies like an accelerometer, barometer, and built-in speakers, this smartwatch is a sophisticated and functional choice for users seeking precision, durability, and refined design in a device suited for both sports and daily lifestyle.<\/p>\n<ul>\n<li>Gender: Men<\/li>\n<li>Tipas:\n<ul>\n<li>Wristwatch<\/li>\n<li>Vibrating<\/li>\n<\/ul>\n<\/li>\n<li>Laikrod\u017eio tipas: I\u0161manusis laikrodis<\/li>\n<li>Produktas su ki\u0161tuku: Taip<\/li>\n<li>Ki\u0161tuko tipas: Ki\u0161tukas ES<\/li>\n<li>Maitinimo \u0161altinis: Elektros tinklas<\/li>\n<li>Spalva: balta<\/li>\n<li>Screen: 1,32&#8243;<\/li>\n<li>Technologijos: AMOLED<\/li>\n<li>Med\u017eiaga: Keramika<\/li>\n<li>Savyb\u0117s:\n<ul>\n<li>Akselerometras<\/li>\n<li>Integruoti garsiakalbiai<\/li>\n<li>Barometras<\/li>\n<li>Aplinkos \u0161viesos jutiklis<\/li>\n<li>Giroskopas<\/li>\n<li>\u012emontuotas mikrofonas<\/li>\n<li>Optinis jutiklis<\/li>\n<li>Chronometras<\/li>\n<li>Garantija<\/li>\n<li>SMS<\/li>\n<li>5 atm<\/li>\n<li>Deguonies kiekio kraujyje jutiklis<\/li>\n<\/ul>\n<\/li>\n<li>Funkcijos:\n<ul>\n<li>Pedometras<\/li>\n<li>Suvartojam\u0173 kalorij\u0173 kiekis<\/li>\n<li>Miego monitorius<\/li>\n<li>\u0160irdies da\u017enio monitorius<\/li>\n<\/ul>\n<\/li>\n<li>Akumuliatoriaus tipas: Integruotas<\/li>\n<li>Ry\u0161iai:\n<ul>\n<li>\"Bluetooth\"<\/li>\n<li>GPS<\/li>\n<li>NFC<\/li>\n<li>\"Bluetooth 5.2<\/li>\n<li>\"Bluetooth Low Energy<\/li>\n<\/ul>\n<\/li>\n<li>Box: 42 mm<\/li>\n<li>Bracelet material: Fluoroelastomere<\/li>\n<li>Dir\u017eelio spalva: balta<\/li>\n<li>Forma: Apskritas<\/li>\n<li>\u012e komplekt\u0105 \u012ftraukta baterija: Taip<\/li>\n<li>Watch case colour: White<\/li>\n<li>Watch face colour: White<\/li>\n<li>Apytiksl\u0117 autonomija:\n<ul>\n<li>7 Days<\/li>\n<li>168 hours<\/li>\n<\/ul>\n<\/li>\n<li>GPS: taip<\/li>\n<li>Water resistance: Water resistant<\/li>\n<li>Fotoaparatas: Ne<\/li>\n<li>Bracelet: Adjustable<\/li>\n<li>Belaidis \u012fkroviklis: Taip<\/li>\n<li>Water resistant: IP68<\/li>\n<li>Ne\u012ftrauktas:\n<ul>\n<li>\"WiFi\"<\/li>\n<li>Mobiliojo tinklo ry\u0161ys<\/li>\n<\/ul>\n<\/li>\n<li>Diameter of the box: \u00d8 42 mm<\/li>\n<li>Battery operated: 1 Pol\u00edmero de litio<\/li>\n<li>USB jungtis: Ne<\/li>\n<li>\u012e komplekt\u0105 \u012feina:\n<ul>\n<li>\u012ekroviklis<\/li>\n<li>Naudotojo vadovas<\/li>\n<\/ul>\n<\/li>\n<li>Approx. dimensions: 3 mm<\/li>\n<li>Sport:\n<ul>\n<li>Fitness<\/li>\n<li>Swimming<\/li>\n<\/ul>\n<\/li>\n<li>Vienetai: 1 vienetas<\/li>\n<li>Watch case diameter: \u00d8 42,5 mm<\/li>\n<\/ul>","protected":false},"excerpt":{"rendered":"<p><span class=\"unit-info\">347.4000 &euro; \/ 1 unit<\/span><\/p>","protected":false},"featured_media":103984,"comment_status":"open","ping_status":"closed","template":"","meta":{"_monsterinsights_skip_tracking":false,"_monsterinsights_sitenote_active":false,"_monsterinsights_sitenote_note":"","_monsterinsights_sitenote_category":0,"_joinchat":[]},"product_brand":[],"product_cat":[1328,1329,1330],"product_tag":[1308,1307,1306],"class_list":{"0":"post-103989","1":"product","2":"type-product","3":"status-publish","4":"has-post-thumbnail","6":"product_cat-computers-electronics","7":"product_cat-electronics-phones-tablets","8":"product_cat-smartwatches","9":"product_tag-tag_1261","10":"product_tag-tag_547","11":"product_tag-tag_1295","13":"first","14":"outofstock","15":"shipping-taxable","16":"purchasable","17":"product-type-simple"},"jetpack_sharing_enabled":true,"_links":{"self":[{"href":"https:\/\/go4shop.eu\/lt\/wp-json\/wp\/v2\/product\/103989","targetHints":{"allow":["GET"]}}],"collection":[{"href":"https:\/\/go4shop.eu\/lt\/wp-json\/wp\/v2\/product"}],"about":[{"href":"https:\/\/go4shop.eu\/lt\/wp-json\/wp\/v2\/types\/product"}],"replies":[{"embeddable":true,"href":"https:\/\/go4shop.eu\/lt\/wp-json\/wp\/v2\/comments?post=103989"}],"wp:featuredmedia":[{"embeddable":true,"href":"https:\/\/go4shop.eu\/lt\/wp-json\/wp\/v2\/media\/103984"}],"wp:attachment":[{"href":"https:\/\/go4shop.eu\/lt\/wp-json\/wp\/v2\/media?parent=103989"}],"wp:term":[{"taxonomy":"product_brand","embeddable":true,"href":"https:\/\/go4shop.eu\/lt\/wp-json\/wp\/v2\/product_brand?post=103989"},{"taxonomy":"product_cat","embeddable":true,"href":"https:\/\/go4shop.eu\/lt\/wp-json\/wp\/v2\/product_cat?post=103989"},{"taxonomy":"product_tag","embeddable":true,"href":"https:\/\/go4shop.eu\/lt\/wp-json\/wp\/v2\/product_tag?post=103989"}],"curies":[{"name":"wp","href":"https:\/\/api.w.org\/{rel}","templated":true}]}}