{"id":103919,"date":"2026-03-30T19:48:04","date_gmt":"2026-03-30T19:48:04","guid":{"rendered":"https:\/\/go4shop.eu\/en\/product\/baby-monitor-philips-2\/"},"modified":"2026-04-02T07:06:32","modified_gmt":"2026-04-02T07:06:32","slug":"baby-monitor-philips-2","status":"publish","type":"product","link":"https:\/\/go4shop.eu\/lt\/product\/baby-monitor-philips-2\/","title":{"rendered":"K\u016bdikio monitorius Philips"},"content":{"rendered":"<p>Jei ie\u0161kote nauj\u0173 rinkos tendencij\u0173, pristatome <b>K\u016bdikio monitorius Philips<\/b>!<\/p>\n<p>Svetain\u0117 <b>Philips Avent SCD953\/26 baby monitor<\/b> svetain\u0117je <b>silk white<\/b> is a connected video monitor designed to provide parents with reliable, continuous baby monitoring from anywhere. This device integrates advanced technology that enables real-time image transmission with high clarity, facilitating immediate visual supervision. Equipped with connectivity that allows control and viewing via mobile devices, it offers flexibility and convenience to monitor the baby without being in the same room. Its <b>balta<\/b> design provides a clean and elegant finish that fits any nursery environment. This model stands out by combining an accessible interface with essential features for the baby\u2019s safety and well-being, such as two-way audio, night vision to monitor even in low light conditions, and sound alerts that notify of any activity or movement. The image and sound quality help parents access a complete and reliable experience at every moment of caring for their little one. The <b>Philips Avent SCD953\/26<\/b> reflects the brand\u2019s commitment to innovation in child safety products, offering a practical and technologically advanced solution for daily remote and secure baby monitoring.<\/p>\n<ul>\n<li>Type: Baby Monitor<\/li>\n<li>Produktas su ki\u0161tuku: Taip<\/li>\n<li>Ki\u0161tuko tipas: Ki\u0161tukas ES<\/li>\n<li>Maitinimo \u0161altinis: Elektros tinklas<\/li>\n<li>Spalva: balta<\/li>\n<li>Savyb\u0117s:\n<ul>\n<li>Night light<\/li>\n<li>\u012emontuotas mikrofonas<\/li>\n<li>Judesio jutiklis<\/li>\n<\/ul>\n<\/li>\n<li>\u012etampa:\n<ul>\n<li>5 V<\/li>\n<li>100 - 240 V<\/li>\n<\/ul>\n<\/li>\n<li>Funkcijos: ECO<\/li>\n<li>Kintamosios srov\u0117s \u012fvesties da\u017enis: 50-60 Hz<\/li>\n<li>Ne\u012ftrauktas: Kintamosios srov\u0117s adapteris<\/li>\n<li>Technologijos: LCD<\/li>\n<li>Da\u017enis: 2,4 GHz<\/li>\n<li>Approx. autonomy: 12 hours<\/li>\n<li>Diagonal of the screen (cm): 10,9 cm<\/li>\n<\/ul>","protected":false},"excerpt":{"rendered":"<p>If you are looking for new market trending items, we present the Baby Monitor Philips! The Philips Avent SCD953\/26 baby monitor in silk white is a connected video monitor designed to provide parents with reliable, continuous baby monitoring from anywhere. This device integrates advanced technology that enables real-time image transmission with high clarity, facilitating immediate [&hellip;]<\/p>\n","protected":false},"featured_media":103916,"comment_status":"open","ping_status":"closed","template":"","meta":{"_monsterinsights_skip_tracking":false,"_monsterinsights_sitenote_active":false,"_monsterinsights_sitenote_note":"","_monsterinsights_sitenote_category":0,"_joinchat":[]},"product_brand":[],"product_cat":[1324,1332,1323],"product_tag":[1302,1304],"class_list":{"0":"post-103919","1":"product","2":"type-product","3":"status-publish","4":"has-post-thumbnail","6":"product_cat-automation-and-safety","7":"product_cat-baby-monitor","8":"product_cat-home-garden","9":"product_tag-tag_1304","10":"product_tag-tag_556","12":"first","13":"instock","14":"shipping-taxable","15":"purchasable","16":"product-type-simple"},"jetpack_sharing_enabled":true,"_links":{"self":[{"href":"https:\/\/go4shop.eu\/lt\/wp-json\/wp\/v2\/product\/103919","targetHints":{"allow":["GET"]}}],"collection":[{"href":"https:\/\/go4shop.eu\/lt\/wp-json\/wp\/v2\/product"}],"about":[{"href":"https:\/\/go4shop.eu\/lt\/wp-json\/wp\/v2\/types\/product"}],"replies":[{"embeddable":true,"href":"https:\/\/go4shop.eu\/lt\/wp-json\/wp\/v2\/comments?post=103919"}],"wp:featuredmedia":[{"embeddable":true,"href":"https:\/\/go4shop.eu\/lt\/wp-json\/wp\/v2\/media\/103916"}],"wp:attachment":[{"href":"https:\/\/go4shop.eu\/lt\/wp-json\/wp\/v2\/media?parent=103919"}],"wp:term":[{"taxonomy":"product_brand","embeddable":true,"href":"https:\/\/go4shop.eu\/lt\/wp-json\/wp\/v2\/product_brand?post=103919"},{"taxonomy":"product_cat","embeddable":true,"href":"https:\/\/go4shop.eu\/lt\/wp-json\/wp\/v2\/product_cat?post=103919"},{"taxonomy":"product_tag","embeddable":true,"href":"https:\/\/go4shop.eu\/lt\/wp-json\/wp\/v2\/product_tag?post=103919"}],"curies":[{"name":"wp","href":"https:\/\/api.w.org\/{rel}","templated":true}]}}