{"id":103911,"date":"2026-03-30T19:47:57","date_gmt":"2026-03-30T19:47:57","guid":{"rendered":"https:\/\/go4shop.eu\/en\/product\/electric-hair-remover-braun-2\/"},"modified":"2026-04-02T07:06:32","modified_gmt":"2026-04-02T07:06:32","slug":"electric-hair-remover-braun-2","status":"publish","type":"product","link":"https:\/\/go4shop.eu\/lt\/product\/electric-hair-remover-braun-2\/","title":{"rendered":"Elektrinis plauk\u0173 \u0161alinimo prietaisas Braun"},"content":{"rendered":"<p>The Electric Hair Remover Braun is an exclusive, top-quality product for body care. If you are looking for the best personal hygiene products, the 100 % original Braun products are just what you\u2019re looking for.<\/p>\n<p>Svetain\u0117 <b>Braun PL3020 IPL hair removal device<\/b> is designed to provide a long-lasting solution for facial and body hair removal using IPL (Intense Pulsed Light) technology. This model features <b>300,000 light flashes<\/b>, ensuring extended use and multiple effective treatment sessions. Equipped with <b>3 intensity levels<\/b>, it allows treatment adjustment according to the user\u2019s skin sensitivity and type, enhancing safety and comfort during use. The unit operates within a wide voltage range of <b>100 - 240 V<\/b>, making it compatible with various electrical systems, and comes with an <b>EU plug adapter<\/b> for easy immediate connection. It has an ergonomic <b>balta<\/b> design and includes a practical <b>pouch<\/b> to protect the device and facilitate transport or storage. Braun, known for reliability and quality, integrates technology aimed at progressively reducing hair growth, offering a comfortable and professional alternative for home hair removal. The Braun PL3020 combines technical functionality and practicality in a device designed for those seeking an efficient and adaptable IPL hair removal method.<\/p>\n<ul>\n<li>Ki\u0161tuko tipas: Ki\u0161tukas ES<\/li>\n<li>Produktas su ki\u0161tuku: Taip<\/li>\n<li>Maitinimo \u0161altinis:\n<ul>\n<li>Elektros tinklas<\/li>\n<li>Akumuliatorius<\/li>\n<\/ul>\n<\/li>\n<li>Spalva: balta<\/li>\n<li>\u012e komplekt\u0105 \u012feina:\n<ul>\n<li>Adapteris<\/li>\n<li>Byla<\/li>\n<\/ul>\n<\/li>\n<li>\u012etampa: 100-240 V<\/li>\n<li>Technology: IPL<\/li>\n<li>Characteristics: Non-washable<\/li>\n<\/ul>","protected":false},"excerpt":{"rendered":"<p>The Electric Hair Remover Braun is an exclusive, top-quality product for body care. If you are looking for the best personal hygiene products, the 100 % original Braun products are just what you\u2019re looking for. The Braun PL3020 IPL hair removal device is designed to provide a long-lasting solution for facial and body hair removal [&hellip;]<\/p>\n","protected":false},"featured_media":103901,"comment_status":"open","ping_status":"closed","template":"","meta":{"_monsterinsights_skip_tracking":false,"_monsterinsights_sitenote_active":false,"_monsterinsights_sitenote_note":"","_monsterinsights_sitenote_category":0,"_joinchat":[]},"product_brand":[],"product_cat":[1317,1321,1309],"product_tag":[1300,1302],"class_list":{"0":"post-103911","1":"product","2":"type-product","3":"status-publish","4":"has-post-thumbnail","6":"product_cat-beauty-treatments","7":"product_cat-hair-removal-and-shaving","8":"product_cat-health-beauty","9":"product_tag-tag_923","10":"product_tag-tag_1304","12":"first","13":"instock","14":"shipping-taxable","15":"purchasable","16":"product-type-simple"},"jetpack_sharing_enabled":true,"_links":{"self":[{"href":"https:\/\/go4shop.eu\/lt\/wp-json\/wp\/v2\/product\/103911","targetHints":{"allow":["GET"]}}],"collection":[{"href":"https:\/\/go4shop.eu\/lt\/wp-json\/wp\/v2\/product"}],"about":[{"href":"https:\/\/go4shop.eu\/lt\/wp-json\/wp\/v2\/types\/product"}],"replies":[{"embeddable":true,"href":"https:\/\/go4shop.eu\/lt\/wp-json\/wp\/v2\/comments?post=103911"}],"wp:featuredmedia":[{"embeddable":true,"href":"https:\/\/go4shop.eu\/lt\/wp-json\/wp\/v2\/media\/103901"}],"wp:attachment":[{"href":"https:\/\/go4shop.eu\/lt\/wp-json\/wp\/v2\/media?parent=103911"}],"wp:term":[{"taxonomy":"product_brand","embeddable":true,"href":"https:\/\/go4shop.eu\/lt\/wp-json\/wp\/v2\/product_brand?post=103911"},{"taxonomy":"product_cat","embeddable":true,"href":"https:\/\/go4shop.eu\/lt\/wp-json\/wp\/v2\/product_cat?post=103911"},{"taxonomy":"product_tag","embeddable":true,"href":"https:\/\/go4shop.eu\/lt\/wp-json\/wp\/v2\/product_tag?post=103911"}],"curies":[{"name":"wp","href":"https:\/\/api.w.org\/{rel}","templated":true}]}}