{"id":103853,"date":"2026-03-30T19:46:48","date_gmt":"2026-03-30T19:46:48","guid":{"rendered":"https:\/\/go4shop.eu\/en\/product\/power-plug-wallbox-3\/"},"modified":"2026-04-02T07:06:31","modified_gmt":"2026-04-02T07:06:31","slug":"power-plug-wallbox-3","status":"publish","type":"product","link":"https:\/\/go4shop.eu\/lt\/product\/power-plug-wallbox-3\/","title":{"rendered":"Sieninis \u012fkrovimo stotel\u0117s ki\u0161tukas"},"content":{"rendered":"<p>Jei m\u0117gstate pasir\u016bpinti kiekviena nam\u0173 detale ir tur\u0117ti naujausius produktus, kurie palengvins j\u016bs\u0173 gyvenim\u0105, \u012fsigykite <b>Sieninis \u012fkrovimo stotel\u0117s ki\u0161tukas<\/b> u\u017e geriausi\u0105 kain\u0105.<\/p>\n<ul>\n<li>Type: Power Plug<\/li>\n<li>Spalva: juoda<\/li>\n<li>Galia:\n<ul>\n<li>22000 W<\/li>\n<li>7400 W<\/li>\n<\/ul>\n<\/li>\n<li>Ry\u0161iai: \"Wi-Fi\"<\/li>\n<li>Surinkimas: Montavimas ant sienos<\/li>\n<li>IP klas\u0117: IP54<\/li>\n<li>Output: 1<\/li>\n<li>\u012emontuotas ekranas: Ne<\/li>\n<li>Apytiksl\u0117 temperat\u016bra: -40\u00ba \/ 70\u00ba<\/li>\n<\/ul>","protected":false},"excerpt":{"rendered":"<p>If you like to take care of every detail in your home and own the latest products that will make your life easier, purchase Power Plug Wallbox at the best price. Type: Power Plug Colour: Black Power: 22000 W 7400 W Connectivity: Wi-Fi Assembly: Wall mounting IP rating: IP54 Output: 1 Built-in display: No Approx. [&hellip;]<\/p>\n","protected":false},"featured_media":103846,"comment_status":"open","ping_status":"closed","template":"","meta":{"_monsterinsights_skip_tracking":false,"_monsterinsights_sitenote_active":false,"_monsterinsights_sitenote_note":"","_monsterinsights_sitenote_category":0,"_joinchat":[]},"product_brand":[],"product_cat":[1324,1323,1331],"product_tag":[1303],"class_list":{"0":"post-103853","1":"product","2":"type-product","3":"status-publish","4":"has-post-thumbnail","6":"product_cat-automation-and-safety","7":"product_cat-home-garden","8":"product_cat-smart-sockets","9":"product_tag-tag_25","11":"first","12":"instock","13":"shipping-taxable","14":"purchasable","15":"product-type-simple"},"jetpack_sharing_enabled":true,"_links":{"self":[{"href":"https:\/\/go4shop.eu\/lt\/wp-json\/wp\/v2\/product\/103853","targetHints":{"allow":["GET"]}}],"collection":[{"href":"https:\/\/go4shop.eu\/lt\/wp-json\/wp\/v2\/product"}],"about":[{"href":"https:\/\/go4shop.eu\/lt\/wp-json\/wp\/v2\/types\/product"}],"replies":[{"embeddable":true,"href":"https:\/\/go4shop.eu\/lt\/wp-json\/wp\/v2\/comments?post=103853"}],"wp:featuredmedia":[{"embeddable":true,"href":"https:\/\/go4shop.eu\/lt\/wp-json\/wp\/v2\/media\/103846"}],"wp:attachment":[{"href":"https:\/\/go4shop.eu\/lt\/wp-json\/wp\/v2\/media?parent=103853"}],"wp:term":[{"taxonomy":"product_brand","embeddable":true,"href":"https:\/\/go4shop.eu\/lt\/wp-json\/wp\/v2\/product_brand?post=103853"},{"taxonomy":"product_cat","embeddable":true,"href":"https:\/\/go4shop.eu\/lt\/wp-json\/wp\/v2\/product_cat?post=103853"},{"taxonomy":"product_tag","embeddable":true,"href":"https:\/\/go4shop.eu\/lt\/wp-json\/wp\/v2\/product_tag?post=103853"}],"curies":[{"name":"wp","href":"https:\/\/api.w.org\/{rel}","templated":true}]}}