{"id":103835,"date":"2026-03-30T19:46:28","date_gmt":"2026-03-30T19:46:28","guid":{"rendered":"https:\/\/go4shop.eu\/en\/product\/power-plug-wallbox\/"},"modified":"2026-04-02T07:06:31","modified_gmt":"2026-04-02T07:06:31","slug":"power-plug-wallbox","status":"publish","type":"product","link":"https:\/\/go4shop.eu\/lt\/product\/power-plug-wallbox\/","title":{"rendered":"Sieninis \u012fkrovimo stotel\u0117s ki\u0161tukas"},"content":{"rendered":"<p>Jei ie\u0161kote nauj\u0173 rinkos tendencij\u0173, pristatome <b>Sieninis \u012fkrovimo stotel\u0117s ki\u0161tukas<\/b>!<\/p>\n<ul>\n<li>Type: Power Plug<\/li>\n<li>Spalva: juoda<\/li>\n<li>Galia: 7400 W<\/li>\n<\/ul>","protected":false},"excerpt":{"rendered":"<p>If you are looking for new market trending items, we present the Power Plug Wallbox! Type: Power Plug Colour: Black Power: 7400 W<\/p>","protected":false},"featured_media":103825,"comment_status":"open","ping_status":"closed","template":"","meta":{"_monsterinsights_skip_tracking":false,"_monsterinsights_sitenote_active":false,"_monsterinsights_sitenote_note":"","_monsterinsights_sitenote_category":0,"_joinchat":[]},"product_brand":[],"product_cat":[1324,1323,1331],"product_tag":[1303],"class_list":{"0":"post-103835","1":"product","2":"type-product","3":"status-publish","4":"has-post-thumbnail","6":"product_cat-automation-and-safety","7":"product_cat-home-garden","8":"product_cat-smart-sockets","9":"product_tag-tag_25","11":"first","12":"instock","13":"shipping-taxable","14":"purchasable","15":"product-type-simple"},"jetpack_sharing_enabled":true,"_links":{"self":[{"href":"https:\/\/go4shop.eu\/lt\/wp-json\/wp\/v2\/product\/103835","targetHints":{"allow":["GET"]}}],"collection":[{"href":"https:\/\/go4shop.eu\/lt\/wp-json\/wp\/v2\/product"}],"about":[{"href":"https:\/\/go4shop.eu\/lt\/wp-json\/wp\/v2\/types\/product"}],"replies":[{"embeddable":true,"href":"https:\/\/go4shop.eu\/lt\/wp-json\/wp\/v2\/comments?post=103835"}],"wp:featuredmedia":[{"embeddable":true,"href":"https:\/\/go4shop.eu\/lt\/wp-json\/wp\/v2\/media\/103825"}],"wp:attachment":[{"href":"https:\/\/go4shop.eu\/lt\/wp-json\/wp\/v2\/media?parent=103835"}],"wp:term":[{"taxonomy":"product_brand","embeddable":true,"href":"https:\/\/go4shop.eu\/lt\/wp-json\/wp\/v2\/product_brand?post=103835"},{"taxonomy":"product_cat","embeddable":true,"href":"https:\/\/go4shop.eu\/lt\/wp-json\/wp\/v2\/product_cat?post=103835"},{"taxonomy":"product_tag","embeddable":true,"href":"https:\/\/go4shop.eu\/lt\/wp-json\/wp\/v2\/product_tag?post=103835"}],"curies":[{"name":"wp","href":"https:\/\/api.w.org\/{rel}","templated":true}]}}