{"id":103824,"date":"2026-03-30T19:46:16","date_gmt":"2026-03-30T19:46:16","guid":{"rendered":"https:\/\/go4shop.eu\/en\/product\/side-table-ergotron-45-266-216\/"},"modified":"2026-04-02T07:06:31","modified_gmt":"2026-04-02T07:06:31","slug":"side-table-ergotron-45-266-216","status":"publish","type":"product","link":"https:\/\/go4shop.eu\/lt\/product\/side-table-ergotron-45-266-216\/","title":{"rendered":"Side table Ergotron 45-266-216"},"content":{"rendered":"<p>If you care about your health and want products that offer <b>protection and wellness<\/b>, buy <b>Side table Ergotron 45-266-216<\/b> and many other <b>products Ergotron<\/b> geriausiomis kainomis!<\/p>\n<ul>\n<li>Tipas:\n<ul>\n<li>Side table<\/li>\n<li>Sieninis laikiklis<\/li>\n<\/ul>\n<\/li>\n<li>Spalva: balta<\/li>\n<li>Suderinamas:\n<ul>\n<li>VESA 75 x 75 mm<\/li>\n<li>VESA 100 x 100 mm<\/li>\n<\/ul>\n<\/li>\n<li>Med\u017eiaga: Aliuminis<\/li>\n<li>Ekranas: 24\u2033<\/li>\n<li>VESA:\n<ul>\n<li>10 x 10 cm<\/li>\n<li>7,5 x 7,5 cm<\/li>\n<\/ul>\n<\/li>\n<li>Angle: 360\u00ba<\/li>\n<li>\u012e komplekt\u0105 \u012feina: Vartotojo vadovas<\/li>\n<li>Ekrano \u012fstri\u017eain\u0117 (cm): (cm) (61 cm)<\/li>\n<\/ul>","protected":false},"excerpt":{"rendered":"<p>If you care about your health and want products that offer protection and wellness, buy Side table Ergotron 45-266-216 and many other products Ergotron at the best prices! Type: Side table Wall Bracket Colour: White Compatible: VESA 75 x 75 mm VESA 100 x 100 mm Material: Aluminium Screen: 24&#8243; VESA: 10 x 10 cm [&hellip;]<\/p>\n","protected":false},"featured_media":103821,"comment_status":"open","ping_status":"closed","template":"","meta":{"_monsterinsights_skip_tracking":false,"_monsterinsights_sitenote_active":false,"_monsterinsights_sitenote_note":"","_monsterinsights_sitenote_category":0,"_joinchat":[]},"product_brand":[],"product_cat":[1309,1310,1311],"product_tag":[],"class_list":{"0":"post-103824","1":"product","2":"type-product","3":"status-publish","4":"has-post-thumbnail","6":"product_cat-health-beauty","7":"product_cat-relaxation-and-well-being","8":"product_cat-well-being-and-relaxation-products","10":"first","11":"instock","12":"shipping-taxable","13":"purchasable","14":"product-type-simple"},"jetpack_sharing_enabled":true,"_links":{"self":[{"href":"https:\/\/go4shop.eu\/lt\/wp-json\/wp\/v2\/product\/103824","targetHints":{"allow":["GET"]}}],"collection":[{"href":"https:\/\/go4shop.eu\/lt\/wp-json\/wp\/v2\/product"}],"about":[{"href":"https:\/\/go4shop.eu\/lt\/wp-json\/wp\/v2\/types\/product"}],"replies":[{"embeddable":true,"href":"https:\/\/go4shop.eu\/lt\/wp-json\/wp\/v2\/comments?post=103824"}],"wp:featuredmedia":[{"embeddable":true,"href":"https:\/\/go4shop.eu\/lt\/wp-json\/wp\/v2\/media\/103821"}],"wp:attachment":[{"href":"https:\/\/go4shop.eu\/lt\/wp-json\/wp\/v2\/media?parent=103824"}],"wp:term":[{"taxonomy":"product_brand","embeddable":true,"href":"https:\/\/go4shop.eu\/lt\/wp-json\/wp\/v2\/product_brand?post=103824"},{"taxonomy":"product_cat","embeddable":true,"href":"https:\/\/go4shop.eu\/lt\/wp-json\/wp\/v2\/product_cat?post=103824"},{"taxonomy":"product_tag","embeddable":true,"href":"https:\/\/go4shop.eu\/lt\/wp-json\/wp\/v2\/product_tag?post=103824"}],"curies":[{"name":"wp","href":"https:\/\/api.w.org\/{rel}","templated":true}]}}