{"id":103800,"date":"2026-03-30T19:45:51","date_gmt":"2026-03-30T19:45:51","guid":{"rendered":"https:\/\/go4shop.eu\/en\/product\/surveillance-camcorder-axis-02475-001\/"},"modified":"2026-04-02T07:06:31","modified_gmt":"2026-04-02T07:06:31","slug":"surveillance-camcorder-axis-02475-001","status":"publish","type":"product","link":"https:\/\/go4shop.eu\/lt\/product\/surveillance-camcorder-axis-02475-001\/","title":{"rendered":"Surveillance Camcorder Axis 02475-001"},"content":{"rendered":"<p>Jei esate aistringas <b>IT ir elektronika<\/b>, m\u0117gstate b\u016bti naujausios technologijos ir nepraleid\u017eiate net menkiausi\u0173 detali\u0173, \u012fsigykite <b> Surveillance Camcorder Axis 02475-001 <\/b> u\u017e neprilygstam\u0105 kain\u0105.<\/p>\n<ul>\n<li>Tipas:\n<ul>\n<li>Vaizdo kamera<\/li>\n<li>Laidinis<\/li>\n<\/ul>\n<\/li>\n<li>Spalva: juoda<\/li>\n<\/ul>","protected":false},"excerpt":{"rendered":"<p>If you&#8217;re passionate about IT and electronics, like being up to date on technology and don&#8217;t miss even the slightest details, buy Surveillance Camcorder Axis 02475-001 at an unbeatable price. Type: Videocamera Wired Colour: Black<\/p>","protected":false},"featured_media":103799,"comment_status":"open","ping_status":"closed","template":"","meta":{"_monsterinsights_skip_tracking":false,"_monsterinsights_sitenote_active":false,"_monsterinsights_sitenote_note":"","_monsterinsights_sitenote_category":0,"_joinchat":[]},"product_brand":[],"product_cat":[1324,1323,1325],"product_tag":[1303,1304],"class_list":{"0":"post-103800","1":"product","2":"type-product","3":"status-publish","4":"has-post-thumbnail","6":"product_cat-automation-and-safety","7":"product_cat-home-garden","8":"product_cat-surveillance-video-cameras","9":"product_tag-tag_25","10":"product_tag-tag_556","12":"first","13":"instock","14":"shipping-taxable","15":"purchasable","16":"product-type-simple"},"jetpack_sharing_enabled":true,"_links":{"self":[{"href":"https:\/\/go4shop.eu\/lt\/wp-json\/wp\/v2\/product\/103800","targetHints":{"allow":["GET"]}}],"collection":[{"href":"https:\/\/go4shop.eu\/lt\/wp-json\/wp\/v2\/product"}],"about":[{"href":"https:\/\/go4shop.eu\/lt\/wp-json\/wp\/v2\/types\/product"}],"replies":[{"embeddable":true,"href":"https:\/\/go4shop.eu\/lt\/wp-json\/wp\/v2\/comments?post=103800"}],"wp:featuredmedia":[{"embeddable":true,"href":"https:\/\/go4shop.eu\/lt\/wp-json\/wp\/v2\/media\/103799"}],"wp:attachment":[{"href":"https:\/\/go4shop.eu\/lt\/wp-json\/wp\/v2\/media?parent=103800"}],"wp:term":[{"taxonomy":"product_brand","embeddable":true,"href":"https:\/\/go4shop.eu\/lt\/wp-json\/wp\/v2\/product_brand?post=103800"},{"taxonomy":"product_cat","embeddable":true,"href":"https:\/\/go4shop.eu\/lt\/wp-json\/wp\/v2\/product_cat?post=103800"},{"taxonomy":"product_tag","embeddable":true,"href":"https:\/\/go4shop.eu\/lt\/wp-json\/wp\/v2\/product_tag?post=103800"}],"curies":[{"name":"wp","href":"https:\/\/api.w.org\/{rel}","templated":true}]}}