{"id":103767,"date":"2026-03-30T19:45:17","date_gmt":"2026-03-30T19:45:17","guid":{"rendered":"https:\/\/go4shop.eu\/en\/product\/mens-watch-huawei-55020drc-white\/"},"modified":"2026-04-02T07:06:31","modified_gmt":"2026-04-02T07:06:31","slug":"mens-watch-huawei-55020drc-white","status":"publish","type":"product","link":"https:\/\/go4shop.eu\/lt\/product\/mens-watch-huawei-55020drc-white\/","title":{"rendered":"Men&#8217;s Watch Huawei 55020DRC White"},"content":{"rendered":"<p>Jei esate aistringas <b>IT ir elektronika<\/b>, m\u0117gstate b\u016bti naujausios technologijos ir nepraleid\u017eiate net menkiausi\u0173 detali\u0173, \u012fsigykite <b> Men&#8217;s Watch Huawei 55020DRC White <\/b> u\u017e neprilygstam\u0105 kain\u0105.<\/p>\n<ul>\n<li>Gender: Men<\/li>\n<li>Screen: 1,32&#8243;<\/li>\n<li>Tipas:\n<ul>\n<li>Wristwatch<\/li>\n<li>Vibrating<\/li>\n<\/ul>\n<\/li>\n<li>Extra links: No<\/li>\n<li>Type of watch: Wristwatch<\/li>\n<li>Spalva: balta<\/li>\n<li>Technologijos: AMOLED<\/li>\n<li>\u0160alis \/ gamybos regionas: Kinija<\/li>\n<li>Med\u017eiaga: Keramika<\/li>\n<li>Savyb\u0117s:\n<ul>\n<li>Akselerometras<\/li>\n<li>Integruoti garsiakalbiai<\/li>\n<li>Barometras<\/li>\n<li>Aplinkos \u0161viesos jutiklis<\/li>\n<li>Giroskopas<\/li>\n<li>\u012emontuotas mikrofonas<\/li>\n<li>Optinis jutiklis<\/li>\n<li>Chronometras<\/li>\n<li>Garantija<\/li>\n<li>SMS<\/li>\n<li>5 atm<\/li>\n<li>Deguonies kiekio kraujyje jutiklis<\/li>\n<\/ul>\n<\/li>\n<li>Funkcijos:\n<ul>\n<li>Pedometras<\/li>\n<li>Suvartojam\u0173 kalorij\u0173 kiekis<\/li>\n<li>Miego monitorius<\/li>\n<li>\u0160irdies da\u017enio monitorius<\/li>\n<\/ul>\n<\/li>\n<li>Akumuliatoriaus tipas: Integruotas<\/li>\n<li>Ry\u0161iai:\n<ul>\n<li>\"Bluetooth\"<\/li>\n<li>GPS<\/li>\n<li>NFC<\/li>\n<li>\"Bluetooth 5.2<\/li>\n<li>\"Bluetooth Low Energy<\/li>\n<\/ul>\n<\/li>\n<li>Forma: Apskritas<\/li>\n<li>Fotoaparatas: Ne<\/li>\n<li>Belaidis \u012fkroviklis: Taip<\/li>\n<li>Ne\u012ftrauktas:\n<ul>\n<li>\"WiFi\"<\/li>\n<li>Mobiliojo tinklo ry\u0161ys<\/li>\n<\/ul>\n<\/li>\n<li>Battery operated: 1 Pol\u00edmero de litio<\/li>\n<li>USB jungtis: Ne<\/li>\n<li>\u012e komplekt\u0105 \u012feina:\n<ul>\n<li>\u012ekroviklis<\/li>\n<li>Naudotojo vadovas<\/li>\n<\/ul>\n<\/li>\n<li>Approx. dimensions: 3 mm<\/li>\n<li>Apytiksl\u0117 autonomijos trukm\u0117: 168 valandos<\/li>\n<\/ul>","protected":false},"excerpt":{"rendered":"<p>If you&#8217;re passionate about IT and electronics, like being up to date on technology and don&#8217;t miss even the slightest details, buy Men&#8217;s Watch Huawei 55020DRC White at an unbeatable price. Gender: Men Screen: 1,32&#8243; Type: Wristwatch Vibrating Extra links: No Type of watch: Wristwatch Colour: White Technology: AMOLED Country\/Region of manufacture: China Material: Ceramic [&hellip;]<\/p>\n","protected":false},"featured_media":103762,"comment_status":"open","ping_status":"closed","template":"","meta":{"_monsterinsights_skip_tracking":false,"_monsterinsights_sitenote_active":false,"_monsterinsights_sitenote_note":"","_monsterinsights_sitenote_category":0,"_joinchat":[]},"product_brand":[],"product_cat":[1328,1329,1330],"product_tag":[1308,1307,1306],"class_list":{"0":"post-103767","1":"product","2":"type-product","3":"status-publish","4":"has-post-thumbnail","6":"product_cat-computers-electronics","7":"product_cat-electronics-phones-tablets","8":"product_cat-smartwatches","9":"product_tag-tag_1261","10":"product_tag-tag_547","11":"product_tag-tag_1295","13":"first","14":"outofstock","15":"shipping-taxable","16":"purchasable","17":"product-type-simple"},"jetpack_sharing_enabled":true,"_links":{"self":[{"href":"https:\/\/go4shop.eu\/lt\/wp-json\/wp\/v2\/product\/103767","targetHints":{"allow":["GET"]}}],"collection":[{"href":"https:\/\/go4shop.eu\/lt\/wp-json\/wp\/v2\/product"}],"about":[{"href":"https:\/\/go4shop.eu\/lt\/wp-json\/wp\/v2\/types\/product"}],"replies":[{"embeddable":true,"href":"https:\/\/go4shop.eu\/lt\/wp-json\/wp\/v2\/comments?post=103767"}],"wp:featuredmedia":[{"embeddable":true,"href":"https:\/\/go4shop.eu\/lt\/wp-json\/wp\/v2\/media\/103762"}],"wp:attachment":[{"href":"https:\/\/go4shop.eu\/lt\/wp-json\/wp\/v2\/media?parent=103767"}],"wp:term":[{"taxonomy":"product_brand","embeddable":true,"href":"https:\/\/go4shop.eu\/lt\/wp-json\/wp\/v2\/product_brand?post=103767"},{"taxonomy":"product_cat","embeddable":true,"href":"https:\/\/go4shop.eu\/lt\/wp-json\/wp\/v2\/product_cat?post=103767"},{"taxonomy":"product_tag","embeddable":true,"href":"https:\/\/go4shop.eu\/lt\/wp-json\/wp\/v2\/product_tag?post=103767"}],"curies":[{"name":"wp","href":"https:\/\/api.w.org\/{rel}","templated":true}]}}