{"id":103739,"date":"2026-03-30T19:44:45","date_gmt":"2026-03-30T19:44:45","guid":{"rendered":"https:\/\/go4shop.eu\/en\/product\/smartwatch-samsung-sm-l305-black-13-40-mm\/"},"modified":"2026-04-02T07:06:31","modified_gmt":"2026-04-02T07:06:31","slug":"smartwatch-samsung-sm-l305-black-13-40-mm","status":"publish","type":"product","link":"https:\/\/go4shop.eu\/lt\/product\/smartwatch-samsung-sm-l305-black-13-40-mm\/","title":{"rendered":"Smartwatch Samsung SM-L305 Black 1,3&#8243; 40 mm"},"content":{"rendered":"<p>Jei esate aistringas <b>IT ir elektronika<\/b>, m\u0117gstate b\u016bti naujausios technologijos ir nepraleid\u017eiate net menkiausi\u0173 detali\u0173, \u012fsigykite <b> Smartwatch Samsung SM-L305 Black 1,3&#8243; 40 mm <\/b> u\u017e neprilygstam\u0105 kain\u0105.<\/p>\n<ul>\n<li>Med\u017eiaga: Aliuminis<\/li>\n<li>\u012emontuotas mikrofonas: Taip<\/li>\n<li>Belaidis \u012fkroviklis: Taip<\/li>\n<li>Stopwatch: Yes<\/li>\n<li>Impermeable: 5 atm<\/li>\n<li>Width: 4 cm<\/li>\n<li>Savyb\u0117s:\n<ul>\n<li>\u012emontuoti garsiakalbiai<\/li>\n<li>Akselerometras<\/li>\n<li>Integruoti garsiakalbiai<\/li>\n<li>Barometras<\/li>\n<li>Jutiklinis ekranas<\/li>\n<li>Giroskopas<\/li>\n<li>\u012emontuotas mikrofonas<\/li>\n<li>Optinis jutiklis<\/li>\n<li>Chronometras<\/li>\n<li>Miego monitorius<\/li>\n<li>5 atm<\/li>\n<li>Mobiliojo tinklo ry\u0161ys<\/li>\n<li>Geomagnetinis jutiklis<\/li>\n<li>Deguonies kiekio kraujyje jutiklis<\/li>\n<\/ul>\n<\/li>\n<li>Length: 4 cm<\/li>\n<li>Baterijos talpa: 300 mAh<\/li>\n<li>Ry\u0161iai:\n<ul>\n<li>\"Bluetooth 5.3<\/li>\n<li>\"Bluetooth\"<\/li>\n<li>\"Wi-Fi\"<\/li>\n<li>Glonass<\/li>\n<li>GPS<\/li>\n<li>NFC<\/li>\n<li>BeiDou<\/li>\n<li>Galileo<\/li>\n<li>LTE<\/li>\n<\/ul>\n<\/li>\n<li>\u017eingsniamatis: Taip<\/li>\n<li>Jutiklinis ekranas: Taip<\/li>\n<li>D\u0117\u017eut\u0117: D\u0117\u017eut\u0117: 40 mm.<\/li>\n<li>Screen: 1,3&#8243;<\/li>\n<li>Funkcijos:\n<ul>\n<li>Akselerometras<\/li>\n<li>Giroskopas<\/li>\n<li>Pedometras<\/li>\n<li>Miego monitorius<\/li>\n<li>\u0160irdies da\u017enio monitorius<\/li>\n<\/ul>\n<\/li>\n<li>Technologijos: AMOLED<\/li>\n<li>Produktas su ki\u0161tuku: Taip<\/li>\n<li>Ki\u0161tuko tipas: Ki\u0161tukas ES<\/li>\n<li>Laikrod\u017eio tipas: I\u0161manusis laikrodis<\/li>\n<li>Maitinimo \u0161altinis: Elektros tinklas<\/li>\n<li>Spalva:\n<ul>\n<li>Sm\u0117lio spalvos<\/li>\n<li>Juoda<\/li>\n<\/ul>\n<\/li>\n<li>Vidin\u0117 atmintis: 32 GB<\/li>\n<li>Processor: Dual Core<\/li>\n<li>RAM atmintis:\n<ul>\n<li>2 GB RAM<\/li>\n<li>2 GB<\/li>\n<\/ul>\n<\/li>\n<li>Approx. dimensions: 4 x 4 x 1 cm<\/li>\n<li>Connections: 4G<\/li>\n<li>Akumuliatoriaus tipas: Integruotas<\/li>\n<li>Forma: Apskritas<\/li>\n<li>IP klas\u0117: IP68<\/li>\n<li>Capacity: 300 mAh<\/li>\n<\/ul>","protected":false},"excerpt":{"rendered":"<p>If you&#8217;re passionate about IT and electronics, like being up to date on technology and don&#8217;t miss even the slightest details, buy Smartwatch Samsung SM-L305 Black 1,3&#8243; 40 mm at an unbeatable price. Material: Aluminium Built-in microphone: Yes Cordless Charger: Yes Stopwatch: Yes Impermeable: 5 atm Width: 4 cm Characteristics: Built-in speakers Accelerometer Integrated speakers [&hellip;]<\/p>\n","protected":false},"featured_media":103733,"comment_status":"open","ping_status":"closed","template":"","meta":{"_monsterinsights_skip_tracking":false,"_monsterinsights_sitenote_active":false,"_monsterinsights_sitenote_note":"","_monsterinsights_sitenote_category":0,"_joinchat":[]},"product_brand":[],"product_cat":[1328,1329,1330],"product_tag":[1308,1307,1306],"class_list":{"0":"post-103739","1":"product","2":"type-product","3":"status-publish","4":"has-post-thumbnail","6":"product_cat-computers-electronics","7":"product_cat-electronics-phones-tablets","8":"product_cat-smartwatches","9":"product_tag-tag_1261","10":"product_tag-tag_547","11":"product_tag-tag_1295","13":"first","14":"instock","15":"shipping-taxable","16":"purchasable","17":"product-type-simple"},"jetpack_sharing_enabled":true,"_links":{"self":[{"href":"https:\/\/go4shop.eu\/lt\/wp-json\/wp\/v2\/product\/103739","targetHints":{"allow":["GET"]}}],"collection":[{"href":"https:\/\/go4shop.eu\/lt\/wp-json\/wp\/v2\/product"}],"about":[{"href":"https:\/\/go4shop.eu\/lt\/wp-json\/wp\/v2\/types\/product"}],"replies":[{"embeddable":true,"href":"https:\/\/go4shop.eu\/lt\/wp-json\/wp\/v2\/comments?post=103739"}],"wp:featuredmedia":[{"embeddable":true,"href":"https:\/\/go4shop.eu\/lt\/wp-json\/wp\/v2\/media\/103733"}],"wp:attachment":[{"href":"https:\/\/go4shop.eu\/lt\/wp-json\/wp\/v2\/media?parent=103739"}],"wp:term":[{"taxonomy":"product_brand","embeddable":true,"href":"https:\/\/go4shop.eu\/lt\/wp-json\/wp\/v2\/product_brand?post=103739"},{"taxonomy":"product_cat","embeddable":true,"href":"https:\/\/go4shop.eu\/lt\/wp-json\/wp\/v2\/product_cat?post=103739"},{"taxonomy":"product_tag","embeddable":true,"href":"https:\/\/go4shop.eu\/lt\/wp-json\/wp\/v2\/product_tag?post=103739"}],"curies":[{"name":"wp","href":"https:\/\/api.w.org\/{rel}","templated":true}]}}