{"id":103729,"date":"2026-03-30T19:44:35","date_gmt":"2026-03-30T19:44:35","guid":{"rendered":"https:\/\/go4shop.eu\/en\/product\/smartwatch-google-pixel-watch-ga04120-gold-12\/"},"modified":"2026-04-02T07:06:31","modified_gmt":"2026-04-02T07:06:31","slug":"smartwatch-google-pixel-watch-ga04120-gold-12","status":"publish","type":"product","link":"https:\/\/go4shop.eu\/lt\/product\/smartwatch-google-pixel-watch-ga04120-gold-12\/","title":{"rendered":"Smartwatch Google Pixel Watch GA04120 Gold 1,2&#8243;"},"content":{"rendered":"<p>Jei esate aistringas <b>IT ir elektronika<\/b>, m\u0117gstate b\u016bti naujausios technologijos ir nepraleid\u017eiate net menkiausi\u0173 detali\u0173, \u012fsigykite <b> Smartwatch Google Pixel Watch GA04120 Gold 1,2&#8243; <\/b> u\u017e neprilygstam\u0105 kain\u0105.<\/p>\n<ul>\n<li>Spalva:\n<ul>\n<li>\u017dalioji<\/li>\n<li>Hazel<\/li>\n<li>Golden<\/li>\n<\/ul>\n<\/li>\n<li>Technologijos: AMOLED<\/li>\n<li>\u017eingsniamatis: Taip<\/li>\n<li>\u012emontuotas mikrofonas: Taip<\/li>\n<li>Radijas FM: ne<\/li>\n<li>Impermeable: 5 atm<\/li>\n<li>Savyb\u0117s:\n<ul>\n<li>\u012emontuoti garsiakalbiai<\/li>\n<li>Atsparus vandeniui<\/li>\n<li>Akselerometras<\/li>\n<li>Integruoti garsiakalbiai<\/li>\n<li>Jutiklinis ekranas<\/li>\n<li>Aplinkos \u0161viesos jutiklis<\/li>\n<li>Giroskopas<\/li>\n<li>Altimeter<\/li>\n<li>\u012emontuotas mikrofonas<\/li>\n<li>Optinis jutiklis<\/li>\n<li>Miego monitorius<\/li>\n<li>\u012etrauktas montavimo vadovas<\/li>\n<li>SMS<\/li>\n<li>5 atm<\/li>\n<li>Prane\u0161imai apie skambu\u010dius ir \u017einutes<\/li>\n<li>Magnetinis \u012fkrovimas<\/li>\n<li>Deguonies kiekio kraujyje jutiklis<\/li>\n<li>Ekranas su u\u017eapvalintais kampais<\/li>\n<\/ul>\n<\/li>\n<li>Type of watch:\n<ul>\n<li>Activity Bangle<\/li>\n<li>Smartwatch<\/li>\n<\/ul>\n<\/li>\n<li>Gender:\n<ul>\n<li>cualquier g\u00e9nero<\/li>\n<li>Unisex<\/li>\n<\/ul>\n<\/li>\n<li>Funkcijos:\n<ul>\n<li>Giroskopas<\/li>\n<li>Akselerometras<\/li>\n<li>Pedometras<\/li>\n<li>Miego monitorius<\/li>\n<li>Spalvotas ekranas<\/li>\n<li>Suvartojam\u0173 kalorij\u0173 kiekis<\/li>\n<li>\u0160irdies da\u017enio monitorius<\/li>\n<\/ul>\n<\/li>\n<li>Ry\u0161iai:\n<ul>\n<li>\"Wi-Fi\"<\/li>\n<li>\"Bluetooth\"<\/li>\n<li>Glonass<\/li>\n<li>NFC<\/li>\n<li>GPS<\/li>\n<li>\"Bluetooth 5.0<\/li>\n<li>BeiDou<\/li>\n<li>Galileo<\/li>\n<\/ul>\n<\/li>\n<li>Vidin\u0117 atmintis: 32 GB<\/li>\n<li>Width: 4,1 cm<\/li>\n<li>Produktas su ki\u0161tuku: Taip<\/li>\n<li>Ki\u0161tuko tipas: Ki\u0161tukas ES<\/li>\n<li>Apytiksl\u0117 autonomija: 24 valandos<\/li>\n<li>Maitinimo \u0161altinis: Elektros tinklas<\/li>\n<li>Operacin\u0117 sistema: \"Android\"<\/li>\n<li>Processor: Dual Core<\/li>\n<li>RAM Memory: 2 GB RAM<\/li>\n<li>Ekranas: 1,2\u2033<\/li>\n<li>Med\u017eiaga: Ner\u016bdijantis plienas<\/li>\n<li>Ry\u0161iai: USB<\/li>\n<li>Akumuliatoriaus tipas:\n<ul>\n<li>Integruotas<\/li>\n<li>\"Litio Ion<\/li>\n<\/ul>\n<\/li>\n<li>Compatible: Google Assistant<\/li>\n<li>Forma: Apskritas<\/li>\n<li>Fotoaparatas: Ne<\/li>\n<li>Blizgesys: 1000 cd\/m\u00b2<\/li>\n<li>Dydis:\n<ul>\n<li>41 mm<\/li>\n<li>S\/L<\/li>\n<\/ul>\n<\/li>\n<li>Veikiamas baterijomis: 1 litio jon\u0173, \u012fsk.<\/li>\n<li>USB jungtis: Ne<\/li>\n<li>Approx. weight: 300 gr<\/li>\n<li>\u012e komplekt\u0105 \u012feina: \u012ekroviklis<\/li>\n<li>Dir\u017eelis: Nuimamas<\/li>\n<li>Ne\u012ftrauktas: Mobiliojo tinklo ry\u0161ys<\/li>\n<\/ul>","protected":false},"excerpt":{"rendered":"<p><span class=\"unit-info\">8351.2195 &euro; \/ 1 m<\/span><\/p>","protected":false},"featured_media":103725,"comment_status":"open","ping_status":"closed","template":"","meta":{"_monsterinsights_skip_tracking":false,"_monsterinsights_sitenote_active":false,"_monsterinsights_sitenote_note":"","_monsterinsights_sitenote_category":0,"_joinchat":[]},"product_brand":[],"product_cat":[1328,1329,1330],"product_tag":[1308,1307,1306],"class_list":{"0":"post-103729","1":"product","2":"type-product","3":"status-publish","4":"has-post-thumbnail","6":"product_cat-computers-electronics","7":"product_cat-electronics-phones-tablets","8":"product_cat-smartwatches","9":"product_tag-tag_1261","10":"product_tag-tag_547","11":"product_tag-tag_1295","13":"first","14":"instock","15":"shipping-taxable","16":"purchasable","17":"product-type-simple"},"jetpack_sharing_enabled":true,"_links":{"self":[{"href":"https:\/\/go4shop.eu\/lt\/wp-json\/wp\/v2\/product\/103729","targetHints":{"allow":["GET"]}}],"collection":[{"href":"https:\/\/go4shop.eu\/lt\/wp-json\/wp\/v2\/product"}],"about":[{"href":"https:\/\/go4shop.eu\/lt\/wp-json\/wp\/v2\/types\/product"}],"replies":[{"embeddable":true,"href":"https:\/\/go4shop.eu\/lt\/wp-json\/wp\/v2\/comments?post=103729"}],"wp:featuredmedia":[{"embeddable":true,"href":"https:\/\/go4shop.eu\/lt\/wp-json\/wp\/v2\/media\/103725"}],"wp:attachment":[{"href":"https:\/\/go4shop.eu\/lt\/wp-json\/wp\/v2\/media?parent=103729"}],"wp:term":[{"taxonomy":"product_brand","embeddable":true,"href":"https:\/\/go4shop.eu\/lt\/wp-json\/wp\/v2\/product_brand?post=103729"},{"taxonomy":"product_cat","embeddable":true,"href":"https:\/\/go4shop.eu\/lt\/wp-json\/wp\/v2\/product_cat?post=103729"},{"taxonomy":"product_tag","embeddable":true,"href":"https:\/\/go4shop.eu\/lt\/wp-json\/wp\/v2\/product_tag?post=103729"}],"curies":[{"name":"wp","href":"https:\/\/api.w.org\/{rel}","templated":true}]}}