{"id":103687,"date":"2026-03-30T19:43:51","date_gmt":"2026-03-30T19:43:51","guid":{"rendered":"https:\/\/go4shop.eu\/en\/product\/surveillance-camcorder-axis-01932-021\/"},"modified":"2026-04-02T07:06:31","modified_gmt":"2026-04-02T07:06:31","slug":"surveillance-camcorder-axis-01932-021","status":"publish","type":"product","link":"https:\/\/go4shop.eu\/lt\/product\/surveillance-camcorder-axis-01932-021\/","title":{"rendered":"Steb\u0117jimo kamer\u0173 \u012fra\u0161ymo \u012frenginys Axis 01932-021"},"content":{"rendered":"<p>Jei esate aistringas <b>IT ir elektronika<\/b>, m\u0117gstate b\u016bti naujausios technologijos ir nepraleid\u017eiate net menkiausi\u0173 detali\u0173, \u012fsigykite <b> Steb\u0117jimo kamer\u0173 \u012fra\u0161ymo \u012frenginys Axis 01932-021 <\/b> u\u017e neprilygstam\u0105 kain\u0105.<\/p>\n<ul>\n<li>Tipas:\n<ul>\n<li>Laidinis<\/li>\n<li>IP apsaugos kamera<\/li>\n<\/ul>\n<\/li>\n<li>Ry\u0161iai:\n<ul>\n<li>Ethernet LAN<\/li>\n<li>PoE x 1<\/li>\n<li>3,5 mm lizdas<\/li>\n<\/ul>\n<\/li>\n<li>Funkcijos: Naktinis matymas<\/li>\n<li>Spalva:\n<ul>\n<li>Balta<\/li>\n<li>Juoda<\/li>\n<li>Juoda\/balta<\/li>\n<\/ul>\n<\/li>\n<li>Camera: 2 Mp<\/li>\n<li>Jutiklis: CMOS<\/li>\n<li>Skiriamoji geba (px): 1920 x 1080 px<\/li>\n<li>Med\u017eiaga: Aliuminis<\/li>\n<li>Savyb\u0117s:\n<ul>\n<li>Liekna kontrol\u0117<\/li>\n<li>Korteli\u0173 skaitytuvas<\/li>\n<li>Duomen\u0173 apsauga \/ slapta\u017eodis<\/li>\n<\/ul>\n<\/li>\n<li>Assembly: Ceiling<\/li>\n<li>Lenses: x1<\/li>\n<li>\u012e komplekt\u0105 \u012feina: Vartotojo vadovas<\/li>\n<li>Focal Length: 2,8 mm<\/li>\n<li>Accuracy (relative humidity): 10 % &#8211; 95 %<\/li>\n<\/ul>","protected":false},"excerpt":{"rendered":"<p>If you&#8217;re passionate about IT and electronics, like being up to date on technology and don&#8217;t miss even the slightest details, buy Surveillance Camcorder Axis 01932-021 at an unbeatable price. Type: Wired IP security camera Connections: Ethernet LAN PoE x 1 Jack 3.5 mm Functions: Night vision Colour: White Black Black\/White Camera: 2 Mp Sensor: [&hellip;]<\/p>\n","protected":false},"featured_media":103686,"comment_status":"open","ping_status":"closed","template":"","meta":{"_monsterinsights_skip_tracking":false,"_monsterinsights_sitenote_active":false,"_monsterinsights_sitenote_note":"","_monsterinsights_sitenote_category":0,"_joinchat":[]},"product_brand":[],"product_cat":[1324,1323,1325],"product_tag":[1303,1304],"class_list":{"0":"post-103687","1":"product","2":"type-product","3":"status-publish","4":"has-post-thumbnail","6":"product_cat-automation-and-safety","7":"product_cat-home-garden","8":"product_cat-surveillance-video-cameras","9":"product_tag-tag_25","10":"product_tag-tag_556","12":"first","13":"instock","14":"shipping-taxable","15":"purchasable","16":"product-type-simple"},"jetpack_sharing_enabled":true,"_links":{"self":[{"href":"https:\/\/go4shop.eu\/lt\/wp-json\/wp\/v2\/product\/103687","targetHints":{"allow":["GET"]}}],"collection":[{"href":"https:\/\/go4shop.eu\/lt\/wp-json\/wp\/v2\/product"}],"about":[{"href":"https:\/\/go4shop.eu\/lt\/wp-json\/wp\/v2\/types\/product"}],"replies":[{"embeddable":true,"href":"https:\/\/go4shop.eu\/lt\/wp-json\/wp\/v2\/comments?post=103687"}],"wp:featuredmedia":[{"embeddable":true,"href":"https:\/\/go4shop.eu\/lt\/wp-json\/wp\/v2\/media\/103686"}],"wp:attachment":[{"href":"https:\/\/go4shop.eu\/lt\/wp-json\/wp\/v2\/media?parent=103687"}],"wp:term":[{"taxonomy":"product_brand","embeddable":true,"href":"https:\/\/go4shop.eu\/lt\/wp-json\/wp\/v2\/product_brand?post=103687"},{"taxonomy":"product_cat","embeddable":true,"href":"https:\/\/go4shop.eu\/lt\/wp-json\/wp\/v2\/product_cat?post=103687"},{"taxonomy":"product_tag","embeddable":true,"href":"https:\/\/go4shop.eu\/lt\/wp-json\/wp\/v2\/product_tag?post=103687"}],"curies":[{"name":"wp","href":"https:\/\/api.w.org\/{rel}","templated":true}]}}