{"id":71,"date":"2025-12-08T11:58:13","date_gmt":"2025-12-08T11:58:13","guid":{"rendered":"https:\/\/go4shop.eu\/?page_id=71"},"modified":"2026-01-30T11:40:34","modified_gmt":"2026-01-30T11:40:34","slug":"rolam","status":"publish","type":"page","link":"https:\/\/go4shop.eu\/hu\/about\/","title":{"rendered":"R\u00f3l"},"content":{"rendered":"<p>Utols\u00f3 friss\u00edt\u00e9s: 2025.12.08<\/p>\n\n\n\n<p>\u00dcdv\u00f6z\u00f6lj\u00fck a Go4Shop.eu oldalon \u2013 egy online boltban, amelyet az\u00e9rt hoztunk l\u00e9tre, hogy praktikus, megb\u00edzhat\u00f3 \u00e9s tisztess\u00e9ges \u00e1r\u00fa term\u00e9keket k\u00edn\u00e1ljunk Eur\u00f3pa-szerte v\u00e1s\u00e1rl\u00f3inknak. Hisz\u00fcnk abban, hogy a v\u00e1s\u00e1rl\u00e1snak egyszer\u0171nek, \u00e1tl\u00e1that\u00f3nak \u00e9s stresszmentesnek kell lennie, felesleges bonyodalmak vagy rejtett felt\u00e9telek n\u00e9lk\u00fcl.<\/p>\n\n\n\n<p>A Go4Shop.eu-t a PreisDepot O\u00dc \u00fczemelteti, egy \u00e9sztorsz\u00e1gi sz\u00e9khely\u0171, EU-ban m\u0171k\u00f6d\u0151 v\u00e1llalat. C\u00e9lunk, hogy minden megrendel\u00e9sn\u00e9l \u00e9rt\u00e9ket, k\u00e9nyelmet \u00e9s z\u00f6kken\u0151mentes \u00e9lm\u00e9nyt biztos\u00edtsunk.<\/p>\n\n\n\n<h2 class=\"wp-block-heading\">K\u00fcldet\u00e9s\u00fcnk<\/h2>\n\n\n\n<p>K\u00fcldet\u00e9s\u00fcnk, hogy megb\u00edzhat\u00f3 online v\u00e1s\u00e1rl\u00e1si k\u00f6rnyezetet biztos\u00edtsunk, ahol az \u00fcgyfelek \u00e9sszer\u0171 \u00e1ron tal\u00e1lhatnak mindennapi term\u00e9keket, \u00e1tl\u00e1that\u00f3 szab\u00e1lyzatokkal \u00e9s megb\u00edzhat\u00f3 szolg\u00e1ltat\u00e1ssal t\u00e1mogatva.<\/p>\n\n\n\n<h2 class=\"wp-block-heading\">Mi\u00e9rt minket v\u00e1lasszon<\/h2>\n\n\n\n<p>Gondosan kiv\u00e1lasztott besz\u00e1ll\u00edt\u00f3kkal \u00e9s logisztikai partnerekkel dolgozunk annak \u00e9rdek\u00e9ben, hogy biztos\u00edtsuk:<br>\u2022 Tisztess\u00e9ges \u00e9s \u00e1tl\u00e1that\u00f3 \u00e1raz\u00e1s<br>\u2022 Gyors feldolgoz\u00e1s \u00e9s EU-szerte t\u00f6rt\u00e9n\u0151 sz\u00e1ll\u00edt\u00e1s<br>\u2022 14 napos el\u00e1ll\u00e1si jog<br>\u2022 Biztons\u00e1gos fizet\u00e9s \u00e9s adatv\u00e9delem<br>\u2022 Minden \u00faj term\u00e9kre jogilag garant\u00e1lt 2 \u00e9v eur\u00f3pai uni\u00f3s garancia<br>\u2022 Seg\u00edt\u0151k\u00e9sz \u00e9s gyors \u00fcgyf\u00e9lszolg\u00e1lat<\/p>\n\n\n\n<h2 class=\"wp-block-heading\">M\u00f3dszer\u00fcnk<\/h2>\n\n\n\n<p>Egy kis, de elk\u00f6telezett csapat vagyunk, amely \u00e9rt\u00e9keli az \u0151szintes\u00e9get, a vil\u00e1goss\u00e1got \u00e9s a hat\u00e9konys\u00e1got.<br>Amikor n\u00e1lunk v\u00e1s\u00e1rol, sz\u00e1m\u00edthat a k\u00f6vetkez\u0151kre:<br>\u2022 K\u00f6zvetlen term\u00e9kinform\u00e1ci\u00f3k<br>\u2022 Megrendel\u00e9sek gondos feldolgoz\u00e1sa<br>Re\u00e1lis sz\u00e1ll\u00edt\u00e1si elv\u00e1r\u00e1sok hamis \u00edg\u00e9retek n\u00e9lk\u00fcl<br>\u2022 \u00dcgyf\u00e9lbar\u00e1t kommunik\u00e1ci\u00f3<br>\u2022 Praktikus, mindennapi haszn\u00e1latra kiv\u00e1lasztott term\u00e9kek<\/p>\n\n\n\n<p>Mi sz\u00e1nd\u00e9kosan egyszer\u0171s\u00edtj\u00fck a dolgokat \u2013 hissz\u00fck, hogy a j\u00f3 v\u00e1s\u00e1rl\u00e1si \u00e9lm\u00e9nyt az \u00e1tl\u00e1that\u00f3s\u00e1g, a tisztess\u00e9ges szab\u00e1lyzatok \u00e9s a megb\u00edzhat\u00f3s\u00e1g biztos\u00edtja, nem pedig a bonyolult rendszerek vagy a felesleges extr\u00e1k.<\/p>\n\n\n\n<h2 class=\"wp-block-heading\">\u00dcgyf\u00e9lszolg\u00e1lat<\/h2>\n\n\n\n<p>T\u00e1mogat\u00f3 csapatunk k\u00e9szs\u00e9ggel \u00e1ll rendelkez\u00e9s\u00e9re a term\u00e9kekkel, rendel\u00e9sekkel vagy visszak\u00fcld\u00e9sekkel kapcsolatos k\u00e9rd\u00e9sekben.<br>Mindig el\u00e9rhet minket a k\u00f6vetkez\u0151 c\u00edmen:<br><strong><a>info@go4shop.eu<\/a><\/strong><\/p>\n\n\n\n<h2 class=\"wp-block-heading\">Felel\u0151ss\u00e9gi nyilatkozat<\/h2>\n\n\n\n<p><strong>Tartalom felel\u0151ss\u00e9g<\/strong><br>Minden tartalom, amely ezen a weboldalon tal\u00e1lhat\u00f3, nagy gondoss\u00e1ggal k\u00e9sz\u00fclt. Azonban nem tudjuk garant\u00e1lni az inform\u00e1ci\u00f3k pontoss\u00e1g\u00e1t, teljess\u00e9g\u00e9t vagy id\u0151szer\u0171s\u00e9g\u00e9t.<\/p>\n\n\n\n<p><strong>Felel\u0151ss\u00e9g k\u00fcls\u0151 hivatkoz\u00e1sok\u00e9rt<\/strong><br>Ez a weboldal k\u00fcls\u0151 harmadik f\u00e9lt\u0151l sz\u00e1rmaz\u00f3 webhelyekre mutat\u00f3 linkeket tartalmaz. Nincs befoly\u00e1sunk ezen oldalak tartalm\u00e1ra, ez\u00e9rt felel\u0151ss\u00e9get nem v\u00e1llalhatunk \u00e9rt\u00fck. A tartalom\u00e9rt kiz\u00e1r\u00f3lag az adott szolg\u00e1ltat\u00f3k felel\u0151sek.<\/p>\n\n\n\n<p><strong>Szerz\u0151i jog<\/strong><br>Minden v\u00e9djegy, log\u00f3 \u00e9s term\u00e9kn\u00e9v, amelyet ezen a webhelyen eml\u00edt\u00fcnk, a megfelel\u0151 tulajdonosok tulajdon\u00e1t k\u00e9pezi. A tartalom b\u00e1rmilyen reprodukci\u00f3ja, terjeszt\u00e9se vagy m\u00f3dos\u00edt\u00e1sa el\u0151zetes \u00edr\u00e1sbeli enged\u00e9lyt ig\u00e9nyel.<\/p>","protected":false},"excerpt":{"rendered":"<p>Last updated: 08\/12\/2025 Welcome to Go4Shop.eu \u2014 an online store created to offer practical, reliable and fairly priced products to customers across Europe. We believe that shopping should be simple, transparent and stress-free, without unnecessary complexity or hidden conditions. Go4Shop.eu is operated by PreisDepot O\u00dc, an EU-based company located in Estonia. Our focus is on [&hellip;]<\/p>\n","protected":false},"author":1,"featured_media":0,"parent":0,"menu_order":0,"comment_status":"closed","ping_status":"closed","template":"","meta":{"_monsterinsights_skip_tracking":false,"_monsterinsights_sitenote_active":false,"_monsterinsights_sitenote_note":"","_monsterinsights_sitenote_category":0,"_joinchat":[],"footnotes":""},"class_list":["post-71","page","type-page","status-publish","hentry"],"jetpack_sharing_enabled":true,"_links":{"self":[{"href":"https:\/\/go4shop.eu\/hu\/wp-json\/wp\/v2\/pages\/71","targetHints":{"allow":["GET"]}}],"collection":[{"href":"https:\/\/go4shop.eu\/hu\/wp-json\/wp\/v2\/pages"}],"about":[{"href":"https:\/\/go4shop.eu\/hu\/wp-json\/wp\/v2\/types\/page"}],"author":[{"embeddable":true,"href":"https:\/\/go4shop.eu\/hu\/wp-json\/wp\/v2\/users\/1"}],"replies":[{"embeddable":true,"href":"https:\/\/go4shop.eu\/hu\/wp-json\/wp\/v2\/comments?post=71"}],"version-history":[{"count":3,"href":"https:\/\/go4shop.eu\/hu\/wp-json\/wp\/v2\/pages\/71\/revisions"}],"predecessor-version":[{"id":3741,"href":"https:\/\/go4shop.eu\/hu\/wp-json\/wp\/v2\/pages\/71\/revisions\/3741"}],"wp:attachment":[{"href":"https:\/\/go4shop.eu\/hu\/wp-json\/wp\/v2\/media?parent=71"}],"curies":[{"name":"wp","href":"https:\/\/api.w.org\/{rel}","templated":true}]}}