{"id":106128,"date":"2026-05-05T05:58:14","date_gmt":"2026-05-05T05:58:14","guid":{"rendered":"https:\/\/go4shop.eu\/en\/product\/smartwatch-samsung-galaxy-watch6-classic-o-47-mm-silver\/"},"modified":"2026-05-05T05:58:14","modified_gmt":"2026-05-05T05:58:14","slug":"smartwatch-samsung-galaxy-watch6-classic-o-47-mm-silver","status":"publish","type":"product","link":"https:\/\/go4shop.eu\/fi\/product\/smartwatch-samsung-galaxy-watch6-classic-o-47-mm-silver\/","title":{"rendered":"Smartwatch Samsung Galaxy Watch6 Classic \u00d8 47 mm Silver"},"content":{"rendered":"<p>Jos intohimosi on <b>Tieto- ja elektroniikkateollisuus<\/b>, kuten pysymisest\u00e4 ajan tasalla teknologiasta ja pienimpienkin yksityiskohtien huomaamisesta, osta <b> Smartwatch Samsung Galaxy Watch6 Classic \u00d8 47 mm Silver <\/b> ly\u00f6m\u00e4tt\u00f6m\u00e4\u00e4n hintaan.<\/p>\n<ul>\n<li>V\u00e4ri:\n<ul>\n<li>Grey<\/li>\n<li>Silver<\/li>\n<\/ul>\n<\/li>\n<li>Includes:\n<ul>\n<li>User manual<\/li>\n<li>Charger<\/li>\n<\/ul>\n<\/li>\n<li>Approx. weight: 59 g<\/li>\n<li>Battery capacity: 425 mAh<\/li>\n<li>Impermeable: 5 atm<\/li>\n<li>Radio FM: Ei<\/li>\n<li>Touchscreen: Yes<\/li>\n<li>Yhteydet\n<ul>\n<li>Bluetooth<\/li>\n<li>NFC<\/li>\n<\/ul>\n<\/li>\n<li>Kellotyyppi: \u00c4lykello<\/li>\n<li>Tuote pistokkeella: Kyll\u00e4<\/li>\n<li>Watch case diameter: \u00d8 47 mm<\/li>\n<li>Pistoketyyppi: EU-pistoke<\/li>\n<li>S\u00e4hk\u00f6nsy\u00f6tt\u00f6: S\u00e4hk\u00f6verkko<\/li>\n<li>Internal Memory: 16 GB<\/li>\n<li>Prosessori: Kaksiydin<\/li>\n<li>RAM Memory: 2 GB RAM<\/li>\n<li>Screen: 1,5&#8243;<\/li>\n<li>Type: Blood Pressure Monitor<\/li>\n<li>Material: Stainless steel<\/li>\n<li>Ominaisuudet\n<ul>\n<li>Water resistant<\/li>\n<li>Kosketusn\u00e4ytt\u00f6<\/li>\n<li>Distance travelled<\/li>\n<li>SMS<\/li>\n<li>5 atm<\/li>\n<li>Call and Message Notifications<\/li>\n<li>Automatic<\/li>\n<li>Magneettinen lataus<\/li>\n<\/ul>\n<\/li>\n<li>Funktiot\n<ul>\n<li>V\u00e4rin\u00e4ytt\u00f6<\/li>\n<li>Calorie Intake<\/li>\n<li>Unimonitori<\/li>\n<li>Search for Device<\/li>\n<li>Sykemittari<\/li>\n<\/ul>\n<\/li>\n<li>Battery type: Integrated<\/li>\n<li>Strap colour: Grey<\/li>\n<li>Shape: Circular<\/li>\n<li>IP rating: IP68<\/li>\n<li>Kamera: Ei<\/li>\n<li>USB-liit\u00e4nt\u00e4: Ei<\/li>\n<li>Not included: Mobile network connection<\/li>\n<li>Approx. autonomy: 40 hours<\/li>\n<\/ul>","protected":false},"excerpt":{"rendered":"<p>If you&#8217;re passionate about IT and electronics, like being up to date on technology and don&#8217;t miss even the slightest details, buy Smartwatch Samsung Galaxy Watch6 Classic \u00d8 47 mm Silver at an unbeatable price. Colour: Grey Silver Includes: User manual Charger Approx. weight: 59 g Battery capacity: 425 mAh Impermeable: 5 atm Radio FM: [&hellip;]<\/p>\n","protected":false},"featured_media":106122,"comment_status":"open","ping_status":"closed","template":"","meta":{"_monsterinsights_skip_tracking":false,"_monsterinsights_sitenote_active":false,"_monsterinsights_sitenote_note":"","_monsterinsights_sitenote_category":0,"_joinchat":[]},"product_brand":[],"product_cat":[1328,1329,1330],"product_tag":[1308,1307,1306],"class_list":{"0":"post-106128","1":"product","2":"type-product","3":"status-publish","4":"has-post-thumbnail","6":"product_cat-computers-electronics","7":"product_cat-electronics-phones-tablets","8":"product_cat-smartwatches","9":"product_tag-tag_1261","10":"product_tag-tag_547","11":"product_tag-tag_1295","13":"first","14":"outofstock","15":"shipping-taxable","16":"purchasable","17":"product-type-simple"},"jetpack_sharing_enabled":true,"_links":{"self":[{"href":"https:\/\/go4shop.eu\/fi\/wp-json\/wp\/v2\/product\/106128","targetHints":{"allow":["GET"]}}],"collection":[{"href":"https:\/\/go4shop.eu\/fi\/wp-json\/wp\/v2\/product"}],"about":[{"href":"https:\/\/go4shop.eu\/fi\/wp-json\/wp\/v2\/types\/product"}],"replies":[{"embeddable":true,"href":"https:\/\/go4shop.eu\/fi\/wp-json\/wp\/v2\/comments?post=106128"}],"wp:featuredmedia":[{"embeddable":true,"href":"https:\/\/go4shop.eu\/fi\/wp-json\/wp\/v2\/media\/106122"}],"wp:attachment":[{"href":"https:\/\/go4shop.eu\/fi\/wp-json\/wp\/v2\/media?parent=106128"}],"wp:term":[{"taxonomy":"product_brand","embeddable":true,"href":"https:\/\/go4shop.eu\/fi\/wp-json\/wp\/v2\/product_brand?post=106128"},{"taxonomy":"product_cat","embeddable":true,"href":"https:\/\/go4shop.eu\/fi\/wp-json\/wp\/v2\/product_cat?post=106128"},{"taxonomy":"product_tag","embeddable":true,"href":"https:\/\/go4shop.eu\/fi\/wp-json\/wp\/v2\/product_tag?post=106128"}],"curies":[{"name":"wp","href":"https:\/\/api.w.org\/{rel}","templated":true}]}}