{"id":106023,"date":"2026-04-29T11:13:11","date_gmt":"2026-04-29T11:13:11","guid":{"rendered":"https:\/\/go4shop.eu\/en\/product\/surveillance-camcorder-axis-02710-001\/"},"modified":"2026-04-29T11:13:11","modified_gmt":"2026-04-29T11:13:11","slug":"surveillance-camcorder-axis-02710-001","status":"publish","type":"product","link":"https:\/\/go4shop.eu\/fi\/product\/surveillance-camcorder-axis-02710-001\/","title":{"rendered":"Surveillance Camcorder Axis 02710-001"},"content":{"rendered":"<p>Jos intohimosi on <b>Tieto- ja elektroniikkateollisuus<\/b>, kuten pysymisest\u00e4 ajan tasalla teknologiasta ja pienimpienkin yksityiskohtien huomaamisesta, osta <b> Surveillance Camcorder Axis 02710-001 <\/b> ly\u00f6m\u00e4tt\u00f6m\u00e4\u00e4n hintaan.<\/p>\n<ul>\n<li>Tyyppi:\n<ul>\n<li>Videocamera<\/li>\n<li>Wired<\/li>\n<li>IP security camera<\/li>\n<\/ul>\n<\/li>\n<li>Colour: Grey<\/li>\n<li>Connections:\n<ul>\n<li>Ethernet LAN<\/li>\n<li>PoE x 1<\/li>\n<\/ul>\n<\/li>\n<li>Functions: Night vision<\/li>\n<li>Compatible memory cards: MicroSD (TransFlash),MicroSDHC,MicroSDXC<\/li>\n<li>Sensor: CMOS<\/li>\n<li>Number of cameras: 1<\/li>\n<li>Resolution (px): 3840 x 2160 px<\/li>\n<\/ul>","protected":false},"excerpt":{"rendered":"<p>If you&#8217;re passionate about IT and electronics, like being up to date on technology and don&#8217;t miss even the slightest details, buy Surveillance Camcorder Axis 02710-001 at an unbeatable price. Type: Videocamera Wired IP security camera Colour: Grey Connections: Ethernet LAN PoE x 1 Functions: Night vision Compatible memory cards: MicroSD (TransFlash),MicroSDHC,MicroSDXC Sensor: CMOS Number [&hellip;]<\/p>\n","protected":false},"featured_media":106018,"comment_status":"open","ping_status":"closed","template":"","meta":{"_monsterinsights_skip_tracking":false,"_monsterinsights_sitenote_active":false,"_monsterinsights_sitenote_note":"","_monsterinsights_sitenote_category":0,"_joinchat":[]},"product_brand":[],"product_cat":[1324,1323,1325],"product_tag":[1303,1304],"class_list":{"0":"post-106023","1":"product","2":"type-product","3":"status-publish","4":"has-post-thumbnail","6":"product_cat-automation-and-safety","7":"product_cat-home-garden","8":"product_cat-surveillance-video-cameras","9":"product_tag-tag_25","10":"product_tag-tag_556","12":"first","13":"outofstock","14":"shipping-taxable","15":"purchasable","16":"product-type-simple"},"jetpack_sharing_enabled":true,"_links":{"self":[{"href":"https:\/\/go4shop.eu\/fi\/wp-json\/wp\/v2\/product\/106023","targetHints":{"allow":["GET"]}}],"collection":[{"href":"https:\/\/go4shop.eu\/fi\/wp-json\/wp\/v2\/product"}],"about":[{"href":"https:\/\/go4shop.eu\/fi\/wp-json\/wp\/v2\/types\/product"}],"replies":[{"embeddable":true,"href":"https:\/\/go4shop.eu\/fi\/wp-json\/wp\/v2\/comments?post=106023"}],"wp:featuredmedia":[{"embeddable":true,"href":"https:\/\/go4shop.eu\/fi\/wp-json\/wp\/v2\/media\/106018"}],"wp:attachment":[{"href":"https:\/\/go4shop.eu\/fi\/wp-json\/wp\/v2\/media?parent=106023"}],"wp:term":[{"taxonomy":"product_brand","embeddable":true,"href":"https:\/\/go4shop.eu\/fi\/wp-json\/wp\/v2\/product_brand?post=106023"},{"taxonomy":"product_cat","embeddable":true,"href":"https:\/\/go4shop.eu\/fi\/wp-json\/wp\/v2\/product_cat?post=106023"},{"taxonomy":"product_tag","embeddable":true,"href":"https:\/\/go4shop.eu\/fi\/wp-json\/wp\/v2\/product_tag?post=106023"}],"curies":[{"name":"wp","href":"https:\/\/api.w.org\/{rel}","templated":true}]}}