{"id":105587,"date":"2026-04-15T13:53:04","date_gmt":"2026-04-15T13:53:04","guid":{"rendered":"https:\/\/go4shop.eu\/en\/product\/ip-camera-axis-p5676-le\/"},"modified":"2026-04-15T13:53:04","modified_gmt":"2026-04-15T13:53:04","slug":"ip-camera-axis-p5676-le","status":"publish","type":"product","link":"https:\/\/go4shop.eu\/fi\/product\/ip-camera-axis-p5676-le\/","title":{"rendered":"IP-kamera Axis P5676-LE"},"content":{"rendered":"<p>Jos intohimosi on <b>Tieto- ja elektroniikkateollisuus<\/b>, kuten pysymisest\u00e4 ajan tasalla teknologiasta ja pienimpienkin yksityiskohtien huomaamisesta, osta <b> IP-kamera Axis P5676-LE <\/b> ly\u00f6m\u00e4tt\u00f6m\u00e4\u00e4n hintaan.<\/p>\n<ul>\n<li>Functions: Night vision<\/li>\n<li>Tyyppi:\n<ul>\n<li>Wired<\/li>\n<li>IP security camera<\/li>\n<\/ul>\n<\/li>\n<li>V\u00e4ri: Valkoinen<\/li>\n<li>Connections:\n<ul>\n<li>Ethernet LAN<\/li>\n<li>RJ45<\/li>\n<li>Jack 3.5 mm<\/li>\n<\/ul>\n<\/li>\n<li>Form factor: Light bulb<\/li>\n<li>Virtal\u00e4hde:\n<ul>\n<li>DC,PoE<\/li>\n<li>CC<\/li>\n<\/ul>\n<\/li>\n<li>Sensor: CMOS<\/li>\n<li>Number of cameras: 1<\/li>\n<li>Material: Plastic<\/li>\n<li>Ominaisuudet\n<ul>\n<li>Lean control<\/li>\n<li>Card Reader<\/li>\n<li>Data protection\/Password<\/li>\n<\/ul>\n<\/li>\n<li>Assembly: Wall mounting<\/li>\n<li>Ports: Audio entry<\/li>\n<li>IP rating: IP66<\/li>\n<li>Technology:\n<ul>\n<li>HDD<\/li>\n<li>2-Way CrossFireX<\/li>\n<\/ul>\n<\/li>\n<li>Energy consumption: 30 kWh<\/li>\n<li>Not included:\n<ul>\n<li>WiFi<\/li>\n<li>Bluetooth<\/li>\n<\/ul>\n<\/li>\n<li>Channels: 1.0<\/li>\n<li>Lenses: x1<\/li>\n<li>Resolution (px): 2688 x 1512 px<\/li>\n<\/ul>","protected":false},"excerpt":{"rendered":"<p>If you&#8217;re passionate about IT and electronics, like being up to date on technology and don&#8217;t miss even the slightest details, buy IP camera Axis P5676-LE at an unbeatable price. Functions: Night vision Type: Wired IP security camera Colour: White Connections: Ethernet LAN RJ45 Jack 3.5 mm Form factor: Light bulb Power supply: DC,PoE CC [&hellip;]<\/p>\n","protected":false},"featured_media":105586,"comment_status":"open","ping_status":"closed","template":"","meta":{"_monsterinsights_skip_tracking":false,"_monsterinsights_sitenote_active":false,"_monsterinsights_sitenote_note":"","_monsterinsights_sitenote_category":0,"_joinchat":[]},"product_brand":[],"product_cat":[1324,1323,1325],"product_tag":[1303,1304],"class_list":{"0":"post-105587","1":"product","2":"type-product","3":"status-publish","4":"has-post-thumbnail","6":"product_cat-automation-and-safety","7":"product_cat-home-garden","8":"product_cat-surveillance-video-cameras","9":"product_tag-tag_25","10":"product_tag-tag_556","12":"first","13":"instock","14":"shipping-taxable","15":"purchasable","16":"product-type-simple"},"jetpack_sharing_enabled":true,"_links":{"self":[{"href":"https:\/\/go4shop.eu\/fi\/wp-json\/wp\/v2\/product\/105587","targetHints":{"allow":["GET"]}}],"collection":[{"href":"https:\/\/go4shop.eu\/fi\/wp-json\/wp\/v2\/product"}],"about":[{"href":"https:\/\/go4shop.eu\/fi\/wp-json\/wp\/v2\/types\/product"}],"replies":[{"embeddable":true,"href":"https:\/\/go4shop.eu\/fi\/wp-json\/wp\/v2\/comments?post=105587"}],"wp:featuredmedia":[{"embeddable":true,"href":"https:\/\/go4shop.eu\/fi\/wp-json\/wp\/v2\/media\/105586"}],"wp:attachment":[{"href":"https:\/\/go4shop.eu\/fi\/wp-json\/wp\/v2\/media?parent=105587"}],"wp:term":[{"taxonomy":"product_brand","embeddable":true,"href":"https:\/\/go4shop.eu\/fi\/wp-json\/wp\/v2\/product_brand?post=105587"},{"taxonomy":"product_cat","embeddable":true,"href":"https:\/\/go4shop.eu\/fi\/wp-json\/wp\/v2\/product_cat?post=105587"},{"taxonomy":"product_tag","embeddable":true,"href":"https:\/\/go4shop.eu\/fi\/wp-json\/wp\/v2\/product_tag?post=105587"}],"curies":[{"name":"wp","href":"https:\/\/api.w.org\/{rel}","templated":true}]}}