{"id":105577,"date":"2026-04-15T12:53:21","date_gmt":"2026-04-15T12:53:21","guid":{"rendered":"https:\/\/go4shop.eu\/en\/product\/surveillance-camcorder-axis-02861-001\/"},"modified":"2026-04-15T12:53:21","modified_gmt":"2026-04-15T12:53:21","slug":"surveillance-camcorder-axis-02861-001","status":"publish","type":"product","link":"https:\/\/go4shop.eu\/fi\/product\/surveillance-camcorder-axis-02861-001\/","title":{"rendered":"Valvontakamera Axis 02861-001"},"content":{"rendered":"<p>Jos intohimosi on <b>Tieto- ja elektroniikkateollisuus<\/b>, kuten pysymisest\u00e4 ajan tasalla teknologiasta ja pienimpienkin yksityiskohtien huomaamisesta, osta <b> Valvontakamera Axis 02861-001 <\/b> ly\u00f6m\u00e4tt\u00f6m\u00e4\u00e4n hintaan.<\/p>\n<ul>\n<li>Type: Videocamera<\/li>\n<li>V\u00e4ri: Valkoinen<\/li>\n<\/ul>","protected":false},"excerpt":{"rendered":"<p>If you&#8217;re passionate about IT and electronics, like being up to date on technology and don&#8217;t miss even the slightest details, buy Surveillance Camcorder Axis 02861-001 at an unbeatable price. Type: Videocamera Colour: White<\/p>","protected":false},"featured_media":105576,"comment_status":"open","ping_status":"closed","template":"","meta":{"_monsterinsights_skip_tracking":false,"_monsterinsights_sitenote_active":false,"_monsterinsights_sitenote_note":"","_monsterinsights_sitenote_category":0,"_joinchat":[]},"product_brand":[],"product_cat":[1324,1323,1325],"product_tag":[1303],"class_list":{"0":"post-105577","1":"product","2":"type-product","3":"status-publish","4":"has-post-thumbnail","6":"product_cat-automation-and-safety","7":"product_cat-home-garden","8":"product_cat-surveillance-video-cameras","9":"product_tag-tag_25","11":"first","12":"instock","13":"shipping-taxable","14":"purchasable","15":"product-type-simple"},"jetpack_sharing_enabled":true,"_links":{"self":[{"href":"https:\/\/go4shop.eu\/fi\/wp-json\/wp\/v2\/product\/105577","targetHints":{"allow":["GET"]}}],"collection":[{"href":"https:\/\/go4shop.eu\/fi\/wp-json\/wp\/v2\/product"}],"about":[{"href":"https:\/\/go4shop.eu\/fi\/wp-json\/wp\/v2\/types\/product"}],"replies":[{"embeddable":true,"href":"https:\/\/go4shop.eu\/fi\/wp-json\/wp\/v2\/comments?post=105577"}],"wp:featuredmedia":[{"embeddable":true,"href":"https:\/\/go4shop.eu\/fi\/wp-json\/wp\/v2\/media\/105576"}],"wp:attachment":[{"href":"https:\/\/go4shop.eu\/fi\/wp-json\/wp\/v2\/media?parent=105577"}],"wp:term":[{"taxonomy":"product_brand","embeddable":true,"href":"https:\/\/go4shop.eu\/fi\/wp-json\/wp\/v2\/product_brand?post=105577"},{"taxonomy":"product_cat","embeddable":true,"href":"https:\/\/go4shop.eu\/fi\/wp-json\/wp\/v2\/product_cat?post=105577"},{"taxonomy":"product_tag","embeddable":true,"href":"https:\/\/go4shop.eu\/fi\/wp-json\/wp\/v2\/product_tag?post=105577"}],"curies":[{"name":"wp","href":"https:\/\/api.w.org\/{rel}","templated":true}]}}