{"id":105558,"date":"2026-04-15T12:53:05","date_gmt":"2026-04-15T12:53:05","guid":{"rendered":"https:\/\/go4shop.eu\/en\/product\/surveillance-camcorder-axis-m5000-g\/"},"modified":"2026-04-15T12:53:05","modified_gmt":"2026-04-15T12:53:05","slug":"surveillance-camcorder-axis-m5000-g","status":"publish","type":"product","link":"https:\/\/go4shop.eu\/fi\/product\/surveillance-camcorder-axis-m5000-g\/","title":{"rendered":"Surveillance Camcorder Axis M5000-G"},"content":{"rendered":"<p>Jos intohimosi on <b>Tieto- ja elektroniikkateollisuus<\/b>, kuten pysymisest\u00e4 ajan tasalla teknologiasta ja pienimpienkin yksityiskohtien huomaamisesta, osta <b> Surveillance Camcorder Axis M5000-G <\/b> ly\u00f6m\u00e4tt\u00f6m\u00e4\u00e4n hintaan.<\/p>\n<ul>\n<li>Connections:\n<ul>\n<li>Ethernet LAN<\/li>\n<li>PoE x 1<\/li>\n<li>RJ45<\/li>\n<\/ul>\n<\/li>\n<li>Functions: Night vision<\/li>\n<li>Tyyppi:\n<ul>\n<li>Videocamera<\/li>\n<li>Wireless<\/li>\n<li>IP security camera<\/li>\n<\/ul>\n<\/li>\n<li>Number of cameras: 1<\/li>\n<li>Sensor: CMOS<\/li>\n<li>Compatible memory cards: SD,SDHC,SDXC<\/li>\n<li>Internal Memory: 2 GB<\/li>\n<li>Camera: 5 Mp<\/li>\n<li>V\u00e4ri:\n<ul>\n<li>Valkoinen<\/li>\n<li>Musta<\/li>\n<\/ul>\n<\/li>\n<li>Resolution (px): 1920 x 1080 px<\/li>\n<li>Ominaisuudet\n<ul>\n<li>Lean control<\/li>\n<li>Wireless<\/li>\n<li>Data protection\/Password<\/li>\n<\/ul>\n<\/li>\n<li>Technology: HDD<\/li>\n<li>Not included:\n<ul>\n<li>WiFi<\/li>\n<li>Bluetooth<\/li>\n<\/ul>\n<\/li>\n<li>Includes: User manual<\/li>\n<\/ul>","protected":false},"excerpt":{"rendered":"<p>If you&#8217;re passionate about IT and electronics, like being up to date on technology and don&#8217;t miss even the slightest details, buy Surveillance Camcorder Axis M5000-G at an unbeatable price. Connections: Ethernet LAN PoE x 1 RJ45 Functions: Night vision Type: Videocamera Wireless IP security camera Number of cameras: 1 Sensor: CMOS Compatible memory cards: [&hellip;]<\/p>\n","protected":false},"featured_media":105557,"comment_status":"open","ping_status":"closed","template":"","meta":{"_monsterinsights_skip_tracking":false,"_monsterinsights_sitenote_active":false,"_monsterinsights_sitenote_note":"","_monsterinsights_sitenote_category":0,"_joinchat":[]},"product_brand":[],"product_cat":[1324,1323,1325],"product_tag":[1303,1304],"class_list":{"0":"post-105558","1":"product","2":"type-product","3":"status-publish","4":"has-post-thumbnail","6":"product_cat-automation-and-safety","7":"product_cat-home-garden","8":"product_cat-surveillance-video-cameras","9":"product_tag-tag_25","10":"product_tag-tag_556","12":"first","13":"instock","14":"shipping-taxable","15":"purchasable","16":"product-type-simple"},"jetpack_sharing_enabled":true,"_links":{"self":[{"href":"https:\/\/go4shop.eu\/fi\/wp-json\/wp\/v2\/product\/105558","targetHints":{"allow":["GET"]}}],"collection":[{"href":"https:\/\/go4shop.eu\/fi\/wp-json\/wp\/v2\/product"}],"about":[{"href":"https:\/\/go4shop.eu\/fi\/wp-json\/wp\/v2\/types\/product"}],"replies":[{"embeddable":true,"href":"https:\/\/go4shop.eu\/fi\/wp-json\/wp\/v2\/comments?post=105558"}],"wp:featuredmedia":[{"embeddable":true,"href":"https:\/\/go4shop.eu\/fi\/wp-json\/wp\/v2\/media\/105557"}],"wp:attachment":[{"href":"https:\/\/go4shop.eu\/fi\/wp-json\/wp\/v2\/media?parent=105558"}],"wp:term":[{"taxonomy":"product_brand","embeddable":true,"href":"https:\/\/go4shop.eu\/fi\/wp-json\/wp\/v2\/product_brand?post=105558"},{"taxonomy":"product_cat","embeddable":true,"href":"https:\/\/go4shop.eu\/fi\/wp-json\/wp\/v2\/product_cat?post=105558"},{"taxonomy":"product_tag","embeddable":true,"href":"https:\/\/go4shop.eu\/fi\/wp-json\/wp\/v2\/product_tag?post=105558"}],"curies":[{"name":"wp","href":"https:\/\/api.w.org\/{rel}","templated":true}]}}