{"id":105532,"date":"2026-04-15T08:33:04","date_gmt":"2026-04-15T08:33:04","guid":{"rendered":"https:\/\/go4shop.eu\/en\/product\/smartwatch-amazfit-w2550gl2n-black\/"},"modified":"2026-04-15T08:33:04","modified_gmt":"2026-04-15T08:33:04","slug":"smartwatch-amazfit-w2550gl2n-black","status":"publish","type":"product","link":"https:\/\/go4shop.eu\/fi\/product\/smartwatch-amazfit-w2550gl2n-black\/","title":{"rendered":"\u00c4lykello Amazfit W2550GL2N Musta"},"content":{"rendered":"<p>Jos intohimosi on <b>Tieto- ja elektroniikkateollisuus<\/b>, kuten pysymisest\u00e4 ajan tasalla teknologiasta ja pienimpienkin yksityiskohtien huomaamisesta, osta <b> \u00c4lykello Amazfit W2550GL2N Musta <\/b> ly\u00f6m\u00e4tt\u00f6m\u00e4\u00e4n hintaan.<\/p>\n<ul>\n<li>Kellotyyppi: \u00c4lykello<\/li>\n<li>Tuote pistokkeella: Kyll\u00e4<\/li>\n<li>Alarm: Yes<\/li>\n<li>Ominaisuudet\n<ul>\n<li>Kosketusn\u00e4ytt\u00f6<\/li>\n<li>Water resistant<\/li>\n<\/ul>\n<\/li>\n<li>Built-in microphone: Yes<\/li>\n<li>Accelerometer: Yes<\/li>\n<li>Gyroscope: Yes<\/li>\n<li>Yhteydet\n<ul>\n<li>Bluetooth 5.2<\/li>\n<li>Bluetooth<\/li>\n<\/ul>\n<\/li>\n<li>Stopwatch: Yes<\/li>\n<li>Shine: 3000 cd \/ m\u00b2<\/li>\n<li>Pistoketyyppi: EU-pistoke<\/li>\n<li>S\u00e4hk\u00f6nsy\u00f6tt\u00f6: S\u00e4hk\u00f6verkko<\/li>\n<li>Strap colour: Black<\/li>\n<li>V\u00e4ri: Musta<\/li>\n<li>Material:\n<ul>\n<li>Stainless steel<\/li>\n<li>Plastic<\/li>\n<\/ul>\n<\/li>\n<li>Box: 47 mm<\/li>\n<li>Bracelet material: Silicone<\/li>\n<li>Watch case colour: Black<\/li>\n<li>Watch face colour: Black<\/li>\n<li>Gender: Unisex<\/li>\n<li>GPS: Yes<\/li>\n<li>Approx. autonomy:\n<ul>\n<li>20 Days<\/li>\n<li>14 Days<\/li>\n<\/ul>\n<\/li>\n<li>Compatible:\n<ul>\n<li>Android<\/li>\n<li>iOS<\/li>\n<\/ul>\n<\/li>\n<li>Technology: AMOLED<\/li>\n<li>Operating System: Amazfit OS<\/li>\n<li>Water resistance: 10 atm<\/li>\n<li>Watch Strap: Silicone<\/li>\n<li>Screen: 1,43&#8243;<\/li>\n<li>Shape: Circular<\/li>\n<\/ul>","protected":false},"excerpt":{"rendered":"<p>If you&#8217;re passionate about IT and electronics, like being up to date on technology and don&#8217;t miss even the slightest details, buy Smartwatch Amazfit W2550GL2N Black at an unbeatable price. Type of watch: Smartwatch Product with plug: Yes Alarm: Yes Characteristics: Touchscreen Water resistant Built-in microphone: Yes Accelerometer: Yes Gyroscope: Yes Connectivity: Bluetooth 5.2 Bluetooth [&hellip;]<\/p>\n","protected":false},"featured_media":105531,"comment_status":"open","ping_status":"closed","template":"","meta":{"_monsterinsights_skip_tracking":false,"_monsterinsights_sitenote_active":false,"_monsterinsights_sitenote_note":"","_monsterinsights_sitenote_category":0,"_joinchat":[]},"product_brand":[],"product_cat":[1328,1329,1330],"product_tag":[1308,1307,1306],"class_list":{"0":"post-105532","1":"product","2":"type-product","3":"status-publish","4":"has-post-thumbnail","6":"product_cat-computers-electronics","7":"product_cat-electronics-phones-tablets","8":"product_cat-smartwatches","9":"product_tag-tag_1261","10":"product_tag-tag_547","11":"product_tag-tag_1295","13":"first","14":"instock","15":"shipping-taxable","16":"purchasable","17":"product-type-simple"},"jetpack_sharing_enabled":true,"_links":{"self":[{"href":"https:\/\/go4shop.eu\/fi\/wp-json\/wp\/v2\/product\/105532","targetHints":{"allow":["GET"]}}],"collection":[{"href":"https:\/\/go4shop.eu\/fi\/wp-json\/wp\/v2\/product"}],"about":[{"href":"https:\/\/go4shop.eu\/fi\/wp-json\/wp\/v2\/types\/product"}],"replies":[{"embeddable":true,"href":"https:\/\/go4shop.eu\/fi\/wp-json\/wp\/v2\/comments?post=105532"}],"wp:featuredmedia":[{"embeddable":true,"href":"https:\/\/go4shop.eu\/fi\/wp-json\/wp\/v2\/media\/105531"}],"wp:attachment":[{"href":"https:\/\/go4shop.eu\/fi\/wp-json\/wp\/v2\/media?parent=105532"}],"wp:term":[{"taxonomy":"product_brand","embeddable":true,"href":"https:\/\/go4shop.eu\/fi\/wp-json\/wp\/v2\/product_brand?post=105532"},{"taxonomy":"product_cat","embeddable":true,"href":"https:\/\/go4shop.eu\/fi\/wp-json\/wp\/v2\/product_cat?post=105532"},{"taxonomy":"product_tag","embeddable":true,"href":"https:\/\/go4shop.eu\/fi\/wp-json\/wp\/v2\/product_tag?post=105532"}],"curies":[{"name":"wp","href":"https:\/\/api.w.org\/{rel}","templated":true}]}}