{"id":105445,"date":"2026-04-14T11:18:19","date_gmt":"2026-04-14T11:18:19","guid":{"rendered":"https:\/\/go4shop.eu\/en\/product\/smartwatch-apple-mwwe3ql-a-black-177\/"},"modified":"2026-04-14T11:18:19","modified_gmt":"2026-04-14T11:18:19","slug":"smartwatch-apple-mwwe3ql-a-black-177","status":"publish","type":"product","link":"https:\/\/go4shop.eu\/fi\/product\/smartwatch-apple-mwwe3ql-a-black-177\/","title":{"rendered":"\u00c4lykello Apple MWWE3QL\/A Musta 1,77\u2033"},"content":{"rendered":"<p>Jos intohimosi on <b>Tieto- ja elektroniikkateollisuus<\/b>, kuten pysymisest\u00e4 ajan tasalla teknologiasta ja pienimpienkin yksityiskohtien huomaamisesta, osta <b> \u00c4lykello Apple MWWE3QL\/A Musta 1,77\u2033 <\/b> ly\u00f6m\u00e4tt\u00f6m\u00e4\u00e4n hintaan.<\/p>\n<ul>\n<li>Kellotyyppi: \u00c4lykello<\/li>\n<li>Tuote pistokkeella: Kyll\u00e4<\/li>\n<li>Pistoketyyppi: EU-pistoke<\/li>\n<li>Size:\n<ul>\n<li>S\/M<\/li>\n<li>42 mm<\/li>\n<li>36 mm<\/li>\n<\/ul>\n<\/li>\n<li>Width: 36 mm<\/li>\n<li>Weight: 30 g<\/li>\n<li>Compatible:\n<ul>\n<li>iOS<\/li>\n<li>Siri<\/li>\n<\/ul>\n<\/li>\n<li>Box: 42 mm<\/li>\n<li>Noin mitat:\n<ul>\n<li>8 x 4 x 24 cm<\/li>\n<li>4,2 x 3,6 x 1 cm<\/li>\n<\/ul>\n<\/li>\n<li>S\u00e4hk\u00f6nsy\u00f6tt\u00f6: S\u00e4hk\u00f6verkko<\/li>\n<li>V\u00e4ri: Musta<\/li>\n<li>Sis\u00e4inen muisti: 64 Gt<\/li>\n<li>Prosessori: Kaksiydin<\/li>\n<li>Screen: 1,77&#8243;<\/li>\n<li>Material: Aluminium<\/li>\n<li>Ominaisuudet\n<ul>\n<li>Kiihtyvyysanturi<\/li>\n<li>Integroidut kaiuttimet<\/li>\n<li>Kosketusn\u00e4ytt\u00f6<\/li>\n<li>Ymp\u00e4rist\u00f6n valoisuuden tunnistin<\/li>\n<li>Gyroskooppi<\/li>\n<li>Resistant to water and dust<\/li>\n<li>Korkeusmittari<\/li>\n<li>Sis\u00e4\u00e4nrakennettu mikrofoni<\/li>\n<li>Unimonitori<\/li>\n<li>SMS<\/li>\n<li>Magneettinen lataus<\/li>\n<li>Py\u00f6ristetyt kulmat n\u00e4ytt\u00f6<\/li>\n<\/ul>\n<\/li>\n<li>Akkutyyppi:\n<ul>\n<li>Integroitu<\/li>\n<li>Litiumioni<\/li>\n<\/ul>\n<\/li>\n<li>Yhteydet\n<ul>\n<li>Bluetooth<\/li>\n<li>Wi-Fi<\/li>\n<li>GPS<\/li>\n<li>NFC<\/li>\n<li>BeiDou<\/li>\n<li>Galilei<\/li>\n<li>Bluetooth 5.3<\/li>\n<\/ul>\n<\/li>\n<li>Muoto: Suorakulmainen<\/li>\n<li>Kamera: Ei<\/li>\n<li>Funktiot\n<ul>\n<li>Unimonitori<\/li>\n<li>Sykemittari<\/li>\n<\/ul>\n<\/li>\n<li>Langaton laturi: Kyll\u00e4<\/li>\n<li>Radio FM: Ei<\/li>\n<li>Water resistant: 50 m<\/li>\n<li>Teknologia: OLED<\/li>\n<li>USB-liit\u00e4nt\u00e4: Ei<\/li>\n<li>Includes: Charger<\/li>\n<li>Hihna: Irrotettava<\/li>\n<li>Not included: Mobile network connection<\/li>\n<li>Flash-muisti: 64 Mt<\/li>\n<\/ul>","protected":false},"excerpt":{"rendered":"<p><span class=\"unit-info\">11430.5556 &euro; \/ 1 m<\/span><\/p>","protected":false},"featured_media":105440,"comment_status":"open","ping_status":"closed","template":"","meta":{"_monsterinsights_skip_tracking":false,"_monsterinsights_sitenote_active":false,"_monsterinsights_sitenote_note":"","_monsterinsights_sitenote_category":0,"_joinchat":[]},"product_brand":[],"product_cat":[1328,1329,1330],"product_tag":[1308,1307,1306],"class_list":{"0":"post-105445","1":"product","2":"type-product","3":"status-publish","4":"has-post-thumbnail","6":"product_cat-computers-electronics","7":"product_cat-electronics-phones-tablets","8":"product_cat-smartwatches","9":"product_tag-tag_1261","10":"product_tag-tag_547","11":"product_tag-tag_1295","13":"first","14":"instock","15":"shipping-taxable","16":"purchasable","17":"product-type-simple"},"jetpack_sharing_enabled":true,"_links":{"self":[{"href":"https:\/\/go4shop.eu\/fi\/wp-json\/wp\/v2\/product\/105445","targetHints":{"allow":["GET"]}}],"collection":[{"href":"https:\/\/go4shop.eu\/fi\/wp-json\/wp\/v2\/product"}],"about":[{"href":"https:\/\/go4shop.eu\/fi\/wp-json\/wp\/v2\/types\/product"}],"replies":[{"embeddable":true,"href":"https:\/\/go4shop.eu\/fi\/wp-json\/wp\/v2\/comments?post=105445"}],"wp:featuredmedia":[{"embeddable":true,"href":"https:\/\/go4shop.eu\/fi\/wp-json\/wp\/v2\/media\/105440"}],"wp:attachment":[{"href":"https:\/\/go4shop.eu\/fi\/wp-json\/wp\/v2\/media?parent=105445"}],"wp:term":[{"taxonomy":"product_brand","embeddable":true,"href":"https:\/\/go4shop.eu\/fi\/wp-json\/wp\/v2\/product_brand?post=105445"},{"taxonomy":"product_cat","embeddable":true,"href":"https:\/\/go4shop.eu\/fi\/wp-json\/wp\/v2\/product_cat?post=105445"},{"taxonomy":"product_tag","embeddable":true,"href":"https:\/\/go4shop.eu\/fi\/wp-json\/wp\/v2\/product_tag?post=105445"}],"curies":[{"name":"wp","href":"https:\/\/api.w.org\/{rel}","templated":true}]}}